{"id":10301,"date":"2024-07-04T07:00:39","date_gmt":"2024-07-04T07:00:39","guid":{"rendered":"https:\/\/steam.eus\/?page_id=10301"},"modified":"2024-07-04T07:03:12","modified_gmt":"2024-07-04T07:03:12","slug":"steam-euskadi-topaketak-2023","status":"publish","type":"page","link":"https:\/\/steam.eus\/es\/premios\/steam-euskadi-topaketak-2\/steam-euskadi-topaketak-2023\/","title":{"rendered":"STEAM Euskadi Topaketak 2023"},"content":{"rendered":"<section class=\"l-section wpb_row height_large color_primary\"><div class=\"l-section-overlay\" style=\"background:rgba(0,0,0,0.45)\"><\/div><div class=\"l-section-h i-cf\"><div class=\"g-cols via_flex valign_middle type_default\"><div class=\"vc_col-sm-12 wpb_column vc_column_container\"><div class=\"vc_column-inner\"><div class=\"wpb_wrapper\"><h1 class=\"w-post-elm post_title align_center entry-title color_link_inherit\">STEAM Euskadi Topaketak 2023<\/h1><\/div><\/div><\/div><\/div><\/div><\/section><section class=\"l-section wpb_row height_medium\" id=\"que\"><div class=\"l-section-h i-cf\"><div class=\"g-cols via_flex valign_middle type_default\"><div class=\"vc_col-sm-6 wpb_column vc_column_container\"><div class=\"vc_column-inner\"><div class=\"wpb_wrapper\"><div class=\"wpb_text_column\"><div class=\"wpb_wrapper\"><h2>Experiencias educativas con impacto<\/h2>\n<\/div><\/div><div class=\"wpb_text_column\"><div class=\"wpb_wrapper\"><p><strong>STEAM Euskadi Topaketak 2023<\/strong> ha presentado, a lo largo del mes de octubre, las<strong> 6 iniciativas ganadoras de la 3\u00aa edici\u00f3n de los Premios STEAM Euskadi Sariak<\/strong>.<\/p>\n<p>A trav\u00e9s de 3 sesiones online se han abordado tem\u00e1ticas clave de la educaci\u00f3n STEAM como la integraci\u00f3n de diferentes asignaturas, las metodolog\u00edas activas m\u00e1s adecuadas, la cultura cient\u00edfica y el pensamiento cr\u00edtico, las vocaciones tecnol\u00f3gicas entre las ni\u00f1as o c\u00f3mo incorporar la diversidad en el dise\u00f1o de las actividades para el aula.<\/p>\n<p>Ya tienes a tu disposici\u00f3n las grabaciones y presentaciones de los y las profesionales que lideran estos proyectos educativos.<\/p>\n<\/div><\/div><\/div><\/div><\/div><div class=\"vc_col-sm-6 wpb_column vc_column_container\"><div class=\"vc_column-inner\"><div class=\"wpb_wrapper\"><div class=\"w-image us_custom_8f2ba1f4 us_animate_this align_center\"><div class=\"w-image-h\"><img width=\"1024\" height=\"768\" class=\"attachment-full size-full lazyload\" alt=\"\" sizes=\"(max-width: 1024px) 100vw, 1024px\" data-srcset=\"https:\/\/steam.eus\/wp-content\/uploads\/topaketak-2023.jpg 1024w, https:\/\/steam.eus\/wp-content\/uploads\/topaketak-2023-150x113.jpg 150w, https:\/\/steam.eus\/wp-content\/uploads\/topaketak-2023-300x225.jpg 300w, https:\/\/steam.eus\/wp-content\/uploads\/topaketak-2023-400x300.jpg 400w, https:\/\/steam.eus\/wp-content\/uploads\/topaketak-2023-480x360.jpg 480w, https:\/\/steam.eus\/wp-content\/uploads\/topaketak-2023-550x413.jpg 550w, https:\/\/steam.eus\/wp-content\/uploads\/topaketak-2023-768x576.jpg 768w, https:\/\/steam.eus\/wp-content\/uploads\/topaketak-2023-992x744.jpg 992w\" data-src=\"https:\/\/steam.eus\/wp-content\/uploads\/topaketak-2023.jpg\"><\/div><\/div><\/div><\/div><\/div><\/div><\/div><\/section><section class=\"l-section wpb_row height_medium with_img parallax_ver\"><div class=\"l-section-img\" style=\"background-image: url(https:\/\/steam.eus\/wp-content\/uploads\/imagen-topekata.jpg);\" data-img-width=\"1650\" data-img-height=\"1100\"><\/div><div class=\"l-section-h i-cf\"><div class=\"g-cols via_flex valign_middle type_default\"><div class=\"vc_col-sm-12 wpb_column vc_column_container\"><div class=\"vc_column-inner\"><div class=\"wpb_wrapper\"><div class=\"w-separator size_custom\" style=\"height:400px\"><\/div><\/div><\/div><\/div><\/div><\/div><\/section><section class=\"l-section wpb_row height_medium\" id=\"encuentros\"><div class=\"l-section-h i-cf\"><div class=\"g-cols via_flex valign_top type_default\" style=\"--additional-gap:10px;\"><div class=\"vc_col-sm-4 wpb_column vc_column_container stretched\"><div class=\"vc_column-inner\"><div class=\"wpb_wrapper\"><div class=\"g-cols wpb_row us_custom_a567a53b top-header has_text_color via_flex valign_top type_default\"><div class=\"vc_col-sm-12 wpb_column vc_column_container\"><div class=\"vc_column-inner us_custom_f03ee871\"><div class=\"wpb_wrapper\"><div class=\"wpb_text_column\"><div class=\"wpb_wrapper\"><h2><strong>Encuentros<\/strong><\/h2>\n<\/div><\/div><\/div><\/div><\/div><\/div><\/div><\/div><\/div><div class=\"vc_col-sm-8 wpb_column vc_column_container\"><div class=\"vc_column-inner us_custom_c1c467ae\"><div class=\"wpb_wrapper\"><div class=\"wpb_text_column\"><div class=\"wpb_wrapper\"><p>Estos son los 3 encuentros realizados:<\/p>\n<\/div><\/div><\/div><\/div><\/div><\/div><\/div><\/section><section class=\"l-section wpb_row height_auto\"><div class=\"l-section-h i-cf\"><div class=\"g-cols via_flex valign_top type_default\" style=\"--additional-gap:10px;\"><div class=\"vc_col-sm-4 wpb_column vc_column_container has_bg_color\"><div class=\"vc_column-inner us_custom_0d15be52\"><div class=\"wpb_wrapper\"><div class=\"wpb_text_column us_custom_d1310cba\"><div class=\"wpb_wrapper\"><p>TOPAKETA 1<\/p>\n<\/div><\/div><div class=\"w-hwrapper align_none valign_top\"><div class=\"w-vwrapper us_custom_46ed0ada align_center valign_middle\" style=\"--vwrapper-gap:0rem\"><div class=\"wpb_text_column us_custom_e7950f34 has_text_color\"><div class=\"wpb_wrapper\"><p style=\"text-align: center;\">OCT<\/p>\n<\/div><\/div><div class=\"wpb_text_column us_custom_32b2e827\"><div class=\"wpb_wrapper\"><h2 style=\"text-align: center;\"><strong>4<\/strong><\/h2>\n<\/div><\/div><\/div><div class=\"w-vwrapper align_none valign_top\" style=\"--vwrapper-gap:0\"><div class=\"wpb_text_column\"><div class=\"wpb_wrapper\"><h4><strong>\u00bfC\u00f3mo integrar proyectos STEAM desde el aula?<br>\n<\/strong><\/h4>\n<p>17:00 h. a 18:15 h.<\/p>\n<\/div><\/div><\/div><\/div><div class=\"w-separator size_custom with_line width_default thick_1 style_dashed color_primary align_center\" style=\"height:30px\"><div class=\"w-separator-h\"><\/div><\/div><div class=\"wpb_text_column\"><div class=\"wpb_wrapper\"><p><strong>\u201cZer jan, hura izan\u201d<br>\n<\/strong>IES Botikazar BHI \u2013 (<em>Xabier Monreal Pinillos<\/em>) \u2013 euskera<\/p>\n<p><strong>\u201cGalaxiaren Zaindariak\u201d,<br>\n<\/strong>Etxebarri BHI \u2013 (Ane Leniz Ere\u00f1o) \u2013 euskera<\/p>\n<p><strong>Conduce:<br>\n<\/strong>Maitena Salinas<\/p>\n<\/div><\/div><div class=\"w-separator size_small\"><\/div><div class=\"w-popup align_center\"><div class=\"w-btn-wrapper\"><a class=\"w-popup-trigger type_btn w-btn us-btn-style_10 icon_atleft\" href=\"javascript:void(0)\"><i class=\"fas fa-eye\"><\/i><span class=\"w-btn-label\">Contenido Topaketa 1<\/span><\/a><\/div><div class=\"w-popup-overlay\" style=\"background:rgba(0,0,0,0.85);\"><\/div><div class=\"w-popup-wrap\"><div class=\"w-popup-box animation_fadeIn with_title\" style=\"width:600px;\"><div class=\"w-popup-box-h\"><div class=\"w-popup-box-title\" style=\"color:var(--color-content-heading);background:var(--color-content-bg-alt);\">\u00bfC\u00f3mo integrar proyectos STEAM desde el aula?<\/div><div class=\"w-popup-box-content\" style=\"padding:5%;background:var(--color-content-bg);color:var(--color-content-text);\"><p><iframe loading=\"lazy\" src=\"https:\/\/www.youtube.com\/embed\/z8q3g6-_tco?si=8CT_5BvHHTCjbsaX\" width=\"710\" height=\"400\" frameborder=\"0\" allowfullscreen=\"allowfullscreen\"><span style=\"display: inline-block; width: 0px; overflow: hidden; line-height: 0;\" data-mce-type=\"bookmark\" class=\"mce_SELRES_start\">\ufeff<\/span><span style=\"display: inline-block; width: 0px; overflow: hidden; line-height: 0;\" data-mce-type=\"bookmark\" class=\"mce_SELRES_start\">\ufeff<\/span><\/iframe><\/p>\n<table>\n<tbody>\n<tr>\n<td><strong>\u201cZer jan, hura izan\u201d<\/strong><br>\nIES Botikazar BHI \u2013 <em>(Xabier Monreal Pinillos)<\/em><\/td>\n<td><a href=\"https:\/\/steam.eus\/wp-content\/uploads\/Zer_Jan_Hura_Izan_-1.pdf\" target=\"_blank\" rel=\"noopener noreferrer\"><i class=\"fas fa-file-powerpoint\"><\/i> Pdf<\/a><\/td>\n<\/tr>\n<tr>\n<td><strong>\u201cGalaxiaren Zaindariak\u201d<\/strong><br>\nEtxebarri BHI \u2013 <em>(Ane Leniz Ere\u00f1o)<\/em><\/td>\n<td><a href=\"https:\/\/steam.eus\/wp-content\/uploads\/GalaxiarenZaindariak-1.pdf\" target=\"_blank\" rel=\"noopener noreferrer\"><i class=\"fas fa-file-powerpoint\"><\/i> Pdf<\/a><\/td>\n<\/tr>\n<\/tbody>\n<\/table>\n<\/div><\/div><\/div><div class=\"w-popup-closer\" style=\"background:var(--color-content-bg);color:var(--color-content-text);\"><\/div><\/div><\/div><\/div><\/div><\/div><div class=\"vc_col-sm-4 wpb_column vc_column_container has_bg_color\"><div class=\"vc_column-inner us_custom_0d15be52\"><div class=\"wpb_wrapper\"><div class=\"wpb_text_column us_custom_d1310cba\"><div class=\"wpb_wrapper\"><p>TOPAKETA 2<\/p>\n<\/div><\/div><div class=\"w-hwrapper align_none valign_top\"><div class=\"w-vwrapper us_custom_46ed0ada align_center valign_middle\" style=\"--vwrapper-gap:0rem\"><div class=\"wpb_text_column us_custom_e7950f34 has_text_color\"><div class=\"wpb_wrapper\"><p style=\"text-align: center;\">OCT<\/p>\n<\/div><\/div><div class=\"wpb_text_column us_custom_32b2e827\"><div class=\"wpb_wrapper\"><h2 style=\"text-align: center;\"><strong>11<\/strong><\/h2>\n<\/div><\/div><\/div><div class=\"w-vwrapper align_none valign_top\" style=\"--vwrapper-gap:0\"><div class=\"wpb_text_column\"><div class=\"wpb_wrapper\"><h4><strong>La importancia de los retos en los proyectos STEAM<\/strong><\/h4>\n<p>17:00 h. a 18:15 h.<\/p>\n<\/div><\/div><\/div><\/div><div class=\"w-separator size_custom with_line width_default thick_1 style_dashed color_primary align_center\" style=\"height:30px\"><div class=\"w-separator-h\"><\/div><\/div><div class=\"wpb_text_column\"><div class=\"wpb_wrapper\"><p><strong>\u201cNarradoras y Tejedoras: Activando memorias afectivas con la Realidad Virtual\u201d,<br>\n<\/strong>Calasanz Lanbide Ikastegia \u2013 (Noem\u00ed Fern\u00e1ndez Pastor) \u2013 castellano<\/p>\n<p><strong>\u201cFormula Student Bizkaia\u201d<br>\n<\/strong>UPV\/EHU \u2013 (Javier Corral) \u2013 castellano<\/p>\n<p><strong>Conduce:<br>\n<\/strong>Maitena Salinas<\/p>\n<\/div><\/div><div class=\"w-popup align_center\"><div class=\"w-btn-wrapper\"><a class=\"w-popup-trigger type_btn w-btn us-btn-style_10 icon_atleft\" href=\"javascript:void(0)\"><i class=\"fas fa-eye\"><\/i><span class=\"w-btn-label\">Contenido Topaketa 2<\/span><\/a><\/div><div class=\"w-popup-overlay\" style=\"background:rgba(0,0,0,0.85);\"><\/div><div class=\"w-popup-wrap\"><div class=\"w-popup-box animation_fadeIn with_title\" style=\"width:600px;\"><div class=\"w-popup-box-h\"><div class=\"w-popup-box-title\" style=\"color:var(--color-content-heading);background:var(--color-content-bg-alt);\">\u00bfC\u00f3mo integrar proyectos STEAM desde el aula?<\/div><div class=\"w-popup-box-content\" style=\"padding:5%;background:var(--color-content-bg);color:var(--color-content-text);\"><p><iframe loading=\"lazy\" src=\"https:\/\/www.youtube.com\/embed\/lN0KCqW2DNM?si=nGm2ggv8CjTkkPrT\" width=\"710\" height=\"400\" frameborder=\"0\" allowfullscreen=\"allowfullscreen\"><span style=\"display: inline-block; width: 0px; overflow: hidden; line-height: 0;\" data-mce-type=\"bookmark\" class=\"mce_SELRES_start\">\ufeff<\/span><span style=\"display: inline-block; width: 0px; overflow: hidden; line-height: 0;\" data-mce-type=\"bookmark\" class=\"mce_SELRES_start\">\ufeff<\/span><\/iframe><\/p>\n<table>\n<tbody>\n<tr>\n<td><strong>\u201cNarradoras y Tejedoras: Activando memorias afectivas con la Realidad Virtual\u201d<\/strong><br>\nCalasanz Lanbide Ikastegia \u2013 <em>(Noem\u00ed Fern\u00e1ndez Pastor)<\/em><\/td>\n<td><a href=\"https:\/\/steam.eus\/wp-content\/uploads\/narradoras-tejedoras.pdf\" target=\"_blank\" rel=\"noopener noreferrer\"><i class=\"fas fa-file-powerpoint\"><\/i> Pdf<\/a><\/td>\n<\/tr>\n<tr>\n<td><strong>\u201cFormula Student Bizkaia\u201d<\/strong><br>\nUPV\/EHU \u2013 <em>(Javier Corral)<\/em><\/td>\n<td><a href=\"https:\/\/steam.eus\/wp-content\/uploads\/formula-student.pdf\" target=\"_blank\" rel=\"noopener noreferrer\"><i class=\"fas fa-file-powerpoint\"><\/i> Pdf<\/a><\/td>\n<\/tr>\n<\/tbody>\n<\/table>\n<\/div><\/div><\/div><div class=\"w-popup-closer\" style=\"background:var(--color-content-bg);color:var(--color-content-text);\"><\/div><\/div><\/div><\/div><\/div><\/div><div class=\"vc_col-sm-4 wpb_column vc_column_container has_bg_color\"><div class=\"vc_column-inner us_custom_0d15be52\"><div class=\"wpb_wrapper\"><div class=\"wpb_text_column us_custom_d1310cba\"><div class=\"wpb_wrapper\"><p>TOPAKETA 3<\/p>\n<\/div><\/div><div class=\"w-hwrapper align_none valign_top\"><div class=\"w-vwrapper us_custom_46ed0ada align_center valign_middle\" style=\"--vwrapper-gap:0rem\"><div class=\"wpb_text_column us_custom_e7950f34 has_text_color\"><div class=\"wpb_wrapper\"><p style=\"text-align: center;\">OCT<\/p>\n<\/div><\/div><div class=\"wpb_text_column us_custom_32b2e827\"><div class=\"wpb_wrapper\"><h2 style=\"text-align: center;\"><strong>18<\/strong><\/h2>\n<\/div><\/div><\/div><div class=\"w-vwrapper align_none valign_top\" style=\"--vwrapper-gap:0\"><div class=\"wpb_text_column\"><div class=\"wpb_wrapper\"><h4><strong>\u00bfC\u00f3mo desarrollar la competencia tecnol\u00f3gica en proyectos STEAM?<\/strong><\/h4>\n<p>17:00 h. a 18:15 h.<\/p>\n<\/div><\/div><\/div><\/div><div class=\"w-separator size_custom with_line width_default thick_1 style_dashed color_primary align_center\" style=\"height:30px\"><div class=\"w-separator-h\"><\/div><\/div><div class=\"wpb_text_column\"><div class=\"wpb_wrapper\"><p><strong>\u201cKaixomundua.eus\u201d<br>\n<\/strong>PuntuEus Fundazioa \u2013 (Oier Albizuri y Lorea Arakistain) \u2013 euskera<\/p>\n<p><strong>\u201cFunghi thinking\u201d<br>\n<\/strong>Asociaci\u00f3n para la Innovaci\u00f3n social Gizarte berrikuntzako elkartea Global Shapers Bilbao \u2013 (Egoitz Etxeandia Romero) \u2013 euskera<\/p>\n<p><strong>Conduce:<br>\n<\/strong>Maitena Salinas<\/p>\n<\/div><\/div><div class=\"w-popup align_center\"><div class=\"w-btn-wrapper\"><a class=\"w-popup-trigger type_btn w-btn us-btn-style_10 icon_atleft\" href=\"javascript:void(0)\"><i class=\"fas fa-eye\"><\/i><span class=\"w-btn-label\">Contenido Topaketa 3<\/span><\/a><\/div><div class=\"w-popup-overlay\" style=\"background:rgba(0,0,0,0.85);\"><\/div><div class=\"w-popup-wrap\"><div class=\"w-popup-box animation_fadeIn with_title\" style=\"width:600px;\"><div class=\"w-popup-box-h\"><div class=\"w-popup-box-title\" style=\"color:var(--color-content-heading);background:var(--color-content-bg-alt);\">\u00bfC\u00f3mo integrar proyectos STEAM desde el aula?<\/div><div class=\"w-popup-box-content\" style=\"padding:5%;background:var(--color-content-bg);color:var(--color-content-text);\"><p><iframe loading=\"lazy\" src=\"https:\/\/www.youtube.com\/embed\/cl_6pvbYYGs?si=B6bMwW8IIDxVgsXt\" width=\"710\" height=\"400\" frameborder=\"0\" allowfullscreen=\"allowfullscreen\"><span style=\"display: inline-block; width: 0px; overflow: hidden; line-height: 0;\" data-mce-type=\"bookmark\" class=\"mce_SELRES_start\">\ufeff<\/span><span style=\"display: inline-block; width: 0px; overflow: hidden; line-height: 0;\" data-mce-type=\"bookmark\" class=\"mce_SELRES_start\">\ufeff<\/span><\/iframe><\/p>\n<table>\n<tbody>\n<tr>\n<td><strong>\u201cKaixomundua.eus\u201d<\/strong><br>\nPuntuEus Fundazioa \u2013 <em>(Oier Albizuri y Lorea Arakistain)<\/em><\/td>\n<td><a href=\"https:\/\/steam.eus\/wp-content\/uploads\/Kaixomundua.eus_.pdf\" target=\"_blank\" rel=\"noopener noreferrer\"><i class=\"fas fa-file-powerpoint\"><\/i> Pdf<\/a><\/td>\n<\/tr>\n<tr>\n<td><strong>\u201cFunghi thinking\u201d<\/strong><br>\nAsociaci\u00f3n para la Innovaci\u00f3n social Gizarte berrikuntzako elkartea Global Shapers Bilbao \u2013 <em>(Egoitz Etxeandia Romero)<\/em><\/td>\n<td><a href=\"https:\/\/steam.eus\/wp-content\/uploads\/Funghi-Thinking.pdf\" target=\"_blank\" rel=\"noopener noreferrer\"><i class=\"fas fa-file-powerpoint\"><\/i> Pdf<\/a><\/td>\n<\/tr>\n<\/tbody>\n<\/table>\n<\/div><\/div><\/div><div class=\"w-popup-closer\" style=\"background:var(--color-content-bg);color:var(--color-content-text);\"><\/div><\/div><\/div><\/div><\/div><\/div><\/div><\/div><\/section><section class=\"l-section wpb_row height_auto\"><div class=\"l-section-h i-cf\"><div class=\"g-cols via_flex valign_top type_default\"><div class=\"vc_col-sm-12 wpb_column vc_column_container\"><div class=\"vc_column-inner\"><div class=\"wpb_wrapper\"><div class=\"w-separator size_small\"><\/div><\/div><\/div><\/div><\/div><\/div><\/section><section class=\"l-section wpb_row height_auto\"><div class=\"l-section-h i-cf\"><div class=\"g-cols via_flex valign_top type_default\"><div class=\"vc_col-sm-12 wpb_column vc_column_container has_bg_color\"><div class=\"vc_column-inner us_custom_623ba360\"><div class=\"wpb_wrapper\"><div class=\"wpb_text_column us_custom_d44d8758 has_text_color\"><div class=\"wpb_wrapper\"><h5>Promueve este espacio el <strong>Departamento de Educaci\u00f3n de Gobierno Vasco<\/strong> en colaboraci\u00f3n con <strong>Innobasque-Agencia vasca de la innovaci\u00f3n<\/strong>.<\/h5>\n<\/div><\/div><\/div><\/div><\/div><\/div><\/div><\/section>\n","protected":false},"excerpt":{"rendered":"STEAM Euskadi Topaketak 2023Experiencias educativas con impacto STEAM Euskadi Topaketak 2023 ha presentado, a lo largo del mes de octubre, las 6 iniciativas ganadoras de la 3\u00aa edici\u00f3n de los Premios STEAM Euskadi Sariak. A trav\u00e9s de 3 sesiones online se han abordado tem\u00e1ticas clave de la educaci\u00f3n STEAM como la integraci\u00f3n de diferentes asignaturas,...","protected":false},"author":1,"featured_media":2974,"parent":6858,"menu_order":0,"comment_status":"closed","ping_status":"closed","template":"","meta":{"_acf_changed":false,"footnotes":""},"class_list":["post-10301","page","type-page","status-publish","has-post-thumbnail","hentry"],"acf":[],"yoast_head":"<!-- This site is optimized with the Yoast SEO plugin v24.9 - https:\/\/yoast.com\/wordpress\/plugins\/seo\/ -->\n<title>STEAM Euskadi Topaketak 2023 - Steam Euskadi<\/title>\n<meta name=\"robots\" content=\"index, follow, max-snippet:-1, max-image-preview:large, max-video-preview:-1\" \/>\n<link rel=\"canonical\" href=\"https:\/\/steam.eus\/es\/premios\/steam-euskadi-topaketak-2\/steam-euskadi-topaketak-2023\/\" \/>\n<meta property=\"og:locale\" content=\"es_ES\" \/>\n<meta property=\"og:type\" content=\"article\" \/>\n<meta property=\"og:title\" content=\"STEAM Euskadi Topaketak 2023 - Steam Euskadi\" \/>\n<meta property=\"og:url\" content=\"https:\/\/steam.eus\/es\/premios\/steam-euskadi-topaketak-2\/steam-euskadi-topaketak-2023\/\" \/>\n<meta property=\"og:site_name\" content=\"Steam Euskadi\" \/>\n<meta property=\"article:modified_time\" content=\"2024-07-04T07:03:12+00:00\" \/>\n<meta property=\"og:image\" content=\"https:\/\/steam.eus\/wp-content\/uploads\/2020\/12\/steam-euskadi-topaketak-1.jpg\" \/>\n\t<meta property=\"og:image:width\" content=\"1280\" \/>\n\t<meta property=\"og:image:height\" content=\"420\" \/>\n\t<meta property=\"og:image:type\" content=\"image\/jpeg\" \/>\n<meta name=\"twitter:card\" content=\"summary_large_image\" \/>\n<meta name=\"twitter:label1\" content=\"Tiempo de lectura\" \/>\n\t<meta name=\"twitter:data1\" content=\"3 minutos\" \/>\n<script type=\"application\/ld+json\" class=\"yoast-schema-graph\">{\"@context\":\"https:\/\/schema.org\",\"@graph\":[{\"@type\":\"WebPage\",\"@id\":\"https:\/\/steam.eus\/es\/premios\/steam-euskadi-topaketak-2\/steam-euskadi-topaketak-2023\/\",\"url\":\"https:\/\/steam.eus\/es\/premios\/steam-euskadi-topaketak-2\/steam-euskadi-topaketak-2023\/\",\"name\":\"STEAM Euskadi Topaketak 2023 - Steam Euskadi\",\"isPartOf\":{\"@id\":\"https:\/\/steam.eus\/es\/#website\"},\"primaryImageOfPage\":{\"@id\":\"https:\/\/steam.eus\/es\/premios\/steam-euskadi-topaketak-2\/steam-euskadi-topaketak-2023\/#primaryimage\"},\"image\":{\"@id\":\"https:\/\/steam.eus\/es\/premios\/steam-euskadi-topaketak-2\/steam-euskadi-topaketak-2023\/#primaryimage\"},\"thumbnailUrl\":\"https:\/\/steam.eus\/wp-content\/uploads\/2020\/12\/steam-euskadi-topaketak-1.jpg\",\"datePublished\":\"2024-07-04T07:00:39+00:00\",\"dateModified\":\"2024-07-04T07:03:12+00:00\",\"breadcrumb\":{\"@id\":\"https:\/\/steam.eus\/es\/premios\/steam-euskadi-topaketak-2\/steam-euskadi-topaketak-2023\/#breadcrumb\"},\"inLanguage\":\"es\",\"potentialAction\":[{\"@type\":\"ReadAction\",\"target\":[\"https:\/\/steam.eus\/es\/premios\/steam-euskadi-topaketak-2\/steam-euskadi-topaketak-2023\/\"]}]},{\"@type\":\"ImageObject\",\"inLanguage\":\"es\",\"@id\":\"https:\/\/steam.eus\/es\/premios\/steam-euskadi-topaketak-2\/steam-euskadi-topaketak-2023\/#primaryimage\",\"url\":\"https:\/\/steam.eus\/wp-content\/uploads\/2020\/12\/steam-euskadi-topaketak-1.jpg\",\"contentUrl\":\"https:\/\/steam.eus\/wp-content\/uploads\/2020\/12\/steam-euskadi-topaketak-1.jpg\",\"width\":1280,\"height\":420},{\"@type\":\"BreadcrumbList\",\"@id\":\"https:\/\/steam.eus\/es\/premios\/steam-euskadi-topaketak-2\/steam-euskadi-topaketak-2023\/#breadcrumb\",\"itemListElement\":[{\"@type\":\"ListItem\",\"position\":1,\"name\":\"Premios\",\"item\":\"https:\/\/steam.eus\/es\/premios\/\"},{\"@type\":\"ListItem\",\"position\":2,\"name\":\"STEAM Euskadi Topaketak\",\"item\":\"https:\/\/steam.eus\/es\/premios\/steam-euskadi-topaketak-2\/\"},{\"@type\":\"ListItem\",\"position\":3,\"name\":\"STEAM Euskadi Topaketak 2023\"}]},{\"@type\":\"WebSite\",\"@id\":\"https:\/\/steam.eus\/es\/#website\",\"url\":\"https:\/\/steam.eus\/es\/\",\"name\":\"Steam Euskadi\",\"description\":\"\",\"potentialAction\":[{\"@type\":\"SearchAction\",\"target\":{\"@type\":\"EntryPoint\",\"urlTemplate\":\"https:\/\/steam.eus\/es\/?s={search_term_string}\"},\"query-input\":{\"@type\":\"PropertyValueSpecification\",\"valueRequired\":true,\"valueName\":\"search_term_string\"}}],\"inLanguage\":\"es\"}]}<\/script>\n<!-- \/ Yoast SEO plugin. -->","yoast_head_json":{"title":"STEAM Euskadi Topaketak 2023 - Steam Euskadi","robots":{"index":"index","follow":"follow","max-snippet":"max-snippet:-1","max-image-preview":"max-image-preview:large","max-video-preview":"max-video-preview:-1"},"canonical":"https:\/\/steam.eus\/es\/premios\/steam-euskadi-topaketak-2\/steam-euskadi-topaketak-2023\/","og_locale":"es_ES","og_type":"article","og_title":"STEAM Euskadi Topaketak 2023 - Steam Euskadi","og_url":"https:\/\/steam.eus\/es\/premios\/steam-euskadi-topaketak-2\/steam-euskadi-topaketak-2023\/","og_site_name":"Steam Euskadi","article_modified_time":"2024-07-04T07:03:12+00:00","og_image":[{"width":1280,"height":420,"url":"https:\/\/steam.eus\/wp-content\/uploads\/2020\/12\/steam-euskadi-topaketak-1.jpg","type":"image\/jpeg"}],"twitter_card":"summary_large_image","twitter_misc":{"Tiempo de lectura":"3 minutos"},"schema":{"@context":"https:\/\/schema.org","@graph":[{"@type":"WebPage","@id":"https:\/\/steam.eus\/es\/premios\/steam-euskadi-topaketak-2\/steam-euskadi-topaketak-2023\/","url":"https:\/\/steam.eus\/es\/premios\/steam-euskadi-topaketak-2\/steam-euskadi-topaketak-2023\/","name":"STEAM Euskadi Topaketak 2023 - Steam Euskadi","isPartOf":{"@id":"https:\/\/steam.eus\/es\/#website"},"primaryImageOfPage":{"@id":"https:\/\/steam.eus\/es\/premios\/steam-euskadi-topaketak-2\/steam-euskadi-topaketak-2023\/#primaryimage"},"image":{"@id":"https:\/\/steam.eus\/es\/premios\/steam-euskadi-topaketak-2\/steam-euskadi-topaketak-2023\/#primaryimage"},"thumbnailUrl":"https:\/\/steam.eus\/wp-content\/uploads\/2020\/12\/steam-euskadi-topaketak-1.jpg","datePublished":"2024-07-04T07:00:39+00:00","dateModified":"2024-07-04T07:03:12+00:00","breadcrumb":{"@id":"https:\/\/steam.eus\/es\/premios\/steam-euskadi-topaketak-2\/steam-euskadi-topaketak-2023\/#breadcrumb"},"inLanguage":"es","potentialAction":[{"@type":"ReadAction","target":["https:\/\/steam.eus\/es\/premios\/steam-euskadi-topaketak-2\/steam-euskadi-topaketak-2023\/"]}]},{"@type":"ImageObject","inLanguage":"es","@id":"https:\/\/steam.eus\/es\/premios\/steam-euskadi-topaketak-2\/steam-euskadi-topaketak-2023\/#primaryimage","url":"https:\/\/steam.eus\/wp-content\/uploads\/2020\/12\/steam-euskadi-topaketak-1.jpg","contentUrl":"https:\/\/steam.eus\/wp-content\/uploads\/2020\/12\/steam-euskadi-topaketak-1.jpg","width":1280,"height":420},{"@type":"BreadcrumbList","@id":"https:\/\/steam.eus\/es\/premios\/steam-euskadi-topaketak-2\/steam-euskadi-topaketak-2023\/#breadcrumb","itemListElement":[{"@type":"ListItem","position":1,"name":"Premios","item":"https:\/\/steam.eus\/es\/premios\/"},{"@type":"ListItem","position":2,"name":"STEAM Euskadi Topaketak","item":"https:\/\/steam.eus\/es\/premios\/steam-euskadi-topaketak-2\/"},{"@type":"ListItem","position":3,"name":"STEAM Euskadi Topaketak 2023"}]},{"@type":"WebSite","@id":"https:\/\/steam.eus\/es\/#website","url":"https:\/\/steam.eus\/es\/","name":"Steam Euskadi","description":"","potentialAction":[{"@type":"SearchAction","target":{"@type":"EntryPoint","urlTemplate":"https:\/\/steam.eus\/es\/?s={search_term_string}"},"query-input":{"@type":"PropertyValueSpecification","valueRequired":true,"valueName":"search_term_string"}}],"inLanguage":"es"}]}},"_links":{"self":[{"href":"https:\/\/steam.eus\/es\/wp-json\/wp\/v2\/pages\/10301","targetHints":{"allow":["GET"]}}],"collection":[{"href":"https:\/\/steam.eus\/es\/wp-json\/wp\/v2\/pages"}],"about":[{"href":"https:\/\/steam.eus\/es\/wp-json\/wp\/v2\/types\/page"}],"author":[{"embeddable":true,"href":"https:\/\/steam.eus\/es\/wp-json\/wp\/v2\/users\/1"}],"replies":[{"embeddable":true,"href":"https:\/\/steam.eus\/es\/wp-json\/wp\/v2\/comments?post=10301"}],"version-history":[{"count":2,"href":"https:\/\/steam.eus\/es\/wp-json\/wp\/v2\/pages\/10301\/revisions"}],"predecessor-version":[{"id":10304,"href":"https:\/\/steam.eus\/es\/wp-json\/wp\/v2\/pages\/10301\/revisions\/10304"}],"up":[{"embeddable":true,"href":"https:\/\/steam.eus\/es\/wp-json\/wp\/v2\/pages\/6858"}],"wp:featuredmedia":[{"embeddable":true,"href":"https:\/\/steam.eus\/es\/wp-json\/wp\/v2\/media\/2974"}],"wp:attachment":[{"href":"https:\/\/steam.eus\/es\/wp-json\/wp\/v2\/media?parent=10301"}],"curies":[{"name":"wp","href":"https:\/\/api.w.org\/{rel}","templated":true}]}}