{"id":10683,"date":"2025-02-25T16:28:01","date_gmt":"2025-02-25T16:28:01","guid":{"rendered":"https:\/\/steam.eus\/?page_id=10683"},"modified":"2025-05-09T07:29:21","modified_gmt":"2025-05-09T07:29:21","slug":"para-entidades-y-profesionales-stem","status":"publish","type":"page","link":"https:\/\/steam.eus\/es\/orientacion-profesional\/programa-etorkizuna-argitzen\/para-entidades-y-profesionales-stem\/","title":{"rendered":"Para entidades y profesionales STEM"},"content":{"rendered":"<section class=\"l-section wpb_row height_large color_primary\"><div class=\"l-section-overlay\" style=\"background:rgba(0,0,0,0.45)\"><\/div><div class=\"l-section-h i-cf\"><div class=\"g-cols via_flex valign_middle type_default\"><div class=\"vc_col-sm-12 wpb_column vc_column_container\"><div class=\"vc_column-inner\"><div class=\"wpb_wrapper\"><h1 class=\"w-post-elm post_title align_center entry-title color_link_inherit\">Para entidades y profesionales STEM<\/h1><\/div><\/div><\/div><\/div><\/div><\/section><section class=\"l-section wpb_row height_small\"><div class=\"l-section-h i-cf\"><div class=\"g-cols via_flex valign_top type_default\"><div class=\"vc_col-sm-12 wpb_column vc_column_container\"><div class=\"vc_column-inner\"><div class=\"wpb_wrapper\"><div class=\"wpb_text_column us_custom_4340e7cf\"><div class=\"wpb_wrapper\"><p>La orientaci\u00f3n profesional de las y los j\u00f3venes necesita profesionales STEM que les ayuden a descubrir estos \u00e1mbitos profesionales, que den a conocer sus profesiones y compartan su trayectoria profesional y vital. Referentes del entorno con quienes poder compartir sus dudas e inquietudes. Por eso:<\/p>\n<ul>\n<li><strong>Si eres una entidad<\/strong>, te invitamos a participar en GALAXIA y a poner a disposici\u00f3n de los centros educativos perfiles profesionales que acerquen vuestra actividad al alumnado.<a href=\"#\"><strong> Escr\u00edbenos y te contaremos c\u00f3mo participar.<\/strong><\/a><\/li>\n<\/ul>\n<ul>\n<li><strong>Si eres un o una profesional STEM,<\/strong> inscr\u00edbete y ay\u00fadanos a fomentar el inter\u00e9s por las profesiones STEM.<\/li>\n<\/ul>\n<\/div><\/div><div class=\"g-cols wpb_row via_flex valign_top type_default\"><div class=\"vc_col-sm-4 wpb_column vc_column_container\"><div class=\"vc_column-inner\"><div class=\"wpb_wrapper\"><\/div><\/div><\/div><div class=\"vc_col-sm-4 wpb_column vc_column_container\"><div class=\"vc_column-inner us_custom_b48b2d62\"><div class=\"wpb_wrapper\"><div class=\"wpb_text_column us_custom_4340e7cf\"><div class=\"wpb_wrapper\"><p><a class=\"botonSello\" href=\"https:\/\/profesionales.steam.eus\/iprograma\/\" target=\"_blank\" rel=\"noopener\"><strong>Inscr\u00edbete y prep\u00e1rate para ir al aula<\/strong><\/a><\/p>\n<\/div><\/div><\/div><\/div><\/div><div class=\"vc_col-sm-4 wpb_column vc_column_container\"><div class=\"vc_column-inner\"><div class=\"wpb_wrapper\"><\/div><\/div><\/div><\/div><div class=\"wpb_text_column us_custom_100d1e64\"><div class=\"wpb_wrapper\"><h3><strong>Sesiones informativas para conocer el programa.<\/strong><\/h3>\n<div>Sesi\u00f3n 1: <strong>No hay sesiones programadas.<\/strong><\/div>\n<div>Sesi\u00f3n 2: <strong>No hay sesiones programadas.<\/strong><\/div>\n<\/div><\/div><\/div><\/div><\/div><\/div><\/div><\/section><section class=\"l-section wpb_row height_small type_sticky\" id=\"botonescentros\"><div class=\"l-section-h i-cf\"><div class=\"g-cols via_flex valign_top type_default\"><div class=\"vc_col-sm-12 wpb_column vc_column_container\"><div class=\"vc_column-inner\"><div class=\"wpb_wrapper\"><div class=\"g-cols wpb_row us_custom_f7ee3454 via_flex valign_middle type_default\" style=\"--additional-gap:1px;\"><div class=\"vc_col-sm-1\/5 wpb_column vc_column_container\"><div class=\"vc_column-inner us_custom_821ea863\"><div class=\"wpb_wrapper\"><div class=\"w-html\"><div class=\"megabotonGalaxia p-1\"><\/div><\/div><\/div><\/div><\/div><div class=\"vc_col-sm-1\/5 wpb_column vc_column_container\"><div class=\"vc_column-inner us_custom_821ea863\"><div class=\"wpb_wrapper\"><div class=\"w-html\"><a href=\"#participar\" class=\"megabotonGalaxia\" data-scrollto=\"#participar\" data-scrollminus=\"120\">\u00bfC\u00f3mo participar?<\/a><\/div><\/div><\/div><\/div><div class=\"vc_col-sm-1\/5 wpb_column vc_column_container\"><div class=\"vc_column-inner us_custom_821ea863\"><div class=\"wpb_wrapper\"><div class=\"w-html\"><a href=\"#recursos\" class=\"megabotonGalaxia\" data-scrollto=\"#recursos\" data-scrollminus=\"120\">Formaci\u00f3n<\/a><\/div><\/div><\/div><\/div><div class=\"vc_col-sm-1\/5 wpb_column vc_column_container\"><div class=\"vc_column-inner us_custom_821ea863\"><div class=\"wpb_wrapper\"><div class=\"w-html\"><a href=\"#catalogo\" class=\"megabotonGalaxia\" data-scrollto=\"#catalogo\" data-scrollminus=\"10\">Plataforma Galaxia<\/a><\/div><\/div><\/div><\/div><div class=\"vc_col-sm-1\/5 wpb_column vc_column_container\"><div class=\"vc_column-inner us_custom_821ea863\"><div class=\"wpb_wrapper\"><div class=\"w-html\"><div class=\"megabotonGalaxia p-1\"><\/div><\/div><\/div><\/div><\/div><\/div><\/div><\/div><\/div><\/div><\/div><\/section><section class=\"l-section wpb_row height_small\" id=\"centros\"><div class=\"l-section-h i-cf\"><div class=\"g-cols via_flex valign_top type_default\"><div class=\"vc_col-sm-12 wpb_column vc_column_container\"><div class=\"vc_column-inner\"><div class=\"wpb_wrapper\"><div class=\"wpb_text_column us_custom_4cfb87d6\" id=\"participar\"><div class=\"wpb_wrapper\"><h2><strong>PARTICIPAR COMO ENTIDAD O PROFESIONAL STEM<\/strong><\/h2>\n<\/div><\/div><div class=\"wpb_text_column\"><div class=\"wpb_wrapper\"><p>\u00bfQu\u00e9 tengo que hacer si quiero que mi entidad participe en GALAXIA? \u00bfY si soy un o una profesional STEM? \u00bfQu\u00e9 implica participar en el programa? \u00bfQu\u00e9 hay que hacer y cu\u00e1ndo?<br>\nLas respuestas est\u00e1n <a href=\"https:\/\/steam.eus\/wp-content\/uploads\/GALAXIA_participar-como-profesional.pdf\" target=\"_blank\" rel=\"noopener\"><strong>en este documento<\/strong><\/a>.<\/p>\n<p>Si tienes cualquier duda, escr\u00edbenos a\u00a0 <strong><a href=\"mailto:etorkizuna-argitzen@deusto.eus\">etorkizuna-argitzen@deusto.eus<\/a><\/strong><\/p>\n<p>Para participar en cualquier iniciativa de STEAM Sare, es importante que leas e interiorices nuestro <a href=\"https:\/\/steam.eus\/wp-content\/uploads\/Anexo-2_Codigo-de-conducta.pdf\" target=\"_blank\" rel=\"noopener\"><strong>C\u00f3digo de Conducta.<\/strong><\/a><\/p>\n<\/div><\/div><div class=\"g-cols wpb_row via_flex valign_top type_default\"><div class=\"vc_col-sm-6 wpb_column vc_column_container\"><div class=\"vc_column-inner\"><div class=\"wpb_wrapper\"><div class=\"w-image us_custom_97ba81ad style_outlined align_center\"><a href=\"https:\/\/steam.eus\/wp-content\/uploads\/GALAXIA_proceso-1-1.jpg\" ref=\"magnificPopup\" aria-label=\"Enlace\" class=\"w-image-h\"><img width=\"1140\" height=\"820\" class=\"attachment-full size-full lazyload\" alt=\"\" sizes=\"(max-width: 1140px) 100vw, 1140px\" data-srcset=\"https:\/\/steam.eus\/wp-content\/uploads\/GALAXIA_proceso-1-1.jpg 1140w, https:\/\/steam.eus\/wp-content\/uploads\/GALAXIA_proceso-1-1-150x108.jpg 150w, https:\/\/steam.eus\/wp-content\/uploads\/GALAXIA_proceso-1-1-300x216.jpg 300w, https:\/\/steam.eus\/wp-content\/uploads\/GALAXIA_proceso-1-1-400x288.jpg 400w, https:\/\/steam.eus\/wp-content\/uploads\/GALAXIA_proceso-1-1-480x345.jpg 480w, https:\/\/steam.eus\/wp-content\/uploads\/GALAXIA_proceso-1-1-550x396.jpg 550w, https:\/\/steam.eus\/wp-content\/uploads\/GALAXIA_proceso-1-1-768x552.jpg 768w, https:\/\/steam.eus\/wp-content\/uploads\/GALAXIA_proceso-1-1-992x714.jpg 992w\" data-src=\"https:\/\/steam.eus\/wp-content\/uploads\/GALAXIA_proceso-1-1.jpg\"><\/a><\/div><\/div><\/div><\/div><div class=\"vc_col-sm-6 wpb_column vc_column_container\"><div class=\"vc_column-inner\"><div class=\"wpb_wrapper\"><div class=\"w-image us_custom_1153e2dc style_outlined align_center\"><a href=\"https:\/\/steam.eus\/wp-content\/uploads\/GALAXIA_proceso-2-3.jpg\" ref=\"magnificPopup\" aria-label=\"Enlace\" class=\"w-image-h\"><img width=\"1200\" height=\"1280\" class=\"attachment-full size-full lazyload\" alt=\"\" sizes=\"(max-width: 1200px) 100vw, 1200px\" data-srcset=\"https:\/\/steam.eus\/wp-content\/uploads\/GALAXIA_proceso-2-3.jpg 1200w, https:\/\/steam.eus\/wp-content\/uploads\/GALAXIA_proceso-2-3-150x160.jpg 150w, https:\/\/steam.eus\/wp-content\/uploads\/GALAXIA_proceso-2-3-300x320.jpg 300w, https:\/\/steam.eus\/wp-content\/uploads\/GALAXIA_proceso-2-3-400x427.jpg 400w, https:\/\/steam.eus\/wp-content\/uploads\/GALAXIA_proceso-2-3-480x512.jpg 480w, https:\/\/steam.eus\/wp-content\/uploads\/GALAXIA_proceso-2-3-550x587.jpg 550w, https:\/\/steam.eus\/wp-content\/uploads\/GALAXIA_proceso-2-3-768x819.jpg 768w, https:\/\/steam.eus\/wp-content\/uploads\/GALAXIA_proceso-2-3-992x1058.jpg 992w\" data-src=\"https:\/\/steam.eus\/wp-content\/uploads\/GALAXIA_proceso-2-3.jpg\"><\/a><\/div><\/div><\/div><\/div><\/div><div class=\"w-separator size_medium with_line width_default thick_1 style_solid color_border align_center\"><div class=\"w-separator-h\"><\/div><\/div><div class=\"wpb_text_column us_custom_4cfb87d6\" id=\"recursos\"><div class=\"wpb_wrapper\"><h2><strong>FORMACI\u00d3N PARA PROFESIONALES STEM<\/strong><\/h2>\n<\/div><\/div><div class=\"wpb_text_column us_custom_100d1e64\"><div class=\"wpb_wrapper\"><p>Si ya te has inscrito a <strong>GALAXIA<\/strong>, hemos preparado esta formaci\u00f3n para antes de que acudas al aula:<\/p>\n<h3><strong>Paso 1: Sesi\u00f3n formativa inicial.<\/strong><\/h3>\n<p>En ella te explicaremos los objetivos y metodolog\u00eda del programa, los recursos que hemos preparado para tu formaci\u00f3n y resolveremos cualquier duda que puedas tener.<\/p>\n<div>Primera edici\u00f3n: <strong>No hay sesiones programadas.<\/strong><\/div>\n<div>Segunda edici\u00f3n: <strong>No hay sesiones programadas.<\/strong><\/div>\n<\/div><\/div><div class=\"wpb_text_column us_custom_100d1e64\"><div class=\"wpb_wrapper\"><h3><strong>Paso 2: P\u00edldoras formativas para ser buen referente STEM en el aula.<\/strong><\/h3>\n<p>Hemos preparado unos v\u00eddeos con claves para compartir en el aula con las chicas y chicos que desean conocer y descubrir las profesiones STEM.<\/p>\n<\/div><\/div><div class=\"wpb_text_column us_custom_100d1e64\"><div class=\"wpb_wrapper\"><table class=\"tablactividad\" border=\"0\" width=\"100%\" cellspacing=\"0\" cellpadding=\"0\">\n<tbody>\n<tr>\n<td>1<\/td>\n<td>\n<h4>Introducci\u00f3n<\/h4>\n<p><strong>4:23\u2033<\/strong><br>\nObjetivos del programa, a qui\u00e9n va dirigido y recursos para la formaci\u00f3n como profesional STEM.<br>\n<a class=\"btn btn-outline\" title=\"descargar\" href=\"https:\/\/youtu.be\/cwKZbkymafY?si=jmA2BA0xUHwLBjd3\" target=\"_blank\" rel=\"noopener\"><i class=\"fa-solid fa-file-video fa-2x mr-2\"><\/i>Ver v\u00eddeo<\/a> <a class=\"btn btn-outline\" title=\"descargar\" href=\"https:\/\/steam.eus\/wp-content\/uploads\/GALAXIA_profesionales_1-Introduccion.pdf\" target=\"_blank\" rel=\"noopener\"><i class=\"fa-solid fa-file-pdf fa-2x mr-2\"><\/i>Descargar material de apoyo<\/a><\/p><\/td>\n<\/tr>\n<tr>\n<td>2<\/td>\n<td>\n<h4>Claves para ser buen referente STEM<\/h4>\n<p><strong>24:18\u2033<\/strong><br>\nContexto, qu\u00e9 ocurre en la escuela, factores que influyen y algunas claves para ser buen referente STEM en el aula.<br>\n<a class=\"btn btn-outline\" title=\"descargar\" href=\"https:\/\/youtu.be\/NesWGYgA7nM?si=eYi-XqbmGQAWYyHB\" target=\"_blank\" rel=\"noopener\"><i class=\"fa-solid fa-file-video fa-2x mr-2\"><\/i>Ver v\u00eddeo<\/a> <a class=\"btn btn-outline\" title=\"descargar\" href=\"https:\/\/steam.eus\/wp-content\/uploads\/GALAXIA_profesionales_2-Buen-referente-STEM.pdf\" target=\"_blank\" rel=\"noopener\"><i class=\"fa-solid fa-file-pdf fa-2x mr-2\"><\/i>Descargar material de apoyo<\/a><\/p><\/td>\n<\/tr>\n<tr>\n<td>3<\/td>\n<td>\n<h4>Igualdad y g\u00e9nero en el \u00e1mbito STEM<\/h4>\n<p><strong>16:55\u2033 + 17:00\u2033<\/strong><br>\nAbordamos cuestiones relacionadas con el g\u00e9nero y la igualdad en las \u00e1reas STEM.<br>\n<a class=\"btn btn-outline\" title=\"descargar\" href=\"https:\/\/youtu.be\/LrC2_yKqZho?si=bCrIkW6yK9oCDgg3\" target=\"_blank\" rel=\"noopener\"><i class=\"fa-solid fa-file-video fa-2x mr-2\"><\/i>Ver v\u00eddeo 1<\/a> <a class=\"btn btn-outline\" title=\"descargar\" href=\"https:\/\/youtu.be\/3A_GQbPHqic?si=W1mYm83yztVX57ve\" target=\"_blank\" rel=\"noopener\"><i class=\"fa-solid fa-file-video fa-2x mr-2\"><\/i>Descargar v\u00eddeo 2<\/a> <a class=\"btn btn-outline\" title=\"descargar\" href=\"https:\/\/steam.eus\/wp-content\/uploads\/GALAXIA_profesionales_3-STEM-y-genero.pdf\" target=\"_blank\" rel=\"noopener\"><i class=\"fa-solid fa-file-pdf fa-2x mr-2\"><\/i>Descargar material de apoyo<\/a><\/p><\/td>\n<\/tr>\n<tr>\n<td>4<\/td>\n<td>\n<h4>Actividades en el aula<\/h4>\n<p><strong>7:46\u2033<\/strong><br>\nSe explican, brevemente, las actividades de orientaci\u00f3n en las que puedes participar como profesional STEM en el centro.<br>\n<a class=\"btn btn-outline\" title=\"descargar\" href=\"https:\/\/youtu.be\/xuNew0GsFks?si=aGxrGL5Vd4UN3qN0\" target=\"_blank\" rel=\"noopener\"><i class=\"fa-solid fa-file-video fa-2x mr-2\"><\/i>Ver v\u00eddeo<\/a> <a class=\"btn btn-outline\" title=\"descargar\" href=\"https:\/\/steam.eus\/wp-content\/uploads\/GALAXIA_profesionales_4-Actividades.pdf\" target=\"_blank\" rel=\"noopener\"><i class=\"fa-solid fa-file-pdf fa-2x mr-2\"><\/i>Descargar material de apoyo<\/a><\/p><\/td>\n<\/tr>\n<\/tbody>\n<\/table>\n<\/div><\/div><div class=\"wpb_text_column us_custom_100d1e64\"><div class=\"wpb_wrapper\"><\/div><\/div><div class=\"wpb_text_column us_custom_100d1e64\"><div class=\"wpb_wrapper\"><h3><strong>Paso 3: Sesi\u00f3n de reflexi\u00f3n y dudas.<\/strong><\/h3>\n<div>En ella reflexionaremos sobre la formaci\u00f3n realizada y resolveremos cualquier duda que pod\u00e1is tener.<\/div>\n<div>Primera edici\u00f3n: <strong>29 de abril, martes, 13:00 \u2013 13:45<\/strong><\/div>\n<div>Segunda edici\u00f3n: <strong>20 de mayo, martes, 13:00 \u2013 13:45<\/strong><\/div>\n<div><\/div>\n<div>Formaci\u00f3n en castellano:\u00a0 <strong><a href=\"https:\/\/meet.google.com\/eju-pvtq-vaa\" target=\"_blank\" rel=\"noopener\">https:\/\/meet.google.com\/eju-pvtq-vaa<\/a><\/strong><\/div>\n<\/div><\/div><div class=\"w-separator size_medium with_line width_default thick_1 style_solid color_border align_center\"><div class=\"w-separator-h\"><\/div><\/div><div class=\"wpb_text_column us_custom_4cfb87d6\" id=\"catalogo\"><div class=\"wpb_wrapper\"><h2><strong>PLATAFORMA GALAXIA<\/strong><\/h2>\n<\/div><\/div><div class=\"wpb_text_column\"><div class=\"wpb_wrapper\"><p>La plataforma Galaxia te ayudar\u00e1 a descubrir los \u00e1mbitos profesionales STEM. \u00a1Disfruta la aventura!<\/p>\n<\/div><\/div><div class=\"wpb_text_column us_custom_100d1e64\"><div class=\"wpb_wrapper\"><p><a href=\"https:\/\/galaxia.steam.eus\/\" target=\"_blank\" rel=\"noopener\"><img class=\"alignnone wp-image-11907 size-size_400 lazyload\" alt=\"\" width=\"400\" height=\"225\" sizes=\"(max-width: 400px) 100vw, 400px\" data-srcset=\"https:\/\/steam.eus\/wp-content\/uploads\/galaxia-400x225.jpg 400w, https:\/\/steam.eus\/wp-content\/uploads\/galaxia-150x84.jpg 150w, https:\/\/steam.eus\/wp-content\/uploads\/galaxia-300x169.jpg 300w, https:\/\/steam.eus\/wp-content\/uploads\/galaxia-480x270.jpg 480w, https:\/\/steam.eus\/wp-content\/uploads\/galaxia-550x309.jpg 550w, https:\/\/steam.eus\/wp-content\/uploads\/galaxia-768x432.jpg 768w, https:\/\/steam.eus\/wp-content\/uploads\/galaxia.jpg 800w\" data-src=\"https:\/\/steam.eus\/wp-content\/uploads\/galaxia-400x225.jpg\" srcset=\"https:\/\/steam.eus\/wp-content\/uploads\/galaxia-400x225.jpg 400w, https:\/\/steam.eus\/wp-content\/uploads\/galaxia-150x84.jpg 150w, https:\/\/steam.eus\/wp-content\/uploads\/galaxia-300x169.jpg 300w, https:\/\/steam.eus\/wp-content\/uploads\/galaxia-480x270.jpg 480w, https:\/\/steam.eus\/wp-content\/uploads\/galaxia-550x309.jpg 550w, https:\/\/steam.eus\/wp-content\/uploads\/galaxia-768x432.jpg 768w, https:\/\/steam.eus\/wp-content\/uploads\/galaxia.jpg 800w\" \/><\/a><\/p>\n<\/div><\/div><\/div><\/div><\/div><\/div><\/div><\/section><section class=\"l-section wpb_row us_custom_0912f6b5 height_medium\"><div class=\"l-section-h i-cf\"><div class=\"g-cols via_flex valign_top type_default\"><div class=\"vc_col-sm-12 wpb_column vc_column_container\"><div class=\"vc_column-inner\"><div class=\"wpb_wrapper\"><div class=\"w-image align_none\"><div class=\"w-image-h\"><img width=\"1200\" height=\"150\" class=\"attachment-full size-full lazyload\" alt=\"\" sizes=\"(max-width: 1200px) 100vw, 1200px\" data-srcset=\"https:\/\/steam.eus\/wp-content\/uploads\/logos-etorkizuna.jpg 1200w, https:\/\/steam.eus\/wp-content\/uploads\/logos-etorkizuna-150x19.jpg 150w, https:\/\/steam.eus\/wp-content\/uploads\/logos-etorkizuna-300x38.jpg 300w, https:\/\/steam.eus\/wp-content\/uploads\/logos-etorkizuna-400x50.jpg 400w, https:\/\/steam.eus\/wp-content\/uploads\/logos-etorkizuna-480x60.jpg 480w, https:\/\/steam.eus\/wp-content\/uploads\/logos-etorkizuna-550x69.jpg 550w, https:\/\/steam.eus\/wp-content\/uploads\/logos-etorkizuna-768x96.jpg 768w, https:\/\/steam.eus\/wp-content\/uploads\/logos-etorkizuna-992x124.jpg 992w\" data-src=\"https:\/\/steam.eus\/wp-content\/uploads\/logos-etorkizuna.jpg\"><\/div><\/div><\/div><\/div><\/div><\/div><\/div><\/section>\n","protected":false},"excerpt":{"rendered":"Para entidades y profesionales STEMLa orientaci\u00f3n profesional de las y los j\u00f3venes necesita profesionales STEM que les ayuden a descubrir estos \u00e1mbitos profesionales, que den a conocer sus profesiones y compartan su trayectoria profesional y vital. Referentes del entorno con quienes poder compartir sus dudas e inquietudes. Por eso: Si eres una entidad, te invitamos...","protected":false},"author":1,"featured_media":10725,"parent":9728,"menu_order":5,"comment_status":"closed","ping_status":"closed","template":"","meta":{"_acf_changed":false,"footnotes":""},"class_list":["post-10683","page","type-page","status-publish","has-post-thumbnail","hentry"],"acf":[],"yoast_head":"<!-- This site is optimized with the Yoast SEO plugin v24.9 - https:\/\/yoast.com\/wordpress\/plugins\/seo\/ -->\n<title>Para entidades y profesionales STEM - Steam Euskadi<\/title>\n<meta name=\"robots\" content=\"index, follow, max-snippet:-1, max-image-preview:large, max-video-preview:-1\" \/>\n<link rel=\"canonical\" href=\"https:\/\/steam.eus\/es\/orientacion-profesional\/programa-etorkizuna-argitzen\/para-entidades-y-profesionales-stem\/\" \/>\n<meta property=\"og:locale\" content=\"es_ES\" \/>\n<meta property=\"og:type\" content=\"article\" \/>\n<meta property=\"og:title\" content=\"Para entidades y profesionales STEM - Steam Euskadi\" \/>\n<meta property=\"og:url\" content=\"https:\/\/steam.eus\/es\/orientacion-profesional\/programa-etorkizuna-argitzen\/para-entidades-y-profesionales-stem\/\" \/>\n<meta property=\"og:site_name\" content=\"Steam Euskadi\" \/>\n<meta property=\"article:modified_time\" content=\"2025-05-09T07:29:21+00:00\" \/>\n<meta property=\"og:image\" content=\"https:\/\/steam.eus\/wp-content\/uploads\/cabeceras-entidades.jpg\" \/>\n\t<meta property=\"og:image:width\" content=\"1850\" \/>\n\t<meta property=\"og:image:height\" content=\"650\" \/>\n\t<meta property=\"og:image:type\" content=\"image\/jpeg\" \/>\n<meta name=\"twitter:card\" content=\"summary_large_image\" \/>\n<meta name=\"twitter:label1\" content=\"Tiempo de lectura\" \/>\n\t<meta name=\"twitter:data1\" content=\"3 minutos\" \/>\n<script type=\"application\/ld+json\" class=\"yoast-schema-graph\">{\"@context\":\"https:\/\/schema.org\",\"@graph\":[{\"@type\":\"WebPage\",\"@id\":\"https:\/\/steam.eus\/es\/orientacion-profesional\/programa-etorkizuna-argitzen\/para-entidades-y-profesionales-stem\/\",\"url\":\"https:\/\/steam.eus\/es\/orientacion-profesional\/programa-etorkizuna-argitzen\/para-entidades-y-profesionales-stem\/\",\"name\":\"Para entidades y profesionales STEM - Steam Euskadi\",\"isPartOf\":{\"@id\":\"https:\/\/steam.eus\/es\/#website\"},\"primaryImageOfPage\":{\"@id\":\"https:\/\/steam.eus\/es\/orientacion-profesional\/programa-etorkizuna-argitzen\/para-entidades-y-profesionales-stem\/#primaryimage\"},\"image\":{\"@id\":\"https:\/\/steam.eus\/es\/orientacion-profesional\/programa-etorkizuna-argitzen\/para-entidades-y-profesionales-stem\/#primaryimage\"},\"thumbnailUrl\":\"https:\/\/steam.eus\/wp-content\/uploads\/cabeceras-entidades.jpg\",\"datePublished\":\"2025-02-25T16:28:01+00:00\",\"dateModified\":\"2025-05-09T07:29:21+00:00\",\"breadcrumb\":{\"@id\":\"https:\/\/steam.eus\/es\/orientacion-profesional\/programa-etorkizuna-argitzen\/para-entidades-y-profesionales-stem\/#breadcrumb\"},\"inLanguage\":\"es\",\"potentialAction\":[{\"@type\":\"ReadAction\",\"target\":[\"https:\/\/steam.eus\/es\/orientacion-profesional\/programa-etorkizuna-argitzen\/para-entidades-y-profesionales-stem\/\"]}]},{\"@type\":\"ImageObject\",\"inLanguage\":\"es\",\"@id\":\"https:\/\/steam.eus\/es\/orientacion-profesional\/programa-etorkizuna-argitzen\/para-entidades-y-profesionales-stem\/#primaryimage\",\"url\":\"https:\/\/steam.eus\/wp-content\/uploads\/cabeceras-entidades.jpg\",\"contentUrl\":\"https:\/\/steam.eus\/wp-content\/uploads\/cabeceras-entidades.jpg\",\"width\":1850,\"height\":650},{\"@type\":\"BreadcrumbList\",\"@id\":\"https:\/\/steam.eus\/es\/orientacion-profesional\/programa-etorkizuna-argitzen\/para-entidades-y-profesionales-stem\/#breadcrumb\",\"itemListElement\":[{\"@type\":\"ListItem\",\"position\":1,\"name\":\"Orientaci\u00f3n Profesional\",\"item\":\"https:\/\/steam.eus\/es\/orientacion-profesional\/\"},{\"@type\":\"ListItem\",\"position\":2,\"name\":\"GALAXIA &#8211; ETORKIZUNA ARGITZEN\",\"item\":\"https:\/\/steam.eus\/es\/orientacion-profesional\/programa-etorkizuna-argitzen\/\"},{\"@type\":\"ListItem\",\"position\":3,\"name\":\"Para entidades y profesionales STEM\"}]},{\"@type\":\"WebSite\",\"@id\":\"https:\/\/steam.eus\/es\/#website\",\"url\":\"https:\/\/steam.eus\/es\/\",\"name\":\"Steam Euskadi\",\"description\":\"\",\"potentialAction\":[{\"@type\":\"SearchAction\",\"target\":{\"@type\":\"EntryPoint\",\"urlTemplate\":\"https:\/\/steam.eus\/es\/?s={search_term_string}\"},\"query-input\":{\"@type\":\"PropertyValueSpecification\",\"valueRequired\":true,\"valueName\":\"search_term_string\"}}],\"inLanguage\":\"es\"}]}<\/script>\n<!-- \/ Yoast SEO plugin. -->","yoast_head_json":{"title":"Para entidades y profesionales STEM - Steam Euskadi","robots":{"index":"index","follow":"follow","max-snippet":"max-snippet:-1","max-image-preview":"max-image-preview:large","max-video-preview":"max-video-preview:-1"},"canonical":"https:\/\/steam.eus\/es\/orientacion-profesional\/programa-etorkizuna-argitzen\/para-entidades-y-profesionales-stem\/","og_locale":"es_ES","og_type":"article","og_title":"Para entidades y profesionales STEM - Steam Euskadi","og_url":"https:\/\/steam.eus\/es\/orientacion-profesional\/programa-etorkizuna-argitzen\/para-entidades-y-profesionales-stem\/","og_site_name":"Steam Euskadi","article_modified_time":"2025-05-09T07:29:21+00:00","og_image":[{"width":1850,"height":650,"url":"https:\/\/steam.eus\/wp-content\/uploads\/cabeceras-entidades.jpg","type":"image\/jpeg"}],"twitter_card":"summary_large_image","twitter_misc":{"Tiempo de lectura":"3 minutos"},"schema":{"@context":"https:\/\/schema.org","@graph":[{"@type":"WebPage","@id":"https:\/\/steam.eus\/es\/orientacion-profesional\/programa-etorkizuna-argitzen\/para-entidades-y-profesionales-stem\/","url":"https:\/\/steam.eus\/es\/orientacion-profesional\/programa-etorkizuna-argitzen\/para-entidades-y-profesionales-stem\/","name":"Para entidades y profesionales STEM - Steam Euskadi","isPartOf":{"@id":"https:\/\/steam.eus\/es\/#website"},"primaryImageOfPage":{"@id":"https:\/\/steam.eus\/es\/orientacion-profesional\/programa-etorkizuna-argitzen\/para-entidades-y-profesionales-stem\/#primaryimage"},"image":{"@id":"https:\/\/steam.eus\/es\/orientacion-profesional\/programa-etorkizuna-argitzen\/para-entidades-y-profesionales-stem\/#primaryimage"},"thumbnailUrl":"https:\/\/steam.eus\/wp-content\/uploads\/cabeceras-entidades.jpg","datePublished":"2025-02-25T16:28:01+00:00","dateModified":"2025-05-09T07:29:21+00:00","breadcrumb":{"@id":"https:\/\/steam.eus\/es\/orientacion-profesional\/programa-etorkizuna-argitzen\/para-entidades-y-profesionales-stem\/#breadcrumb"},"inLanguage":"es","potentialAction":[{"@type":"ReadAction","target":["https:\/\/steam.eus\/es\/orientacion-profesional\/programa-etorkizuna-argitzen\/para-entidades-y-profesionales-stem\/"]}]},{"@type":"ImageObject","inLanguage":"es","@id":"https:\/\/steam.eus\/es\/orientacion-profesional\/programa-etorkizuna-argitzen\/para-entidades-y-profesionales-stem\/#primaryimage","url":"https:\/\/steam.eus\/wp-content\/uploads\/cabeceras-entidades.jpg","contentUrl":"https:\/\/steam.eus\/wp-content\/uploads\/cabeceras-entidades.jpg","width":1850,"height":650},{"@type":"BreadcrumbList","@id":"https:\/\/steam.eus\/es\/orientacion-profesional\/programa-etorkizuna-argitzen\/para-entidades-y-profesionales-stem\/#breadcrumb","itemListElement":[{"@type":"ListItem","position":1,"name":"Orientaci\u00f3n Profesional","item":"https:\/\/steam.eus\/es\/orientacion-profesional\/"},{"@type":"ListItem","position":2,"name":"GALAXIA &#8211; ETORKIZUNA ARGITZEN","item":"https:\/\/steam.eus\/es\/orientacion-profesional\/programa-etorkizuna-argitzen\/"},{"@type":"ListItem","position":3,"name":"Para entidades y profesionales STEM"}]},{"@type":"WebSite","@id":"https:\/\/steam.eus\/es\/#website","url":"https:\/\/steam.eus\/es\/","name":"Steam Euskadi","description":"","potentialAction":[{"@type":"SearchAction","target":{"@type":"EntryPoint","urlTemplate":"https:\/\/steam.eus\/es\/?s={search_term_string}"},"query-input":{"@type":"PropertyValueSpecification","valueRequired":true,"valueName":"search_term_string"}}],"inLanguage":"es"}]}},"_links":{"self":[{"href":"https:\/\/steam.eus\/es\/wp-json\/wp\/v2\/pages\/10683","targetHints":{"allow":["GET"]}}],"collection":[{"href":"https:\/\/steam.eus\/es\/wp-json\/wp\/v2\/pages"}],"about":[{"href":"https:\/\/steam.eus\/es\/wp-json\/wp\/v2\/types\/page"}],"author":[{"embeddable":true,"href":"https:\/\/steam.eus\/es\/wp-json\/wp\/v2\/users\/1"}],"replies":[{"embeddable":true,"href":"https:\/\/steam.eus\/es\/wp-json\/wp\/v2\/comments?post=10683"}],"version-history":[{"count":58,"href":"https:\/\/steam.eus\/es\/wp-json\/wp\/v2\/pages\/10683\/revisions"}],"predecessor-version":[{"id":11958,"href":"https:\/\/steam.eus\/es\/wp-json\/wp\/v2\/pages\/10683\/revisions\/11958"}],"up":[{"embeddable":true,"href":"https:\/\/steam.eus\/es\/wp-json\/wp\/v2\/pages\/9728"}],"wp:featuredmedia":[{"embeddable":true,"href":"https:\/\/steam.eus\/es\/wp-json\/wp\/v2\/media\/10725"}],"wp:attachment":[{"href":"https:\/\/steam.eus\/es\/wp-json\/wp\/v2\/media?parent=10683"}],"curies":[{"name":"wp","href":"https:\/\/api.w.org\/{rel}","templated":true}]}}