{"id":12155,"date":"2025-10-01T09:48:39","date_gmt":"2025-10-01T09:48:39","guid":{"rendered":"https:\/\/steam.eus\/?page_id=12155"},"modified":"2025-10-01T12:00:54","modified_gmt":"2025-10-01T12:00:54","slug":"inscripcion-y-recursos-profesionales-stem","status":"publish","type":"page","link":"https:\/\/steam.eus\/es\/orientacion-profesional\/inscripcion-y-recursos-profesionales-stem\/","title":{"rendered":"Inscripci\u00f3n y recursos profesionales STEM"},"content":{"rendered":"<section class=\"l-section wpb_row height_large color_primary\"><div class=\"l-section-overlay\" style=\"background:rgba(0,0,0,0.45)\"><\/div><div class=\"l-section-h i-cf\"><div class=\"g-cols via_flex valign_middle type_default\"><div class=\"vc_col-sm-12 wpb_column vc_column_container\"><div class=\"vc_column-inner\"><div class=\"wpb_wrapper\"><h1 class=\"w-post-elm post_title align_center entry-title color_link_inherit\">Inscripci\u00f3n y recursos profesionales STEM<\/h1><\/div><\/div><\/div><\/div><\/div><\/section><section class=\"l-section wpb_row height_small\"><div class=\"l-section-h i-cf\"><div class=\"g-cols via_flex valign_middle type_default\"><div class=\"vc_col-sm-6 wpb_column vc_column_container\"><div class=\"vc_column-inner\"><div class=\"wpb_wrapper\"><div class=\"g-cols wpb_row via_flex valign_top type_default\"><div class=\"vc_col-sm-2 wpb_column vc_column_container\"><div class=\"vc_column-inner\"><div class=\"wpb_wrapper\"><\/div><\/div><\/div><div class=\"vc_col-sm-8 wpb_column vc_column_container morado1\"><div class=\"vc_column-inner\"><div class=\"wpb_wrapper\"><div class=\"wpb_text_column\"><div class=\"wpb_wrapper\"><h3 style=\"text-align: center;\"><strong>Inscripcion y recursos profesionales STEM<\/strong><\/h3>\n<\/div><\/div><div class=\"w-btn-wrapper align_center\"><a class=\"w-btn us-btn-style_19\" href=\"https:\/\/profesionales.steam.eus\/ijornadas\/\"><span class=\"w-btn-label\">Ap\u00fantate<\/span><\/a><\/div><\/div><\/div><\/div><div class=\"vc_col-sm-2 wpb_column vc_column_container\"><div class=\"vc_column-inner\"><div class=\"wpb_wrapper\"><\/div><\/div><\/div><\/div><\/div><\/div><\/div><div class=\"vc_col-sm-6 wpb_column vc_column_container\"><div class=\"vc_column-inner\"><div class=\"wpb_wrapper\"><div class=\"wpb_text_column\"><div class=\"wpb_wrapper\"><p>https:\/\/youtu.be\/Gva9jSbkTbA<\/p>\n<h4 class=\"style-scope ytd-watch-metadata\" style=\"text-align: center;\">Sesi\u00f3n preparatoria \u00b7 Jornadas de orientaci\u00f3n STEM<\/h4>\n<\/div><\/div><\/div><\/div><\/div><\/div><\/div><\/section><section class=\"l-section wpb_row height_medium\"><div class=\"l-section-h i-cf\"><div class=\"g-cols via_flex valign_top type_default\"><div class=\"vc_col-sm-12 wpb_column vc_column_container\"><div class=\"vc_column-inner\"><div class=\"wpb_wrapper\"><div class=\"g-cols wpb_row us_custom_8d5aa4e2 via_flex valign_top type_default\"><div class=\"vc_col-sm-3 wpb_column vc_column_container\"><div class=\"vc_column-inner\"><div class=\"wpb_wrapper\"><\/div><\/div><\/div><div class=\"vc_col-sm-6 wpb_column vc_column_container\"><div class=\"vc_column-inner\"><div class=\"wpb_wrapper\"><div class=\"wpb_text_column\"><div class=\"wpb_wrapper\"><h3 style=\"text-align: center;\"><strong>Recursos de Galaxia<\/strong><\/h3>\n<\/div><\/div><\/div><\/div><\/div><div class=\"vc_col-sm-3 wpb_column vc_column_container\"><div class=\"vc_column-inner\"><div class=\"wpb_wrapper\"><\/div><\/div><\/div><\/div><div class=\"g-cols wpb_row via_flex valign_top type_default\"><div class=\"vc_col-sm-4 wpb_column vc_column_container\"><div class=\"vc_column-inner\"><div class=\"wpb_wrapper\"><div class=\"wpb_text_column\"><div class=\"wpb_wrapper\"><p>https:\/\/www.youtube.com\/watch?v=NesWGYgA7nM<\/p>\n<h4 class=\"style-scope ytd-watch-metadata\" style=\"text-align: center;\">GALAXIA 1. Claves para ser buen referente STEM<\/h4>\n<\/div><\/div><\/div><\/div><\/div><div class=\"vc_col-sm-4 wpb_column vc_column_container\"><div class=\"vc_column-inner\"><div class=\"wpb_wrapper\"><div class=\"wpb_text_column\"><div class=\"wpb_wrapper\"><p>https:\/\/www.youtube.com\/watch?v=LrC2_yKqZho<\/p>\n<h4 class=\"style-scope ytd-watch-metadata\" style=\"text-align: center;\">GALAXIA 2.1 Igualdad y g\u00e9nero en el \u00e1mbito STEM<\/h4>\n<\/div><\/div><\/div><\/div><\/div><div class=\"vc_col-sm-4 wpb_column vc_column_container\"><div class=\"vc_column-inner\"><div class=\"wpb_wrapper\"><div class=\"wpb_text_column\"><div class=\"wpb_wrapper\"><p>https:\/\/www.youtube.com\/watch?v=3A_GQbPHqic<\/p>\n<h4 class=\"style-scope ytd-watch-metadata\" style=\"text-align: center;\">GALAXIA 2.2 Igualdad y g\u00e9nero en el \u00e1mbito STEM<\/h4>\n<\/div><\/div><\/div><\/div><\/div><\/div><\/div><\/div><\/div><div class=\"vc_col-sm-12 wpb_column vc_column_container\"><div class=\"vc_column-inner\"><div class=\"wpb_wrapper\"><\/div><\/div><\/div><\/div><\/div><\/section>\n","protected":false},"excerpt":{"rendered":"Inscripci\u00f3n y recursos profesionales STEMInscripcion y recursos profesionales STEM Ap\u00fantate Sesi\u00f3n preparatoria \u00b7 Jornadas de orientaci\u00f3n STEM Recursos de Galaxia GALAXIA 1. Claves para ser buen referente STEM GALAXIA 2.1 Igualdad y g\u00e9nero en el \u00e1mbito STEM GALAXIA 2.2 Igualdad y g\u00e9nero en el \u00e1mbito STEM","protected":false},"author":1,"featured_media":9717,"parent":9484,"menu_order":5,"comment_status":"closed","ping_status":"closed","template":"","meta":{"_acf_changed":false,"footnotes":""},"class_list":["post-12155","page","type-page","status-publish","has-post-thumbnail","hentry"],"acf":[],"yoast_head":"<!-- This site is optimized with the Yoast SEO plugin v24.9 - https:\/\/yoast.com\/wordpress\/plugins\/seo\/ -->\n<title>Inscripci\u00f3n y recursos profesionales STEM - Steam Euskadi<\/title>\n<meta name=\"robots\" content=\"index, follow, max-snippet:-1, max-image-preview:large, max-video-preview:-1\" \/>\n<link rel=\"canonical\" href=\"https:\/\/steam.eus\/es\/orientacion-profesional\/inscripcion-y-recursos-profesionales-stem\/\" \/>\n<meta property=\"og:locale\" content=\"es_ES\" \/>\n<meta property=\"og:type\" content=\"article\" \/>\n<meta property=\"og:title\" content=\"Inscripci\u00f3n y recursos profesionales STEM - Steam Euskadi\" \/>\n<meta property=\"og:url\" content=\"https:\/\/steam.eus\/es\/orientacion-profesional\/inscripcion-y-recursos-profesionales-stem\/\" \/>\n<meta property=\"og:site_name\" content=\"Steam Euskadi\" \/>\n<meta property=\"article:modified_time\" content=\"2025-10-01T12:00:54+00:00\" \/>\n<meta property=\"og:image\" content=\"https:\/\/steam.eus\/wp-content\/uploads\/cabecera-jornadas.jpg\" \/>\n\t<meta property=\"og:image:width\" content=\"1850\" \/>\n\t<meta property=\"og:image:height\" content=\"650\" \/>\n\t<meta property=\"og:image:type\" content=\"image\/jpeg\" \/>\n<meta name=\"twitter:card\" content=\"summary_large_image\" \/>\n<meta name=\"twitter:label1\" content=\"Tiempo de lectura\" \/>\n\t<meta name=\"twitter:data1\" content=\"1 minuto\" \/>\n<script type=\"application\/ld+json\" class=\"yoast-schema-graph\">{\"@context\":\"https:\/\/schema.org\",\"@graph\":[{\"@type\":\"WebPage\",\"@id\":\"https:\/\/steam.eus\/es\/orientacion-profesional\/inscripcion-y-recursos-profesionales-stem\/\",\"url\":\"https:\/\/steam.eus\/es\/orientacion-profesional\/inscripcion-y-recursos-profesionales-stem\/\",\"name\":\"Inscripci\u00f3n y recursos profesionales STEM - Steam Euskadi\",\"isPartOf\":{\"@id\":\"https:\/\/steam.eus\/es\/#website\"},\"primaryImageOfPage\":{\"@id\":\"https:\/\/steam.eus\/es\/orientacion-profesional\/inscripcion-y-recursos-profesionales-stem\/#primaryimage\"},\"image\":{\"@id\":\"https:\/\/steam.eus\/es\/orientacion-profesional\/inscripcion-y-recursos-profesionales-stem\/#primaryimage\"},\"thumbnailUrl\":\"https:\/\/steam.eus\/wp-content\/uploads\/cabecera-jornadas.jpg\",\"datePublished\":\"2025-10-01T09:48:39+00:00\",\"dateModified\":\"2025-10-01T12:00:54+00:00\",\"breadcrumb\":{\"@id\":\"https:\/\/steam.eus\/es\/orientacion-profesional\/inscripcion-y-recursos-profesionales-stem\/#breadcrumb\"},\"inLanguage\":\"es\",\"potentialAction\":[{\"@type\":\"ReadAction\",\"target\":[\"https:\/\/steam.eus\/es\/orientacion-profesional\/inscripcion-y-recursos-profesionales-stem\/\"]}]},{\"@type\":\"ImageObject\",\"inLanguage\":\"es\",\"@id\":\"https:\/\/steam.eus\/es\/orientacion-profesional\/inscripcion-y-recursos-profesionales-stem\/#primaryimage\",\"url\":\"https:\/\/steam.eus\/wp-content\/uploads\/cabecera-jornadas.jpg\",\"contentUrl\":\"https:\/\/steam.eus\/wp-content\/uploads\/cabecera-jornadas.jpg\",\"width\":1850,\"height\":650},{\"@type\":\"BreadcrumbList\",\"@id\":\"https:\/\/steam.eus\/es\/orientacion-profesional\/inscripcion-y-recursos-profesionales-stem\/#breadcrumb\",\"itemListElement\":[{\"@type\":\"ListItem\",\"position\":1,\"name\":\"Orientaci\u00f3n Profesional\",\"item\":\"https:\/\/steam.eus\/es\/orientacion-profesional\/\"},{\"@type\":\"ListItem\",\"position\":2,\"name\":\"Inscripci\u00f3n y recursos profesionales STEM\"}]},{\"@type\":\"WebSite\",\"@id\":\"https:\/\/steam.eus\/es\/#website\",\"url\":\"https:\/\/steam.eus\/es\/\",\"name\":\"Steam Euskadi\",\"description\":\"\",\"potentialAction\":[{\"@type\":\"SearchAction\",\"target\":{\"@type\":\"EntryPoint\",\"urlTemplate\":\"https:\/\/steam.eus\/es\/?s={search_term_string}\"},\"query-input\":{\"@type\":\"PropertyValueSpecification\",\"valueRequired\":true,\"valueName\":\"search_term_string\"}}],\"inLanguage\":\"es\"}]}<\/script>\n<!-- \/ Yoast SEO plugin. -->","yoast_head_json":{"title":"Inscripci\u00f3n y recursos profesionales STEM - Steam Euskadi","robots":{"index":"index","follow":"follow","max-snippet":"max-snippet:-1","max-image-preview":"max-image-preview:large","max-video-preview":"max-video-preview:-1"},"canonical":"https:\/\/steam.eus\/es\/orientacion-profesional\/inscripcion-y-recursos-profesionales-stem\/","og_locale":"es_ES","og_type":"article","og_title":"Inscripci\u00f3n y recursos profesionales STEM - Steam Euskadi","og_url":"https:\/\/steam.eus\/es\/orientacion-profesional\/inscripcion-y-recursos-profesionales-stem\/","og_site_name":"Steam Euskadi","article_modified_time":"2025-10-01T12:00:54+00:00","og_image":[{"width":1850,"height":650,"url":"https:\/\/steam.eus\/wp-content\/uploads\/cabecera-jornadas.jpg","type":"image\/jpeg"}],"twitter_card":"summary_large_image","twitter_misc":{"Tiempo de lectura":"1 minuto"},"schema":{"@context":"https:\/\/schema.org","@graph":[{"@type":"WebPage","@id":"https:\/\/steam.eus\/es\/orientacion-profesional\/inscripcion-y-recursos-profesionales-stem\/","url":"https:\/\/steam.eus\/es\/orientacion-profesional\/inscripcion-y-recursos-profesionales-stem\/","name":"Inscripci\u00f3n y recursos profesionales STEM - Steam Euskadi","isPartOf":{"@id":"https:\/\/steam.eus\/es\/#website"},"primaryImageOfPage":{"@id":"https:\/\/steam.eus\/es\/orientacion-profesional\/inscripcion-y-recursos-profesionales-stem\/#primaryimage"},"image":{"@id":"https:\/\/steam.eus\/es\/orientacion-profesional\/inscripcion-y-recursos-profesionales-stem\/#primaryimage"},"thumbnailUrl":"https:\/\/steam.eus\/wp-content\/uploads\/cabecera-jornadas.jpg","datePublished":"2025-10-01T09:48:39+00:00","dateModified":"2025-10-01T12:00:54+00:00","breadcrumb":{"@id":"https:\/\/steam.eus\/es\/orientacion-profesional\/inscripcion-y-recursos-profesionales-stem\/#breadcrumb"},"inLanguage":"es","potentialAction":[{"@type":"ReadAction","target":["https:\/\/steam.eus\/es\/orientacion-profesional\/inscripcion-y-recursos-profesionales-stem\/"]}]},{"@type":"ImageObject","inLanguage":"es","@id":"https:\/\/steam.eus\/es\/orientacion-profesional\/inscripcion-y-recursos-profesionales-stem\/#primaryimage","url":"https:\/\/steam.eus\/wp-content\/uploads\/cabecera-jornadas.jpg","contentUrl":"https:\/\/steam.eus\/wp-content\/uploads\/cabecera-jornadas.jpg","width":1850,"height":650},{"@type":"BreadcrumbList","@id":"https:\/\/steam.eus\/es\/orientacion-profesional\/inscripcion-y-recursos-profesionales-stem\/#breadcrumb","itemListElement":[{"@type":"ListItem","position":1,"name":"Orientaci\u00f3n Profesional","item":"https:\/\/steam.eus\/es\/orientacion-profesional\/"},{"@type":"ListItem","position":2,"name":"Inscripci\u00f3n y recursos profesionales STEM"}]},{"@type":"WebSite","@id":"https:\/\/steam.eus\/es\/#website","url":"https:\/\/steam.eus\/es\/","name":"Steam Euskadi","description":"","potentialAction":[{"@type":"SearchAction","target":{"@type":"EntryPoint","urlTemplate":"https:\/\/steam.eus\/es\/?s={search_term_string}"},"query-input":{"@type":"PropertyValueSpecification","valueRequired":true,"valueName":"search_term_string"}}],"inLanguage":"es"}]}},"_links":{"self":[{"href":"https:\/\/steam.eus\/es\/wp-json\/wp\/v2\/pages\/12155","targetHints":{"allow":["GET"]}}],"collection":[{"href":"https:\/\/steam.eus\/es\/wp-json\/wp\/v2\/pages"}],"about":[{"href":"https:\/\/steam.eus\/es\/wp-json\/wp\/v2\/types\/page"}],"author":[{"embeddable":true,"href":"https:\/\/steam.eus\/es\/wp-json\/wp\/v2\/users\/1"}],"replies":[{"embeddable":true,"href":"https:\/\/steam.eus\/es\/wp-json\/wp\/v2\/comments?post=12155"}],"version-history":[{"count":13,"href":"https:\/\/steam.eus\/es\/wp-json\/wp\/v2\/pages\/12155\/revisions"}],"predecessor-version":[{"id":12193,"href":"https:\/\/steam.eus\/es\/wp-json\/wp\/v2\/pages\/12155\/revisions\/12193"}],"up":[{"embeddable":true,"href":"https:\/\/steam.eus\/es\/wp-json\/wp\/v2\/pages\/9484"}],"wp:featuredmedia":[{"embeddable":true,"href":"https:\/\/steam.eus\/es\/wp-json\/wp\/v2\/media\/9717"}],"wp:attachment":[{"href":"https:\/\/steam.eus\/es\/wp-json\/wp\/v2\/media?parent=12155"}],"curies":[{"name":"wp","href":"https:\/\/api.w.org\/{rel}","templated":true}]}}