{"id":1743,"date":"2020-06-16T17:46:35","date_gmt":"2020-06-16T17:46:35","guid":{"rendered":"http:\/\/steam.eus\/?page_id=1743"},"modified":"2024-06-27T09:48:09","modified_gmt":"2024-06-27T09:48:09","slug":"estrategia-euskadi","status":"publish","type":"page","link":"https:\/\/steam.eus\/es\/estrategia-steam-euskadi\/estrategia-euskadi\/","title":{"rendered":"\u00bfQu\u00e9 es la Educaci\u00f3n STEAM?"},"content":{"rendered":"<section class=\"l-section wpb_row height_large color_primary\"><div class=\"l-section-overlay\" style=\"background:rgba(0,0,0,0.45)\"><\/div><div class=\"l-section-h i-cf\"><div class=\"g-cols via_flex valign_middle type_default\"><div class=\"vc_col-sm-12 wpb_column vc_column_container\"><div class=\"vc_column-inner\"><div class=\"wpb_wrapper\"><h1 class=\"w-post-elm post_title align_center entry-title color_link_inherit\">\u00bfQu\u00e9 es la Educaci\u00f3n STEAM?<\/h1><\/div><\/div><\/div><\/div><\/div><\/section><section class=\"l-section wpb_row height_medium\" id=\"que\"><div class=\"l-section-h i-cf\"><div class=\"g-cols via_flex valign_top type_default\"><div class=\"vc_col-sm-4 wpb_column vc_column_container stretched\"><div class=\"vc_column-inner\"><div class=\"wpb_wrapper\"><div class=\"g-cols wpb_row us_custom_aa19ce7f top-header has_text_color via_flex valign_top type_default\"><div class=\"vc_col-sm-12 wpb_column vc_column_container\"><div class=\"vc_column-inner\"><div class=\"wpb_wrapper\"><div class=\"wpb_text_column\"><div class=\"wpb_wrapper\"><h2><b>Educaci\u00f3n STEAM <\/b><br>\nes aquella que:<b><br>\n<\/b><\/h2>\n<\/div><\/div><\/div><\/div><\/div><\/div><\/div><\/div><\/div><div class=\"vc_col-sm-8 wpb_column vc_column_container\"><div class=\"vc_column-inner\"><div class=\"wpb_wrapper\"><div class=\"g-cols wpb_row us_custom_848944b5 via_flex valign_top type_default\" style=\"--additional-gap:5px;\"><div class=\"vc_col-sm-4 wpb_column vc_column_container azul1\"><div class=\"vc_column-inner\"><div class=\"wpb_wrapper\"><div class=\"wpb_text_column\"><div class=\"wpb_wrapper\"><p><span class=\"num_cab\">1.<\/span> <strong>INTEGRA<\/strong><\/p>\n<p>La Ciencia, la Tecnolog\u00eda, la Ingenier\u00eda y las Matem\u00e1ticas en conexi\u00f3n con las Artes y Humanidades.<\/p>\n<\/div><\/div><\/div><\/div><\/div><div class=\"vc_col-sm-4 wpb_column vc_column_container azul2\"><div class=\"vc_column-inner\"><div class=\"wpb_wrapper\"><div class=\"wpb_text_column\"><div class=\"wpb_wrapper\"><p><span class=\"num_cab\">2.<\/span> <strong>EMPODERA<\/strong><\/p>\n<p>Al alumnado a enfrentarse de manera responsable a los retos de nuestra sociedad.<\/p>\n<\/div><\/div><\/div><\/div><\/div><div class=\"vc_col-sm-4 wpb_column vc_column_container azul3\"><div class=\"vc_column-inner\"><div class=\"wpb_wrapper\"><div class=\"wpb_text_column\"><div class=\"wpb_wrapper\"><p><span class=\"num_cab\">3.<\/span> <strong>DESARROLLA<\/strong><\/p>\n<p>Competencias b\u00e1sicas, tanto transversales como disciplinares.<\/p>\n<\/div><\/div><\/div><\/div><\/div><\/div><div class=\"g-cols wpb_row us_custom_848944b5 via_flex valign_top type_default\" style=\"--additional-gap:5px;\"><div class=\"vc_col-sm-12 wpb_column vc_column_container azul4\"><div class=\"vc_column-inner\"><div class=\"wpb_wrapper\"><div class=\"wpb_text_column\"><div class=\"wpb_wrapper\"><p><span class=\"num_cab\">4.<\/span> <strong>CON EL OBJETIVO DE:<\/strong><\/p>\n<ul>\n<li>Inspirar vocaciones cient\u00edfico-tecnol\u00f3gicas.<\/li>\n<li>Mejorar la capacitaci\u00f3n STEM del alumnado.<\/li>\n<li>Impulsar al alumnado para participar activamente en la transformaci\u00f3n del mundo que le rodea.<\/li>\n<\/ul>\n<\/div><\/div><\/div><\/div><\/div><\/div><\/div><\/div><\/div><div class=\"vc_col-sm-12 wpb_column vc_column_container\"><div class=\"vc_column-inner\"><div class=\"wpb_wrapper\"><div class=\"g-cols wpb_row us_custom_848944b5 via_flex valign_top type_default\" style=\"--additional-gap:5px;\"><div class=\"vc_col-sm-6 wpb_column vc_column_container has_bg_color\"><div class=\"vc_column-inner us_custom_b776f4af\"><div class=\"wpb_wrapper\"><div class=\"wpb_text_column\"><div class=\"wpb_wrapper\"><h4>Busca provocar intencionadamente situaciones que permitan aprender de manera simult\u00e1nea e integrada conceptos de estas materias, en un <strong>contexto pr\u00e1ctico<\/strong> de dise\u00f1o y resoluci\u00f3n de problemas, tal y como se hace en ingenier\u00eda en las empresas.<\/h4>\n<\/div><\/div><\/div><\/div><\/div><div class=\"vc_col-sm-6 wpb_column vc_column_container has_bg_color\"><div class=\"vc_column-inner us_custom_b776f4af\"><div class=\"wpb_wrapper\"><div class=\"wpb_text_column\"><div class=\"wpb_wrapper\"><h4>Est\u00e1 basada en la <b>indagaci\u00f3n<\/b>, que se lleva a cabo planificando experimentos, investigando hip\u00f3tesis, buscando informaci\u00f3n, construyendo modelos, trabajando en equipo, discutiendo y proponiendo explicaciones coherentes.<\/h4>\n<\/div><\/div><\/div><\/div><\/div><\/div><\/div><\/div><\/div><\/div><\/div><\/section><section class=\"l-section wpb_row height_medium\"><div class=\"l-section-h i-cf\"><div class=\"g-cols via_flex valign_top type_default\"><div class=\"vc_col-sm-12 wpb_column vc_column_container\"><div class=\"vc_column-inner\"><div class=\"wpb_wrapper\"><\/div><\/div><\/div><\/div><\/div><\/section><section class=\"l-section wpb_row height_auto width_full with_img parallax_ver\"><div class=\"l-section-img\" style=\"background-image: url(https:\/\/steam.eus\/wp-content\/uploads\/2018\/06\/39324049385_ec6c4e6141_k1.jpg);background-position: top center;\" data-img-width=\"1600\" data-img-height=\"1066\"><\/div><div class=\"l-section-h i-cf\"><div class=\"g-cols via_flex valign_middle type_default\"><div class=\"vc_col-sm-8 wpb_column vc_column_container\"><div class=\"vc_column-inner\"><div class=\"wpb_wrapper\"><\/div><\/div><\/div><div class=\"vc_col-sm-4 wpb_column vc_column_container\"><div class=\"vc_column-inner\"><div class=\"wpb_wrapper\"><div class=\"g-cols wpb_row azul1 via_flex valign_top type_boxes\"><div class=\"vc_col-sm-12 wpb_column vc_column_container azul\"><div class=\"vc_column-inner\"><div class=\"wpb_wrapper\"><div class=\"wpb_text_column\"><div class=\"wpb_wrapper\"><h2>El <strong>MIT<\/strong> incluye un <strong>25%<\/strong> del tiempo acad\u00e9mico obligatorio a <strong>estudios de artes y humanidades.<\/strong><\/h2>\n<\/div><\/div><\/div><\/div><\/div><\/div><\/div><\/div><\/div><\/div><\/div><\/section><section class=\"l-section wpb_row height_auto\" id=\"porque\"><div class=\"l-section-h i-cf\"><div class=\"g-cols via_flex valign_top type_default\" style=\"--additional-gap:5px;\"><div class=\"vc_col-sm-4 wpb_column vc_column_container stretched\"><div class=\"vc_column-inner\"><div class=\"wpb_wrapper\"><div class=\"g-cols wpb_row us_custom_44f6c22c top-header1 has_text_color via_flex valign_top type_default\"><div class=\"vc_col-sm-12 wpb_column vc_column_container\"><div class=\"vc_column-inner\"><div class=\"wpb_wrapper\"><div class=\"wpb_text_column\"><div class=\"wpb_wrapper\"><h2>\u00bfPor qu\u00e9 <strong>Educaci\u00f3n STEAM<\/strong> en vez de <strong>STEM<\/strong>?<\/h2>\n<\/div><\/div><\/div><\/div><\/div><\/div><\/div><\/div><\/div><div class=\"vc_col-sm-8 wpb_column vc_column_container\"><div class=\"vc_column-inner\"><div class=\"wpb_wrapper\"><\/div><\/div><\/div><\/div><\/div><\/section><section class=\"l-section wpb_row height_small\"><div class=\"l-section-h i-cf\"><div class=\"g-cols via_flex valign_top type_default\" style=\"--additional-gap:5px;\"><div class=\"vc_col-sm-4 wpb_column vc_column_container\"><div class=\"vc_column-inner\"><div class=\"wpb_wrapper\"><div class=\"w-image align_none\"><div class=\"w-image-h\"><img width=\"388\" height=\"223\" class=\"attachment-large size-large lazyload\" alt=\"\" sizes=\"(max-width: 388px) 100vw, 388px\" data-srcset=\"https:\/\/steam.eus\/wp-content\/uploads\/2020\/06\/educ-steam-a.jpg 388w, https:\/\/steam.eus\/wp-content\/uploads\/2020\/06\/educ-steam-a-150x86.jpg 150w, https:\/\/steam.eus\/wp-content\/uploads\/2020\/06\/educ-steam-a-300x172.jpg 300w\" data-src=\"https:\/\/steam.eus\/wp-content\/uploads\/2020\/06\/educ-steam-a.jpg\"><\/div><\/div><\/div><\/div><\/div><div class=\"vc_col-sm-8 wpb_column vc_column_container\"><div class=\"vc_column-inner\"><div class=\"wpb_wrapper\"><div class=\"g-cols wpb_row via_flex valign_top type_default\" style=\"--additional-gap:5px;\"><div class=\"vc_col-sm-6 wpb_column vc_column_container azul1\"><div class=\"vc_column-inner\"><div class=\"wpb_wrapper\"><div class=\"wpb_text_column\"><div class=\"wpb_wrapper\"><p>Un proceso de <strong>aprendizaje integrado<\/strong> de las Ciencias y las Artes y Humanidades.<\/p>\n<\/div><\/div><\/div><\/div><\/div><div class=\"vc_col-sm-6 wpb_column vc_column_container azul1\"><div class=\"vc_column-inner\"><div class=\"wpb_wrapper\"><div class=\"wpb_text_column\"><div class=\"wpb_wrapper\"><p>La <strong>contextualizaci\u00f3n<\/strong> del aprendizaje en un entorno que refleje la complejidad del mundo real, m\u00e1s all\u00e1 del enfoque cient\u00edfico-t\u00e9cnico.<\/p>\n<\/div><\/div><\/div><\/div><\/div><\/div><div class=\"g-cols wpb_row azul1 via_flex valign_top type_default\" style=\"--additional-gap:5px;\"><div class=\"vc_col-sm-6 wpb_column vc_column_container azul2\"><div class=\"vc_column-inner\"><div class=\"wpb_wrapper\"><div class=\"wpb_text_column\"><div class=\"wpb_wrapper\"><p>Fomentar la <strong>creatividad y la innovaci\u00f3n<\/strong> del alumnado.<\/p>\n<\/div><\/div><div class=\"wpb_text_column\"><div class=\"wpb_wrapper\"><\/div><\/div><\/div><\/div><\/div><div class=\"vc_col-sm-6 wpb_column vc_column_container azul2\"><div class=\"vc_column-inner\"><div class=\"wpb_wrapper\"><div class=\"wpb_text_column\"><div class=\"wpb_wrapper\"><p>Ser conscientes del <strong>car\u00e1cter global del conocimiento<\/strong> y la cultura y disfrutar de una formaci\u00f3n amplia.<\/p>\n<\/div><\/div><\/div><\/div><\/div><\/div><div class=\"g-cols wpb_row azul1 via_flex valign_top type_default\" style=\"--additional-gap:5px;\"><div class=\"vc_col-sm-6 wpb_column vc_column_container azul3\"><div class=\"vc_column-inner\"><div class=\"wpb_wrapper\"><div class=\"wpb_text_column\"><div class=\"wpb_wrapper\"><p>Hace m\u00e1s atractivas las profesiones STEM, muestra los amplios sectores de aplicaci\u00f3n de la ciencia y la tecnolog\u00eda y, as\u00ed, <strong>atrae m\u00e1s y mayor diversidad de talento. <\/strong><\/p>\n<\/div><\/div><div class=\"wpb_text_column\"><div class=\"wpb_wrapper\"><\/div><\/div><\/div><\/div><\/div><div class=\"vc_col-sm-6 wpb_column vc_column_container azul3\"><div class=\"vc_column-inner\"><div class=\"wpb_wrapper\"><div class=\"wpb_text_column\"><div class=\"wpb_wrapper\"><p>Responde a las tendencias y necesidades vinculadas a perfiles profesionales <strong>h\u00edbridos <\/strong>(analista de datos o dise\u00f1o industrial) y <strong>habilidades transversales <\/strong>(creatividad, trabajo en equipo, resoluci\u00f3n de retos).<\/p>\n<\/div><\/div><\/div><\/div><\/div><\/div><\/div><\/div><\/div><div class=\"vc_col-sm-12 wpb_column vc_column_container azul\"><div class=\"vc_column-inner\"><div class=\"wpb_wrapper\"><div class=\"wpb_text_column\"><div class=\"wpb_wrapper\"><h4 style=\"text-align: center;\">En definitiva, esta estrategia tiene como objetivo impulsar la Educaci\u00f3n STEAM para incentivar las profesiones STEM<\/h4>\n<\/div><\/div><\/div><\/div><\/div><\/div><\/div><\/section><section class=\"l-section wpb_row height_medium\"><div class=\"l-section-h i-cf\"><div class=\"g-cols via_flex valign_top type_default\"><div class=\"vc_col-sm-12 wpb_column vc_column_container\"><div class=\"vc_column-inner\"><div class=\"wpb_wrapper\"><\/div><\/div><\/div><\/div><\/div><\/section><section class=\"l-section wpb_row us_custom_0d15be52 height_auto\" id=\"estudios\"><div class=\"l-section-h i-cf\"><div class=\"g-cols via_flex valign_bottom type_default\" style=\"--additional-gap:5px;\"><div class=\"vc_col-sm-4 wpb_column vc_column_container stretched\"><div class=\"vc_column-inner\"><div class=\"wpb_wrapper\"><div class=\"g-cols wpb_row us_custom_44f6c22c top-header1 has_text_color via_flex valign_top type_default\"><div class=\"vc_col-sm-12 wpb_column vc_column_container\"><div class=\"vc_column-inner\"><div class=\"wpb_wrapper\"><div class=\"wpb_text_column us_custom_f03ee871\"><div class=\"wpb_wrapper\"><h2>Estudios vinculados a <strong>profesiones STEM<\/strong><\/h2>\n<\/div><\/div><\/div><\/div><\/div><\/div><\/div><\/div><\/div><div class=\"vc_col-sm-8 wpb_column vc_column_container\"><div class=\"vc_column-inner\"><div class=\"wpb_wrapper\"><\/div><\/div><\/div><\/div><\/div><\/section><section class=\"l-section wpb_row height_small color_alternate\"><div class=\"l-section-h i-cf\"><div class=\"g-cols via_flex valign_top type_default\"><div class=\"vc_col-sm-8 wpb_column vc_column_container\"><div class=\"vc_column-inner\"><div class=\"wpb_wrapper\"><div class=\"wpb_text_column\"><div class=\"wpb_wrapper\"><h3><strong>Formaci\u00f3n profesional:<\/strong><\/h3>\n<p>11 de 26 familias profesionales vinculadas a profesiones STEM<\/p>\n<\/div><\/div><div class=\"g-cols wpb_row via_flex valign_top type_default\"><div class=\"vc_col-sm-6 wpb_column vc_column_container\"><div class=\"vc_column-inner\"><div class=\"wpb_wrapper\"><div class=\"wpb_text_column\"><div class=\"wpb_wrapper\"><ol class=\"azul_li\">\n<li>Actividades f\u00edsicas y deportivas<\/li>\n<li>Administraci\u00f3n y gesti\u00f3n<\/li>\n<li>Agraria<\/li>\n<li>Artes gr\u00e1ficas<\/li>\n<li>Artes y artesan\u00edas<\/li>\n<li>Comercio y marketing<\/li>\n<li class=\"ok\"><strong>Electricidad y electr\u00f3nica<\/strong> <i class=\"fas fa-check\" aria-hidden=\"true\"><\/i><i class=\"fas fa-check\" aria-hidden=\"true\"><\/i><\/li>\n<li class=\"ok\"><strong>Energ\u00eda y agua<\/strong> <i class=\"fas fa-check\" aria-hidden=\"true\"><\/i><i class=\"fas fa-check\" aria-hidden=\"true\"><\/i><\/li>\n<li class=\"ok\"><strong>Edificaci\u00f3n y obra civil<\/strong> <i class=\"fas fa-check\" aria-hidden=\"true\"><\/i><i class=\"fas fa-check\" aria-hidden=\"true\"><\/i><\/li>\n<li class=\"ok\"><strong>Fabricaci\u00f3n mec\u00e1nica<\/strong> <i class=\"fas fa-check\" aria-hidden=\"true\"><\/i><i class=\"fas fa-check\" aria-hidden=\"true\"><\/i><\/li>\n<li>Hosteler\u00eda y turismo<\/li>\n<li>Industrias extractivas<\/li>\n<li class=\"ok\"><strong>Inform\u00e1tica y comunicaciones<\/strong> <i class=\"fas fa-check\" aria-hidden=\"true\"><\/i><i class=\"fas fa-check\" aria-hidden=\"true\"><\/i><\/li>\n<\/ol>\n<\/div><\/div><\/div><\/div><\/div><div class=\"vc_col-sm-6 wpb_column vc_column_container\"><div class=\"vc_column-inner\"><div class=\"wpb_wrapper\"><div class=\"wpb_text_column\"><div class=\"wpb_wrapper\"><ol class=\"azul_li\" start=\"14\">\n<li class=\"ok\"><strong>Instalaci\u00f3n y mantenimiento<\/strong> <i class=\"fas fa-check\" aria-hidden=\"true\"><\/i><i class=\"fas fa-check\" aria-hidden=\"true\"><\/i><\/li>\n<li>Imagen personal<\/li>\n<li class=\"ok\"><strong>Imagen y sonido<\/strong> <i class=\"fas fa-check\" aria-hidden=\"true\"><\/i><i class=\"fas fa-check\" aria-hidden=\"true\"><\/i><\/li>\n<li class=\"ok\"><strong>Industrias alimentarias<\/strong> <i class=\"fas fa-check\" aria-hidden=\"true\"><\/i><i class=\"fas fa-check\" aria-hidden=\"true\"><\/i><\/li>\n<li class=\"ok\"><strong>Madera, mueble y corcho<\/strong> <i class=\"fas fa-check\" aria-hidden=\"true\"><\/i><i class=\"fas fa-check\" aria-hidden=\"true\"><\/i><\/li>\n<li>Mar\u00edtimo pesquera<\/li>\n<li class=\"ok\"><strong>Qu\u00edmica<\/strong> <i class=\"fas fa-check\" aria-hidden=\"true\"><\/i><i class=\"fas fa-check\" aria-hidden=\"true\"><\/i><\/li>\n<li>Sanidad *<\/li>\n<li>Seguridad y medio ambiente *<\/li>\n<li>Servicios socioculturales y a la comunidad<\/li>\n<li>Textil, confecci\u00f3n y piel<\/li>\n<li class=\"ok\"><strong>Transporte y mantenimiento de veh\u00edculos<\/strong> <i class=\"fas fa-check\" aria-hidden=\"true\"><\/i><i class=\"fas fa-check\" aria-hidden=\"true\"><\/i><\/li>\n<li>Vidrio y cer\u00e1mica<\/li>\n<\/ol>\n<\/div><\/div><\/div><\/div><\/div><\/div><\/div><\/div><\/div><div class=\"vc_col-sm-4 wpb_column vc_column_container\"><div class=\"vc_column-inner\"><div class=\"wpb_wrapper\"><div class=\"wpb_text_column\"><div class=\"wpb_wrapper\"><h3><strong>Universidad:<\/strong><\/h3>\n<p>2 de 5 ramas vinculadas a profesiones STEM<\/p>\n<\/div><\/div><div class=\"g-cols wpb_row via_flex valign_top type_default\"><div class=\"vc_col-sm-12 wpb_column vc_column_container\"><div class=\"vc_column-inner\"><div class=\"wpb_wrapper\"><div class=\"wpb_text_column\"><div class=\"wpb_wrapper\"><ol class=\"azul_li\">\n<li class=\"ok\"><strong>Ingenier\u00eda y Arquitectura<\/strong> <i class=\"fas fa-check\" aria-hidden=\"true\"><\/i><i class=\"fas fa-check\" aria-hidden=\"true\"><\/i><\/li>\n<li class=\"ok\"><strong>Ciencias<\/strong> <i class=\"fas fa-check\" aria-hidden=\"true\"><\/i><i class=\"fas fa-check\" aria-hidden=\"true\"><\/i><\/li>\n<li>Ciencias de la Salud*<\/li>\n<li>Ciencias Sociales* y Jur\u00eddicas<\/li>\n<li>Artes<\/li>\n<\/ol>\n<\/div><\/div><\/div><\/div><\/div><\/div><div class=\"w-separator size_small\"><\/div><div class=\"wpb_text_column\"><div class=\"wpb_wrapper\"><p><em><strong>(*) Nota: <\/strong> Ninguna referencia internacional consultada las considera vinculadas a profesiones STEM. Por lo general, quien opta por estos estudios sanitarios lo hacen con vocaci\u00f3n asistencial. No obstante, hay un n\u00famero significativo que se dedican profesionalmente a actividades de car\u00e1cter cient\u00edfico. Por tanto, en algunos casos pueden ser fuente de modelos profesionales.<\/em><\/p>\n<\/div><\/div><\/div><\/div><\/div><\/div><\/div><\/section><section class=\"l-section wpb_row height_medium color_alternate\"><div class=\"l-section-h i-cf\"><div class=\"g-cols via_flex valign_top type_default\"><div class=\"vc_col-sm-12 wpb_column vc_column_container\"><div class=\"vc_column-inner\"><div class=\"wpb_wrapper\"><\/div><\/div><\/div><\/div><\/div><\/section>\n","protected":false},"excerpt":{"rendered":"\u00bfQu\u00e9 es la Educaci\u00f3n STEAM?Educaci\u00f3n STEAM es aquella que: 1. INTEGRA La Ciencia, la Tecnolog\u00eda, la Ingenier\u00eda y las Matem\u00e1ticas en conexi\u00f3n con las Artes y Humanidades. 2. EMPODERA Al alumnado a enfrentarse de manera responsable a los retos de nuestra sociedad. 3. DESARROLLA Competencias b\u00e1sicas, tanto transversales como disciplinares. 4. CON EL OBJETIVO DE:...","protected":false},"author":1,"featured_media":2197,"parent":9307,"menu_order":1,"comment_status":"closed","ping_status":"closed","template":"","meta":{"_acf_changed":false,"footnotes":""},"class_list":["post-1743","page","type-page","status-publish","has-post-thumbnail","hentry"],"acf":[],"yoast_head":"<!-- This site is optimized with the Yoast SEO plugin v24.9 - https:\/\/yoast.com\/wordpress\/plugins\/seo\/ -->\n<title>\u00bfQu\u00e9 es la Educaci\u00f3n STEAM? - Steam Euskadi<\/title>\n<meta name=\"robots\" content=\"index, follow, max-snippet:-1, max-image-preview:large, max-video-preview:-1\" \/>\n<link rel=\"canonical\" href=\"https:\/\/steam.eus\/es\/estrategia-steam-euskadi\/estrategia-euskadi\/\" \/>\n<meta property=\"og:locale\" content=\"es_ES\" \/>\n<meta property=\"og:type\" content=\"article\" \/>\n<meta property=\"og:title\" content=\"\u00bfQu\u00e9 es la Educaci\u00f3n STEAM? - Steam Euskadi\" \/>\n<meta property=\"og:url\" content=\"https:\/\/steam.eus\/es\/estrategia-steam-euskadi\/estrategia-euskadi\/\" \/>\n<meta property=\"og:site_name\" content=\"Steam Euskadi\" \/>\n<meta property=\"article:modified_time\" content=\"2024-06-27T09:48:09+00:00\" \/>\n<meta property=\"og:image\" content=\"https:\/\/steam.eus\/wp-content\/uploads\/2020\/06\/steam-educ.jpg\" \/>\n\t<meta property=\"og:image:width\" content=\"1280\" \/>\n\t<meta property=\"og:image:height\" content=\"520\" \/>\n\t<meta property=\"og:image:type\" content=\"image\/jpeg\" \/>\n<meta name=\"twitter:card\" content=\"summary_large_image\" \/>\n<meta name=\"twitter:label1\" content=\"Tiempo de lectura\" \/>\n\t<meta name=\"twitter:data1\" content=\"3 minutos\" \/>\n<script type=\"application\/ld+json\" class=\"yoast-schema-graph\">{\"@context\":\"https:\/\/schema.org\",\"@graph\":[{\"@type\":\"WebPage\",\"@id\":\"https:\/\/steam.eus\/es\/estrategia-steam-euskadi\/estrategia-euskadi\/\",\"url\":\"https:\/\/steam.eus\/es\/estrategia-steam-euskadi\/estrategia-euskadi\/\",\"name\":\"\u00bfQu\u00e9 es la Educaci\u00f3n STEAM? - Steam Euskadi\",\"isPartOf\":{\"@id\":\"https:\/\/steam.eus\/es\/#website\"},\"primaryImageOfPage\":{\"@id\":\"https:\/\/steam.eus\/es\/estrategia-steam-euskadi\/estrategia-euskadi\/#primaryimage\"},\"image\":{\"@id\":\"https:\/\/steam.eus\/es\/estrategia-steam-euskadi\/estrategia-euskadi\/#primaryimage\"},\"thumbnailUrl\":\"https:\/\/steam.eus\/wp-content\/uploads\/2020\/06\/steam-educ.jpg\",\"datePublished\":\"2020-06-16T17:46:35+00:00\",\"dateModified\":\"2024-06-27T09:48:09+00:00\",\"breadcrumb\":{\"@id\":\"https:\/\/steam.eus\/es\/estrategia-steam-euskadi\/estrategia-euskadi\/#breadcrumb\"},\"inLanguage\":\"es\",\"potentialAction\":[{\"@type\":\"ReadAction\",\"target\":[\"https:\/\/steam.eus\/es\/estrategia-steam-euskadi\/estrategia-euskadi\/\"]}]},{\"@type\":\"ImageObject\",\"inLanguage\":\"es\",\"@id\":\"https:\/\/steam.eus\/es\/estrategia-steam-euskadi\/estrategia-euskadi\/#primaryimage\",\"url\":\"https:\/\/steam.eus\/wp-content\/uploads\/2020\/06\/steam-educ.jpg\",\"contentUrl\":\"https:\/\/steam.eus\/wp-content\/uploads\/2020\/06\/steam-educ.jpg\",\"width\":1280,\"height\":520},{\"@type\":\"BreadcrumbList\",\"@id\":\"https:\/\/steam.eus\/es\/estrategia-steam-euskadi\/estrategia-euskadi\/#breadcrumb\",\"itemListElement\":[{\"@type\":\"ListItem\",\"position\":1,\"name\":\"Estrategia STEAM EUSKADI\",\"item\":\"https:\/\/steam.eus\/es\/estrategia-steam-euskadi\/\"},{\"@type\":\"ListItem\",\"position\":2,\"name\":\"\u00bfQu\u00e9 es la Educaci\u00f3n STEAM?\"}]},{\"@type\":\"WebSite\",\"@id\":\"https:\/\/steam.eus\/es\/#website\",\"url\":\"https:\/\/steam.eus\/es\/\",\"name\":\"Steam Euskadi\",\"description\":\"\",\"potentialAction\":[{\"@type\":\"SearchAction\",\"target\":{\"@type\":\"EntryPoint\",\"urlTemplate\":\"https:\/\/steam.eus\/es\/?s={search_term_string}\"},\"query-input\":{\"@type\":\"PropertyValueSpecification\",\"valueRequired\":true,\"valueName\":\"search_term_string\"}}],\"inLanguage\":\"es\"}]}<\/script>\n<!-- \/ Yoast SEO plugin. -->","yoast_head_json":{"title":"\u00bfQu\u00e9 es la Educaci\u00f3n STEAM? - Steam Euskadi","robots":{"index":"index","follow":"follow","max-snippet":"max-snippet:-1","max-image-preview":"max-image-preview:large","max-video-preview":"max-video-preview:-1"},"canonical":"https:\/\/steam.eus\/es\/estrategia-steam-euskadi\/estrategia-euskadi\/","og_locale":"es_ES","og_type":"article","og_title":"\u00bfQu\u00e9 es la Educaci\u00f3n STEAM? - Steam Euskadi","og_url":"https:\/\/steam.eus\/es\/estrategia-steam-euskadi\/estrategia-euskadi\/","og_site_name":"Steam Euskadi","article_modified_time":"2024-06-27T09:48:09+00:00","og_image":[{"width":1280,"height":520,"url":"https:\/\/steam.eus\/wp-content\/uploads\/2020\/06\/steam-educ.jpg","type":"image\/jpeg"}],"twitter_card":"summary_large_image","twitter_misc":{"Tiempo de lectura":"3 minutos"},"schema":{"@context":"https:\/\/schema.org","@graph":[{"@type":"WebPage","@id":"https:\/\/steam.eus\/es\/estrategia-steam-euskadi\/estrategia-euskadi\/","url":"https:\/\/steam.eus\/es\/estrategia-steam-euskadi\/estrategia-euskadi\/","name":"\u00bfQu\u00e9 es la Educaci\u00f3n STEAM? - Steam Euskadi","isPartOf":{"@id":"https:\/\/steam.eus\/es\/#website"},"primaryImageOfPage":{"@id":"https:\/\/steam.eus\/es\/estrategia-steam-euskadi\/estrategia-euskadi\/#primaryimage"},"image":{"@id":"https:\/\/steam.eus\/es\/estrategia-steam-euskadi\/estrategia-euskadi\/#primaryimage"},"thumbnailUrl":"https:\/\/steam.eus\/wp-content\/uploads\/2020\/06\/steam-educ.jpg","datePublished":"2020-06-16T17:46:35+00:00","dateModified":"2024-06-27T09:48:09+00:00","breadcrumb":{"@id":"https:\/\/steam.eus\/es\/estrategia-steam-euskadi\/estrategia-euskadi\/#breadcrumb"},"inLanguage":"es","potentialAction":[{"@type":"ReadAction","target":["https:\/\/steam.eus\/es\/estrategia-steam-euskadi\/estrategia-euskadi\/"]}]},{"@type":"ImageObject","inLanguage":"es","@id":"https:\/\/steam.eus\/es\/estrategia-steam-euskadi\/estrategia-euskadi\/#primaryimage","url":"https:\/\/steam.eus\/wp-content\/uploads\/2020\/06\/steam-educ.jpg","contentUrl":"https:\/\/steam.eus\/wp-content\/uploads\/2020\/06\/steam-educ.jpg","width":1280,"height":520},{"@type":"BreadcrumbList","@id":"https:\/\/steam.eus\/es\/estrategia-steam-euskadi\/estrategia-euskadi\/#breadcrumb","itemListElement":[{"@type":"ListItem","position":1,"name":"Estrategia STEAM EUSKADI","item":"https:\/\/steam.eus\/es\/estrategia-steam-euskadi\/"},{"@type":"ListItem","position":2,"name":"\u00bfQu\u00e9 es la Educaci\u00f3n STEAM?"}]},{"@type":"WebSite","@id":"https:\/\/steam.eus\/es\/#website","url":"https:\/\/steam.eus\/es\/","name":"Steam Euskadi","description":"","potentialAction":[{"@type":"SearchAction","target":{"@type":"EntryPoint","urlTemplate":"https:\/\/steam.eus\/es\/?s={search_term_string}"},"query-input":{"@type":"PropertyValueSpecification","valueRequired":true,"valueName":"search_term_string"}}],"inLanguage":"es"}]}},"_links":{"self":[{"href":"https:\/\/steam.eus\/es\/wp-json\/wp\/v2\/pages\/1743","targetHints":{"allow":["GET"]}}],"collection":[{"href":"https:\/\/steam.eus\/es\/wp-json\/wp\/v2\/pages"}],"about":[{"href":"https:\/\/steam.eus\/es\/wp-json\/wp\/v2\/types\/page"}],"author":[{"embeddable":true,"href":"https:\/\/steam.eus\/es\/wp-json\/wp\/v2\/users\/1"}],"replies":[{"embeddable":true,"href":"https:\/\/steam.eus\/es\/wp-json\/wp\/v2\/comments?post=1743"}],"version-history":[{"count":119,"href":"https:\/\/steam.eus\/es\/wp-json\/wp\/v2\/pages\/1743\/revisions"}],"predecessor-version":[{"id":1890,"href":"https:\/\/steam.eus\/es\/wp-json\/wp\/v2\/pages\/1743\/revisions\/1890"}],"up":[{"embeddable":true,"href":"https:\/\/steam.eus\/es\/wp-json\/wp\/v2\/pages\/9307"}],"wp:featuredmedia":[{"embeddable":true,"href":"https:\/\/steam.eus\/es\/wp-json\/wp\/v2\/media\/2197"}],"wp:attachment":[{"href":"https:\/\/steam.eus\/es\/wp-json\/wp\/v2\/media?parent=1743"}],"curies":[{"name":"wp","href":"https:\/\/api.w.org\/{rel}","templated":true}]}}