{"id":1748,"date":"2020-06-16T17:53:30","date_gmt":"2020-06-16T17:53:30","guid":{"rendered":"http:\/\/steam.eus\/?page_id=1748"},"modified":"2024-05-10T11:18:42","modified_gmt":"2024-05-10T11:18:42","slug":"i-estrategia-de-educacion-steam-euskadi","status":"publish","type":"page","link":"https:\/\/steam.eus\/es\/estrategia-steam-euskadi\/i-estrategia-de-educacion-steam-euskadi\/","title":{"rendered":"I Estrategia de Educaci\u00f3n STEAM Euskadi"},"content":{"rendered":"<section class=\"l-section wpb_row height_large color_primary\"><div class=\"l-section-overlay\" style=\"background:rgba(0,0,0,0.45)\"><\/div><div class=\"l-section-h i-cf\"><div class=\"g-cols via_flex valign_middle type_default\"><div class=\"vc_col-sm-12 wpb_column vc_column_container\"><div class=\"vc_column-inner\"><div class=\"wpb_wrapper\"><h1 class=\"w-post-elm post_title align_center entry-title color_link_inherit\">I Estrategia de Educaci\u00f3n STEAM Euskadi<\/h1><\/div><\/div><\/div><\/div><\/div><\/section><section class=\"l-section wpb_row height_medium\"><div class=\"l-section-h i-cf\"><div class=\"g-cols via_flex valign_top type_default\"><div class=\"vc_col-sm-4 wpb_column vc_column_container stretched\"><div class=\"vc_column-inner\"><div class=\"wpb_wrapper\"><div class=\"g-cols wpb_row us_custom_7a3c4afc top-header has_text_color via_flex valign_top type_default\"><div class=\"vc_col-sm-12 wpb_column vc_column_container\"><div class=\"vc_column-inner\"><div class=\"wpb_wrapper\"><div class=\"wpb_text_column us_custom_f03ee871\"><div class=\"wpb_wrapper\"><h2><strong>Antecedentes<\/strong><\/h2>\n<\/div><\/div><\/div><\/div><\/div><\/div><\/div><\/div><\/div><div class=\"vc_col-sm-8 wpb_column vc_column_container\"><div class=\"vc_column-inner us_custom_c57a8d10\"><div class=\"wpb_wrapper\"><div class=\"wpb_text_column\"><div class=\"wpb_wrapper\"><p>La <u><a href=\"https:\/\/www.irekia.euskadi.eus\/es\/news\/46907-cristina-uriarte-presenta-estrategia-educacion-steam-euskadi\">I Estrategia de Educaci\u00f3n STEAM Euskadi<\/a><\/u><a href=\"https:\/\/www.irekia.euskadi.eus\/es\/news\/46907-cristina-uriarte-presenta-estrategia-educacion-steam-euskadi\"> fue presentada en junio de 2018<\/a> por la consejera de Educaci\u00f3n de Gobierno Vasco, Cristina Uriarte, junto a su equipo de viceconsejeros y viceconsejeras. Una estrategia que tiene como objetivos impulsar la educaci\u00f3n y formaci\u00f3n cient\u00edfico-t\u00e9cnica en todas las etapas educativas, implicando para ello a los agentes socioecon\u00f3micos; inspirar vocaciones y aspiraciones profesionales en el \u00e1mbito STEM, con especial atenci\u00f3n a las alumnas; y promocionar la divulgaci\u00f3n y la cultura cient\u00edfico-tecnol\u00f3gica entre la ciudadan\u00eda vasca.<\/p>\n<p>En el marco de la estrategia se definieron varios conceptos como qu\u00e9 es la educaci\u00f3n STEAM, cu\u00e1les son los estudios vinculados a las profesiones en ciencias, tecnolog\u00eda, ingenier\u00eda y matem\u00e1ticas (STEM) o qu\u00e9 caracter\u00edsticas debe de tener una iniciativa para ser STEAM.<\/p>\n<p>La estrategia tiene cierto car\u00e1cter did\u00e1ctico para aclarar dudas existentes sobre este tema, as\u00ed como alinear los esfuerzos que se realizan en el \u00e1mbito de la educaci\u00f3n y\/o promoci\u00f3n de las profesiones cient\u00edfico-tecnol\u00f3gicas.<\/p>\n<\/div><\/div><div class=\"w-btn-wrapper align_none\"><a class=\"w-btn us-btn-style_10 icon_atleft\" target=\"_blank\" href=\"\/wp-content\/uploads\/2020\/07\/STEAM_Euskadi_aurkezpena_gazt.pdf\" rel=\"noopener\"><i class=\"fas fa-download\"><\/i><span class=\"w-btn-label\">Resumen ejecutivo de la estrategia<\/span><\/a><\/div><div class=\"w-separator size_medium\"><\/div><\/div><\/div><\/div><\/div><\/div><\/section><section class=\"l-section wpb_row height_medium\" id=\"objetivos\"><div class=\"l-section-overlay\" style=\"background:#f5f5f5\"><\/div><div class=\"l-section-h i-cf\"><div class=\"g-cols via_flex valign_bottom type_default\"><div class=\"vc_col-sm-4 wpb_column vc_column_container stretched\"><div class=\"vc_column-inner\"><div class=\"wpb_wrapper\"><div class=\"g-cols wpb_row us_custom_7a3c4afc top-header has_text_color via_flex valign_top type_default\"><div class=\"vc_col-sm-12 wpb_column vc_column_container\"><div class=\"vc_column-inner\"><div class=\"wpb_wrapper\"><div class=\"wpb_text_column us_custom_f03ee871\"><div class=\"wpb_wrapper\"><h2><strong>L\u00edneas estrat\u00e9gicas<\/strong> del Gobierno Vasco<\/h2>\n<\/div><\/div><\/div><\/div><\/div><\/div><\/div><\/div><\/div><div class=\"vc_col-sm-8 wpb_column vc_column_container\"><div class=\"vc_column-inner us_custom_c57a8d10\"><div class=\"wpb_wrapper\"><\/div><\/div><\/div><\/div><\/div><\/section><section class=\"l-section wpb_row height_auto parallax_ver\"><div class=\"l-section-overlay\" style=\"background:#f5f5f5\"><\/div><div class=\"l-section-h i-cf\"><div class=\"g-cols via_flex valign_top type_default\" style=\"--additional-gap:5px;\"><div class=\"vc_col-sm-4 wpb_column vc_column_container\"><div class=\"vc_column-inner\"><div class=\"wpb_wrapper\"><div class=\"wpb_text_column\"><div class=\"wpb_wrapper\"><h2><b>Objetivo 1<\/b><\/h2>\n<p><strong>Impulsar la educaci\u00f3n y formaci\u00f3n<\/strong> cient\u00edfico-t\u00e9cnica en todas las etapas educativas, implicando para ello a los agentes socio-econ\u00f3micos.<\/p>\n<\/div><\/div><\/div><\/div><\/div><div class=\"vc_col-sm-8 wpb_column vc_column_container\"><div class=\"vc_column-inner\"><div class=\"wpb_wrapper\"><div class=\"g-cols wpb_row via_flex valign_top type_default\" style=\"--additional-gap:5px;\"><div class=\"vc_col-sm-6 wpb_column vc_column_container azul1\"><div class=\"vc_column-inner\"><div class=\"wpb_wrapper\"><div class=\"wpb_text_column\"><div class=\"wpb_wrapper\"><p class=\"lineaestrategica\"><strong>L1<\/strong><br>\nIncrementar la presencia y eficacia de la educaci\u00f3n STEAM y la formaci\u00f3n cient\u00edfico-t\u00e9cnica en las diferentes etapas formativas<\/p>\n<\/div><\/div><\/div><\/div><\/div><div class=\"vc_col-sm-6 wpb_column vc_column_container azul1\"><div class=\"vc_column-inner\"><div class=\"wpb_wrapper\"><div class=\"wpb_text_column\"><div class=\"wpb_wrapper\"><p class=\"lineaestrategica\"><strong>L2<\/strong><br>\nMejorar la conexi\u00f3n entre las diferentes etapas educativas (EP, ESO, Bachillerato, FP y Universidad)<\/p>\n<\/div><\/div><\/div><\/div><\/div><\/div><div class=\"g-cols wpb_row via_flex valign_top type_default\" style=\"--additional-gap:5px;\"><div class=\"vc_col-sm-6 wpb_column vc_column_container azul1\"><div class=\"vc_column-inner\"><div class=\"wpb_wrapper\"><div class=\"wpb_text_column\"><div class=\"wpb_wrapper\"><p class=\"lineaestrategica\"><strong>L3<\/strong><br>\nImpulsar la formaci\u00f3n del profesorado en el desarrollo de la educaci\u00f3n STEAM<\/p>\n<\/div><\/div><\/div><\/div><\/div><div class=\"vc_col-sm-6 wpb_column vc_column_container azul1\"><div class=\"vc_column-inner\"><div class=\"wpb_wrapper\"><div class=\"wpb_text_column\"><div class=\"wpb_wrapper\"><p class=\"lineaestrategica\"><strong>L4<\/strong><br>\nAcercar a profesionales y egresados STEM a la Educaci\u00f3n STEAM<\/p>\n<\/div><\/div><\/div><\/div><\/div><\/div><\/div><\/div><\/div><\/div><\/div><\/section><section class=\"l-section wpb_row height_auto parallax_ver\"><div class=\"l-section-overlay\" style=\"background:#f5f5f5\"><\/div><div class=\"l-section-h i-cf\"><div class=\"g-cols via_flex valign_top type_default\" style=\"--additional-gap:5px;\"><div class=\"vc_col-sm-4 wpb_column vc_column_container\"><div class=\"vc_column-inner\"><div class=\"wpb_wrapper\"><div class=\"wpb_text_column\"><div class=\"wpb_wrapper\"><h2><b>Objetivo 2 <\/b><\/h2>\n<p><strong>Inspirar vocaciones y aspiraciones profesionales<\/strong> en el \u00e1mbito STEM, con especial atenci\u00f3n a las alumnas, para prepararles adecuadamente ante los retos de futuro.<\/p>\n<\/div><\/div><\/div><\/div><\/div><div class=\"vc_col-sm-8 wpb_column vc_column_container\"><div class=\"vc_column-inner\"><div class=\"wpb_wrapper\"><div class=\"g-cols wpb_row via_flex valign_top type_default\" style=\"--additional-gap:5px;\"><div class=\"vc_col-sm-6 wpb_column vc_column_container azul2\"><div class=\"vc_column-inner\"><div class=\"wpb_wrapper\"><div class=\"wpb_text_column\"><div class=\"wpb_wrapper\"><p class=\"lineaestrategica\"><strong>L5<\/strong><br>\nReforzar la orientaci\u00f3n educativa y profesional STEM en colaboraci\u00f3n con centros educativos, centros de FP, centros universitarios y la sociedad<\/p>\n<\/div><\/div><\/div><\/div><\/div><div class=\"vc_col-sm-6 wpb_column vc_column_container azul2\"><div class=\"vc_column-inner\"><div class=\"wpb_wrapper\"><div class=\"wpb_text_column\"><div class=\"wpb_wrapper\"><p class=\"lineaestrategica\"><strong>L6<\/strong><br>\nArticular mecanismos de colaboraci\u00f3n y coordinaci\u00f3n entre el tejido socio-econ\u00f3mico y todas las etapas formativas<\/p>\n<\/div><\/div><\/div><\/div><\/div><\/div><div class=\"g-cols wpb_row via_flex valign_top type_default\" style=\"--additional-gap:5px;\"><div class=\"vc_col-sm-6 wpb_column vc_column_container azul2\"><div class=\"vc_column-inner\"><div class=\"wpb_wrapper\"><div class=\"wpb_text_column\"><div class=\"wpb_wrapper\"><p class=\"lineaestrategica\"><strong>L7<\/strong><br>\nCrear acciones espec\u00edficas para inspirar vocaciones en el \u00e1mbito STEM entre las alumnas<\/p>\n<\/div><\/div><\/div><\/div><\/div><div class=\"vc_col-sm-6 wpb_column vc_column_container\"><div class=\"vc_column-inner\"><div class=\"wpb_wrapper\"><\/div><\/div><\/div><\/div><\/div><\/div><\/div><\/div><\/div><\/section><section class=\"l-section wpb_row height_auto parallax_ver\"><div class=\"l-section-overlay\" style=\"background:#f5f5f5\"><\/div><div class=\"l-section-h i-cf\"><div class=\"g-cols via_flex valign_top type_default\" style=\"--additional-gap:5px;\"><div class=\"vc_col-sm-4 wpb_column vc_column_container\"><div class=\"vc_column-inner\"><div class=\"wpb_wrapper\"><div class=\"wpb_text_column\"><div class=\"wpb_wrapper\"><h2><b>Objetivo 3 <\/b><\/h2>\n<p><strong>Promocionar la divulgaci\u00f3n y la cultura<\/strong> cient\u00edfico-tecnol\u00f3gica entre la ciudadan\u00eda vasca.<\/p>\n<\/div><\/div><\/div><\/div><\/div><div class=\"vc_col-sm-8 wpb_column vc_column_container\"><div class=\"vc_column-inner\"><div class=\"wpb_wrapper\"><div class=\"g-cols wpb_row via_flex valign_top type_default\" style=\"--additional-gap:5px;\"><div class=\"vc_col-sm-6 wpb_column vc_column_container azul4\"><div class=\"vc_column-inner\"><div class=\"wpb_wrapper\"><div class=\"wpb_text_column\"><div class=\"wpb_wrapper\"><p class=\"lineaestrategica\"><strong>L8<\/strong><br>\nImpulsar acciones de divulgaci\u00f3n y de promoci\u00f3n de la cultura cient\u00edfico-tecnol\u00f3gica<\/p>\n<\/div><\/div><\/div><\/div><\/div><div class=\"vc_col-sm-6 wpb_column vc_column_container azul4\"><div class=\"vc_column-inner\"><div class=\"wpb_wrapper\"><div class=\"wpb_text_column\"><div class=\"wpb_wrapper\"><p class=\"lineaestrategica\"><strong>L9<\/strong><br>\nMostrar las oportunidades que ofrecen las profesiones STEM y visibilizar las mismas<\/p>\n<\/div><\/div><\/div><\/div><\/div><\/div><\/div><\/div><\/div><\/div><\/div><\/section><section class=\"l-section wpb_row height_auto\"><div class=\"l-section-overlay\" style=\"background:#f5f5f5\"><\/div><div class=\"l-section-h i-cf\"><div class=\"g-cols via_flex valign_top type_default\"><div class=\"vc_col-sm-12 wpb_column vc_column_container\"><div class=\"vc_column-inner\"><div class=\"wpb_wrapper\"><div class=\"g-cols wpb_row us_custom_b2452879 via_flex valign_top type_default\"><div class=\"vc_col-sm-12 wpb_column vc_column_container azul\"><div class=\"vc_column-inner\"><div class=\"wpb_wrapper\"><div class=\"wpb_text_column\"><div class=\"wpb_wrapper\"><p class=\"lineaestrategica\" style=\"text-align: center;\"><strong>L10<\/strong><br>\nPoner en marcha mecanismos de coordinaci\u00f3n y seguimiento de la estrategia<\/p>\n<\/div><\/div><\/div><\/div><\/div><\/div><\/div><\/div><\/div><\/div><\/div><\/section><section class=\"l-section wpb_row height_medium\"><div class=\"l-section-overlay\" style=\"background:#f5f5f5\"><\/div><div class=\"l-section-h i-cf\"><div class=\"g-cols via_flex valign_top type_default\"><div class=\"vc_col-sm-12 wpb_column vc_column_container\"><div class=\"vc_column-inner\"><div class=\"wpb_wrapper\"><\/div><\/div><\/div><\/div><\/div><\/section>\n","protected":false},"excerpt":{"rendered":"I Estrategia de Educaci\u00f3n STEAM Euskadi Antecedentes La I Estrategia de Educaci\u00f3n STEAM Euskadi fue presentada en junio de 2018 por la consejera de Educaci\u00f3n de Gobierno Vasco, Cristina Uriarte, junto a su equipo de viceconsejeros y viceconsejeras. Una estrategia que tiene como objetivos impulsar la educaci\u00f3n y formaci\u00f3n cient\u00edfico-t\u00e9cnica en todas las etapas educativas,...","protected":false},"author":1,"featured_media":2199,"parent":9307,"menu_order":1,"comment_status":"closed","ping_status":"closed","template":"","meta":{"_acf_changed":false,"footnotes":""},"class_list":["post-1748","page","type-page","status-publish","has-post-thumbnail","hentry"],"acf":[],"yoast_head":"<!-- This site is optimized with the Yoast SEO plugin v24.9 - https:\/\/yoast.com\/wordpress\/plugins\/seo\/ -->\n<title>I Estrategia de Educaci\u00f3n STEAM Euskadi - Steam Euskadi<\/title>\n<meta name=\"robots\" content=\"index, follow, max-snippet:-1, max-image-preview:large, max-video-preview:-1\" \/>\n<link rel=\"canonical\" href=\"https:\/\/steam.eus\/es\/estrategia-steam-euskadi\/i-estrategia-de-educacion-steam-euskadi\/\" \/>\n<meta property=\"og:locale\" content=\"es_ES\" \/>\n<meta property=\"og:type\" content=\"article\" \/>\n<meta property=\"og:title\" content=\"I Estrategia de Educaci\u00f3n STEAM Euskadi - Steam Euskadi\" \/>\n<meta property=\"og:url\" content=\"https:\/\/steam.eus\/es\/estrategia-steam-euskadi\/i-estrategia-de-educacion-steam-euskadi\/\" \/>\n<meta property=\"og:site_name\" content=\"Steam Euskadi\" \/>\n<meta property=\"article:modified_time\" content=\"2024-05-10T11:18:42+00:00\" \/>\n<meta property=\"og:image\" content=\"https:\/\/steam.eus\/wp-content\/uploads\/2020\/06\/steam-estrategia.jpg\" \/>\n\t<meta property=\"og:image:width\" content=\"1280\" \/>\n\t<meta property=\"og:image:height\" content=\"520\" \/>\n\t<meta property=\"og:image:type\" content=\"image\/jpeg\" \/>\n<meta name=\"twitter:card\" content=\"summary_large_image\" \/>\n<meta name=\"twitter:label1\" content=\"Tiempo de lectura\" \/>\n\t<meta name=\"twitter:data1\" content=\"3 minutos\" \/>\n<script type=\"application\/ld+json\" class=\"yoast-schema-graph\">{\"@context\":\"https:\/\/schema.org\",\"@graph\":[{\"@type\":\"WebPage\",\"@id\":\"https:\/\/steam.eus\/es\/estrategia-steam-euskadi\/i-estrategia-de-educacion-steam-euskadi\/\",\"url\":\"https:\/\/steam.eus\/es\/estrategia-steam-euskadi\/i-estrategia-de-educacion-steam-euskadi\/\",\"name\":\"I Estrategia de Educaci\u00f3n STEAM Euskadi - Steam Euskadi\",\"isPartOf\":{\"@id\":\"https:\/\/steam.eus\/es\/#website\"},\"primaryImageOfPage\":{\"@id\":\"https:\/\/steam.eus\/es\/estrategia-steam-euskadi\/i-estrategia-de-educacion-steam-euskadi\/#primaryimage\"},\"image\":{\"@id\":\"https:\/\/steam.eus\/es\/estrategia-steam-euskadi\/i-estrategia-de-educacion-steam-euskadi\/#primaryimage\"},\"thumbnailUrl\":\"https:\/\/steam.eus\/wp-content\/uploads\/2020\/06\/steam-estrategia.jpg\",\"datePublished\":\"2020-06-16T17:53:30+00:00\",\"dateModified\":\"2024-05-10T11:18:42+00:00\",\"breadcrumb\":{\"@id\":\"https:\/\/steam.eus\/es\/estrategia-steam-euskadi\/i-estrategia-de-educacion-steam-euskadi\/#breadcrumb\"},\"inLanguage\":\"es\",\"potentialAction\":[{\"@type\":\"ReadAction\",\"target\":[\"https:\/\/steam.eus\/es\/estrategia-steam-euskadi\/i-estrategia-de-educacion-steam-euskadi\/\"]}]},{\"@type\":\"ImageObject\",\"inLanguage\":\"es\",\"@id\":\"https:\/\/steam.eus\/es\/estrategia-steam-euskadi\/i-estrategia-de-educacion-steam-euskadi\/#primaryimage\",\"url\":\"https:\/\/steam.eus\/wp-content\/uploads\/2020\/06\/steam-estrategia.jpg\",\"contentUrl\":\"https:\/\/steam.eus\/wp-content\/uploads\/2020\/06\/steam-estrategia.jpg\",\"width\":1280,\"height\":520},{\"@type\":\"BreadcrumbList\",\"@id\":\"https:\/\/steam.eus\/es\/estrategia-steam-euskadi\/i-estrategia-de-educacion-steam-euskadi\/#breadcrumb\",\"itemListElement\":[{\"@type\":\"ListItem\",\"position\":1,\"name\":\"Estrategia STEAM EUSKADI\",\"item\":\"https:\/\/steam.eus\/es\/estrategia-steam-euskadi\/\"},{\"@type\":\"ListItem\",\"position\":2,\"name\":\"I Estrategia de Educaci\u00f3n STEAM Euskadi\"}]},{\"@type\":\"WebSite\",\"@id\":\"https:\/\/steam.eus\/es\/#website\",\"url\":\"https:\/\/steam.eus\/es\/\",\"name\":\"Steam Euskadi\",\"description\":\"\",\"potentialAction\":[{\"@type\":\"SearchAction\",\"target\":{\"@type\":\"EntryPoint\",\"urlTemplate\":\"https:\/\/steam.eus\/es\/?s={search_term_string}\"},\"query-input\":{\"@type\":\"PropertyValueSpecification\",\"valueRequired\":true,\"valueName\":\"search_term_string\"}}],\"inLanguage\":\"es\"}]}<\/script>\n<!-- \/ Yoast SEO plugin. -->","yoast_head_json":{"title":"I Estrategia de Educaci\u00f3n STEAM Euskadi - Steam Euskadi","robots":{"index":"index","follow":"follow","max-snippet":"max-snippet:-1","max-image-preview":"max-image-preview:large","max-video-preview":"max-video-preview:-1"},"canonical":"https:\/\/steam.eus\/es\/estrategia-steam-euskadi\/i-estrategia-de-educacion-steam-euskadi\/","og_locale":"es_ES","og_type":"article","og_title":"I Estrategia de Educaci\u00f3n STEAM Euskadi - Steam Euskadi","og_url":"https:\/\/steam.eus\/es\/estrategia-steam-euskadi\/i-estrategia-de-educacion-steam-euskadi\/","og_site_name":"Steam Euskadi","article_modified_time":"2024-05-10T11:18:42+00:00","og_image":[{"width":1280,"height":520,"url":"https:\/\/steam.eus\/wp-content\/uploads\/2020\/06\/steam-estrategia.jpg","type":"image\/jpeg"}],"twitter_card":"summary_large_image","twitter_misc":{"Tiempo de lectura":"3 minutos"},"schema":{"@context":"https:\/\/schema.org","@graph":[{"@type":"WebPage","@id":"https:\/\/steam.eus\/es\/estrategia-steam-euskadi\/i-estrategia-de-educacion-steam-euskadi\/","url":"https:\/\/steam.eus\/es\/estrategia-steam-euskadi\/i-estrategia-de-educacion-steam-euskadi\/","name":"I Estrategia de Educaci\u00f3n STEAM Euskadi - Steam Euskadi","isPartOf":{"@id":"https:\/\/steam.eus\/es\/#website"},"primaryImageOfPage":{"@id":"https:\/\/steam.eus\/es\/estrategia-steam-euskadi\/i-estrategia-de-educacion-steam-euskadi\/#primaryimage"},"image":{"@id":"https:\/\/steam.eus\/es\/estrategia-steam-euskadi\/i-estrategia-de-educacion-steam-euskadi\/#primaryimage"},"thumbnailUrl":"https:\/\/steam.eus\/wp-content\/uploads\/2020\/06\/steam-estrategia.jpg","datePublished":"2020-06-16T17:53:30+00:00","dateModified":"2024-05-10T11:18:42+00:00","breadcrumb":{"@id":"https:\/\/steam.eus\/es\/estrategia-steam-euskadi\/i-estrategia-de-educacion-steam-euskadi\/#breadcrumb"},"inLanguage":"es","potentialAction":[{"@type":"ReadAction","target":["https:\/\/steam.eus\/es\/estrategia-steam-euskadi\/i-estrategia-de-educacion-steam-euskadi\/"]}]},{"@type":"ImageObject","inLanguage":"es","@id":"https:\/\/steam.eus\/es\/estrategia-steam-euskadi\/i-estrategia-de-educacion-steam-euskadi\/#primaryimage","url":"https:\/\/steam.eus\/wp-content\/uploads\/2020\/06\/steam-estrategia.jpg","contentUrl":"https:\/\/steam.eus\/wp-content\/uploads\/2020\/06\/steam-estrategia.jpg","width":1280,"height":520},{"@type":"BreadcrumbList","@id":"https:\/\/steam.eus\/es\/estrategia-steam-euskadi\/i-estrategia-de-educacion-steam-euskadi\/#breadcrumb","itemListElement":[{"@type":"ListItem","position":1,"name":"Estrategia STEAM EUSKADI","item":"https:\/\/steam.eus\/es\/estrategia-steam-euskadi\/"},{"@type":"ListItem","position":2,"name":"I Estrategia de Educaci\u00f3n STEAM Euskadi"}]},{"@type":"WebSite","@id":"https:\/\/steam.eus\/es\/#website","url":"https:\/\/steam.eus\/es\/","name":"Steam Euskadi","description":"","potentialAction":[{"@type":"SearchAction","target":{"@type":"EntryPoint","urlTemplate":"https:\/\/steam.eus\/es\/?s={search_term_string}"},"query-input":{"@type":"PropertyValueSpecification","valueRequired":true,"valueName":"search_term_string"}}],"inLanguage":"es"}]}},"_links":{"self":[{"href":"https:\/\/steam.eus\/es\/wp-json\/wp\/v2\/pages\/1748","targetHints":{"allow":["GET"]}}],"collection":[{"href":"https:\/\/steam.eus\/es\/wp-json\/wp\/v2\/pages"}],"about":[{"href":"https:\/\/steam.eus\/es\/wp-json\/wp\/v2\/types\/page"}],"author":[{"embeddable":true,"href":"https:\/\/steam.eus\/es\/wp-json\/wp\/v2\/users\/1"}],"replies":[{"embeddable":true,"href":"https:\/\/steam.eus\/es\/wp-json\/wp\/v2\/comments?post=1748"}],"version-history":[{"count":108,"href":"https:\/\/steam.eus\/es\/wp-json\/wp\/v2\/pages\/1748\/revisions"}],"predecessor-version":[{"id":9588,"href":"https:\/\/steam.eus\/es\/wp-json\/wp\/v2\/pages\/1748\/revisions\/9588"}],"up":[{"embeddable":true,"href":"https:\/\/steam.eus\/es\/wp-json\/wp\/v2\/pages\/9307"}],"wp:featuredmedia":[{"embeddable":true,"href":"https:\/\/steam.eus\/es\/wp-json\/wp\/v2\/media\/2199"}],"wp:attachment":[{"href":"https:\/\/steam.eus\/es\/wp-json\/wp\/v2\/media?parent=1748"}],"curies":[{"name":"wp","href":"https:\/\/api.w.org\/{rel}","templated":true}]}}