{"id":2917,"date":"2020-12-10T08:24:21","date_gmt":"2020-12-10T08:24:21","guid":{"rendered":"http:\/\/steam.eus\/?page_id=2917"},"modified":"2023-09-21T07:29:48","modified_gmt":"2023-09-21T07:29:48","slug":"topaketak-2022","status":"publish","type":"page","link":"https:\/\/steam.eus\/es\/premios\/steam-euskadi-topaketak-2\/topaketak-2022\/","title":{"rendered":"STEAM Euskadi Topaketak 2022"},"content":{"rendered":"<section class=\"l-section wpb_row height_large color_primary\"><div class=\"l-section-overlay\" style=\"background:rgba(0,0,0,0.45)\"><\/div><div class=\"l-section-h i-cf\"><div class=\"g-cols via_flex valign_middle type_default\"><div class=\"vc_col-sm-12 wpb_column vc_column_container\"><div class=\"vc_column-inner\"><div class=\"wpb_wrapper\"><h1 class=\"w-post-elm post_title align_center entry-title color_link_inherit\">STEAM Euskadi Topaketak 2022<\/h1><\/div><\/div><\/div><\/div><\/div><\/section><section class=\"l-section wpb_row height_medium\" id=\"que\"><div class=\"l-section-h i-cf\"><div class=\"g-cols via_flex valign_middle type_default\"><div class=\"vc_col-sm-6 wpb_column vc_column_container\"><div class=\"vc_column-inner\"><div class=\"wpb_wrapper\"><div class=\"wpb_text_column\"><div class=\"wpb_wrapper\"><h2>Experiencias educativas<br>\ncon impacto<br>\n<b><\/b><\/h2>\n<\/div><\/div><div class=\"wpb_text_column\"><div class=\"wpb_wrapper\"><p>Se ha puesto en marcha el ciclo de webinars formativos \u201c<strong>STEAM Euskadi Topaketak<\/strong>\u201d donde se han abordado tem\u00e1ticas clave de la educaci\u00f3n STEAM como la integraci\u00f3n de diferentes asignaturas, las metodolog\u00edas activas m\u00e1s adecuadas, la cultura cient\u00edfica y el pensamiento cr\u00edtico, las vocaciones tecnol\u00f3gicas entre las ni\u00f1as o c\u00f3mo incorporar la diversidad en el dise\u00f1o de las actividades para el aula.<\/p>\n<p>En los encuentros hemos conocido en profundidad las <strong>9 iniciativas<\/strong> <strong>finalistas<\/strong> de los Premios STEAM Euskadi Sariak 2021.Los y las docentes que han liderado estos proyectos educativos han sido los protagonistas.<\/p>\n<\/div><\/div><\/div><\/div><\/div><div class=\"vc_col-sm-6 wpb_column vc_column_container\"><div class=\"vc_column-inner\"><div class=\"wpb_wrapper\"><div class=\"w-image align_center us_animate_afc\"><div class=\"w-image-h\"><img width=\"1024\" height=\"768\" class=\"attachment-large size-large lazyload\" alt=\"\" sizes=\"(max-width: 1024px) 100vw, 1024px\" data-srcset=\"https:\/\/steam.eus\/wp-content\/uploads\/2020\/12\/steam-euskadi-topaketak-1024x768.jpg 1024w, https:\/\/steam.eus\/wp-content\/uploads\/2020\/12\/steam-euskadi-topaketak-150x113.jpg 150w, https:\/\/steam.eus\/wp-content\/uploads\/2020\/12\/steam-euskadi-topaketak-300x225.jpg 300w, https:\/\/steam.eus\/wp-content\/uploads\/2020\/12\/steam-euskadi-topaketak-400x300.jpg 400w, https:\/\/steam.eus\/wp-content\/uploads\/2020\/12\/steam-euskadi-topaketak-480x360.jpg 480w, https:\/\/steam.eus\/wp-content\/uploads\/2020\/12\/steam-euskadi-topaketak-550x413.jpg 550w, https:\/\/steam.eus\/wp-content\/uploads\/2020\/12\/steam-euskadi-topaketak-768x576.jpg 768w, https:\/\/steam.eus\/wp-content\/uploads\/2020\/12\/steam-euskadi-topaketak-992x744.jpg 992w, https:\/\/steam.eus\/wp-content\/uploads\/2020\/12\/steam-euskadi-topaketak-1200x900.jpg 1200w, https:\/\/steam.eus\/wp-content\/uploads\/2020\/12\/steam-euskadi-topaketak.jpg 1400w\" data-src=\"https:\/\/steam.eus\/wp-content\/uploads\/2020\/12\/steam-euskadi-topaketak-1024x768.jpg\"><\/div><\/div><\/div><\/div><\/div><\/div><\/div><\/section><section class=\"l-section wpb_row height_medium with_img parallax_ver\"><div class=\"l-section-img\" style=\"background-image: url(https:\/\/steam.eus\/wp-content\/uploads\/2020\/12\/steam-euskadi-kopaketak.jpg);\" data-img-width=\"1600\" data-img-height=\"1067\"><\/div><div class=\"l-section-h i-cf\"><div class=\"g-cols via_flex valign_middle type_default\"><div class=\"vc_col-sm-12 wpb_column vc_column_container\"><div class=\"vc_column-inner\"><div class=\"wpb_wrapper\"><div class=\"w-separator size_custom\" style=\"height:400px\"><\/div><\/div><\/div><\/div><\/div><\/div><\/section><section class=\"l-section wpb_row height_medium\" id=\"encuentros\"><div class=\"l-section-h i-cf\"><div class=\"g-cols via_flex valign_top type_default\" style=\"--additional-gap:10px;\"><div class=\"vc_col-sm-4 wpb_column vc_column_container stretched\"><div class=\"vc_column-inner\"><div class=\"wpb_wrapper\"><div class=\"g-cols wpb_row us_custom_a567a53b top-header has_text_color via_flex valign_top type_default\"><div class=\"vc_col-sm-12 wpb_column vc_column_container\"><div class=\"vc_column-inner us_custom_f03ee871\"><div class=\"wpb_wrapper\"><div class=\"wpb_text_column\"><div class=\"wpb_wrapper\"><h2><strong>Encuentros<\/strong><\/h2>\n<\/div><\/div><\/div><\/div><\/div><\/div><\/div><\/div><\/div><div class=\"vc_col-sm-8 wpb_column vc_column_container\"><div class=\"vc_column-inner us_custom_c1c467ae\"><div class=\"wpb_wrapper\"><div class=\"wpb_text_column\"><div class=\"wpb_wrapper\"><p>Estos son los 3 encuentros realizados:<\/p>\n<\/div><\/div><\/div><\/div><\/div><\/div><\/div><\/section><section class=\"l-section wpb_row height_auto\"><div class=\"l-section-h i-cf\"><div class=\"g-cols via_flex valign_top type_default\" style=\"--additional-gap:10px;\"><div class=\"vc_col-sm-4 wpb_column vc_column_container has_bg_color\"><div class=\"vc_column-inner us_custom_0d15be52\"><div class=\"wpb_wrapper\"><div class=\"wpb_text_column us_custom_d1310cba\"><div class=\"wpb_wrapper\"><p>TOPAKETA 1<\/p>\n<\/div><\/div><div class=\"w-hwrapper align_none valign_top\"><div class=\"w-vwrapper us_custom_46ed0ada align_center valign_middle\" style=\"--vwrapper-gap:0rem\"><div class=\"wpb_text_column us_custom_e7950f34 has_text_color\"><div class=\"wpb_wrapper\"><p style=\"text-align: center;\">NOV<\/p>\n<\/div><\/div><div class=\"wpb_text_column us_custom_32b2e827\"><div class=\"wpb_wrapper\"><h2 style=\"text-align: center;\"><strong>16<\/strong><\/h2>\n<\/div><\/div><\/div><div class=\"w-vwrapper align_none valign_top\" style=\"--vwrapper-gap:0\"><div class=\"wpb_text_column\"><div class=\"wpb_wrapper\"><h4><strong>\u00bfC\u00f3mo integrar proyectos STEAM desde el aula?<br>\n<\/strong><\/h4>\n<p>17:00 h<\/p>\n<\/div><\/div><\/div><\/div><div class=\"w-separator size_custom with_line width_default thick_1 style_dashed color_primary align_center\" style=\"height:30px\"><div class=\"w-separator-h\"><\/div><\/div><div class=\"wpb_text_column\"><div class=\"wpb_wrapper\"><p><strong>\u201cSTEMotiv\u201d<br>\n<\/strong>Patricia Ar\u00e1nzazu Gonz\u00e1lez Atutxa \/ Unai Carmona Igartua \u2013 Mondrag\u00f3n Unibertsitatea \u2013 Facultad de Humanidades y Ciencias de la Educaci\u00f3n<\/p>\n<p><strong>\u201cTxiki STEAM\u201d<br>\n<\/strong>Ixone Ba\u00f1uelos Ormaetxea \u2013 Colegio Urdaneta<\/p>\n<p><strong>\u201cUK STEAM\u201d<br>\n<\/strong>Susana Beltr\u00e1n de Heredia \/ Instituto Uribe \u2013 Kosta<\/p>\n<p><strong>Conduce:<br>\n<\/strong>Maitena Salinas<\/p>\n<\/div><\/div><div class=\"w-popup align_center\"><div class=\"w-btn-wrapper\"><a class=\"w-popup-trigger type_btn w-btn us-btn-style_10 icon_atleft\" href=\"javascript:void(0)\"><i class=\"fas fa-eye\"><\/i><span class=\"w-btn-label\">Contenido Topaketa 1<\/span><\/a><\/div><div class=\"w-popup-overlay\" style=\"background:rgba(0,0,0,0.85);\"><\/div><div class=\"w-popup-wrap\"><div class=\"w-popup-box animation_fadeIn with_title\" style=\"border-radius:5px;width:730px;\"><div class=\"w-popup-box-h\"><div class=\"w-popup-box-title\" style=\"color:var(--color-content-heading);background:var(--color-content-bg-alt);\">\u00bfC\u00f3mo integrar proyectos STEAM desde el aula?<\/div><div class=\"w-popup-box-content\" style=\"padding:10px;background:#f5f5f5;color:var(--color-content-text);\"><p><iframe loading=\"lazy\" src=\"https:\/\/www.youtube.com\/embed\/oDvQQm_QMC0\" width=\"710\" height=\"400\" frameborder=\"0\" allowfullscreen=\"allowfullscreen\"><span style=\"display: inline-block; width: 0px; overflow: hidden; line-height: 0;\" data-mce-type=\"bookmark\" class=\"mce_SELRES_start\">\ufeff<\/span><span style=\"display: inline-block; width: 0px; overflow: hidden; line-height: 0;\" data-mce-type=\"bookmark\" class=\"mce_SELRES_start\">\ufeff<\/span><\/iframe><\/p>\n<table>\n<tbody>\n<tr>\n<td><strong>\u201cSTEMotiv\u201d<\/strong><\/td>\n<td><a href=\"https:\/\/steam.eus\/wp-content\/uploads\/2022\/11\/STEMotiv_HUHEZI.pdf\" target=\"_blank\" rel=\"noopener noreferrer\"><i class=\"fas fa-file-powerpoint\"><\/i> Pdf<\/a><\/td>\n<\/tr>\n<tr>\n<td><strong>\u201cTxiki STEAM\u201d<\/strong><\/td>\n<td><a href=\"https:\/\/steam.eus\/wp-content\/uploads\/2022\/11\/TXIKI_STEAM_URDANETA.pdf\" target=\"_blank\" rel=\"noopener noreferrer\"><i class=\"fas fa-file-powerpoint\"><\/i> Pdf<\/a><\/td>\n<\/tr>\n<tr>\n<td><strong>\u201cUK STEAM\u201d<\/strong><\/td>\n<td><a href=\"https:\/\/steam.eus\/wp-content\/uploads\/2022\/11\/UribeKosta.pdf\" target=\"_blank\" rel=\"noopener noreferrer\"><i class=\"fas fa-file-powerpoint\"><\/i> Pdf<\/a><\/td>\n<\/tr>\n<\/tbody>\n<\/table>\n<\/div><\/div><\/div><div class=\"w-popup-closer\" style=\"background:#f5f5f5;color:var(--color-content-text);\"><\/div><\/div><\/div><\/div><\/div><\/div><div class=\"vc_col-sm-4 wpb_column vc_column_container has_bg_color\"><div class=\"vc_column-inner us_custom_0d15be52\"><div class=\"wpb_wrapper\"><div class=\"wpb_text_column us_custom_d1310cba\"><div class=\"wpb_wrapper\"><p>TOPAKETA 2<\/p>\n<\/div><\/div><div class=\"w-hwrapper align_none valign_top\"><div class=\"w-vwrapper us_custom_46ed0ada align_center valign_middle\" style=\"--vwrapper-gap:0rem\"><div class=\"wpb_text_column us_custom_e7950f34 has_text_color\"><div class=\"wpb_wrapper\"><p style=\"text-align: center;\">NOV<\/p>\n<\/div><\/div><div class=\"wpb_text_column us_custom_32b2e827\"><div class=\"wpb_wrapper\"><h2 style=\"text-align: center;\"><strong>24<\/strong><\/h2>\n<\/div><\/div><\/div><div class=\"w-vwrapper align_none valign_top\" style=\"--vwrapper-gap:0\"><div class=\"wpb_text_column\"><div class=\"wpb_wrapper\"><h4><strong>\u00bfC\u00f3mo desarrollar la competencia tecnol\u00f3gica en proyectos STEAM?<\/strong><\/h4>\n<p>17:00 h.<\/p>\n<\/div><\/div><\/div><\/div><div class=\"w-separator size_custom with_line width_default thick_1 style_dashed color_primary align_center\" style=\"height:30px\"><div class=\"w-separator-h\"><\/div><\/div><div class=\"wpb_text_column\"><div class=\"wpb_wrapper\"><p><strong>\u201cEMBRYO\u201d<br>\n<\/strong>Amaia Guti\u00e9rrez \/ I\u00f1aki Zarauz \u2013 Ikastolen Elkartea<\/p>\n<p><strong>\u201cUn reto por la ciencia\u201d<br>\n<\/strong>Rosana Madro\u00f1al \u2013 Fundaci\u00f3n SENER<\/p>\n<p><strong>\u201cHeal the world\u201d<br>\n<\/strong>Andrea Aguinaco \u2013 NCLIC<\/p>\n<p><strong>Conduce:<br>\n<\/strong>Maitena Salinas<\/p>\n<\/div><\/div><div class=\"w-popup align_center\"><div class=\"w-btn-wrapper\"><a class=\"w-popup-trigger type_btn w-btn us-btn-style_10 icon_atleft\" href=\"javascript:void(0)\"><i class=\"fas fa-eye\"><\/i><span class=\"w-btn-label\">Contenido Topaketa 2<\/span><\/a><\/div><div class=\"w-popup-overlay\" style=\"background:rgba(0,0,0,0.85);\"><\/div><div class=\"w-popup-wrap\"><div class=\"w-popup-box animation_fadeIn with_title\" style=\"border-radius:5px;width:730px;\"><div class=\"w-popup-box-h\"><div class=\"w-popup-box-title\" style=\"color:var(--color-content-heading);background:var(--color-content-bg-alt);\">\u00bfC\u00f3mo desarrollar la competencia tecnol\u00f3gica en proyectos STEAM?<\/div><div class=\"w-popup-box-content\" style=\"padding:10px;background:#f5f5f5;color:var(--color-content-text);\"><p><iframe loading=\"lazy\" src=\"https:\/\/www.youtube.com\/embed\/JlwcjptO-Oc\" width=\"710\" height=\"400\" frameborder=\"0\" allowfullscreen=\"allowfullscreen\"><span style=\"display: inline-block; width: 0px; overflow: hidden; line-height: 0;\" data-mce-type=\"bookmark\" class=\"mce_SELRES_start\">\ufeff<\/span><span style=\"display: inline-block; width: 0px; overflow: hidden; line-height: 0;\" data-mce-type=\"bookmark\" class=\"mce_SELRES_start\">\ufeff<\/span><\/iframe><\/p>\n<table>\n<tbody>\n<tr>\n<td><strong>\u201cEMBRYO\u201d<\/strong><\/td>\n<td><a href=\"https:\/\/steam.eus\/wp-content\/uploads\/2022\/11\/EMBRYO.pdf\" target=\"_blank\" rel=\"noopener noreferrer\"><i class=\"fas fa-file-powerpoint\"><\/i> Pdf<\/a><\/td>\n<\/tr>\n<tr>\n<td><strong>\u201cUn reto por la ciencia\u201d<\/strong><\/td>\n<td><a href=\"https:\/\/steam.eus\/wp-content\/uploads\/2022\/11\/SENER_Unretoporlaciencia.pdf\" target=\"_blank\" rel=\"noopener noreferrer\"><i class=\"fas fa-file-powerpoint\"><\/i> Pdf<\/a><\/td>\n<\/tr>\n<tr>\n<td><strong>\u201cHeal the world\u201d<\/strong><\/td>\n<td><a href=\"https:\/\/steam.eus\/wp-content\/uploads\/2022\/11\/STEAM-EUSKADI-NCLIC-SCHOOL.pdf\" target=\"_blank\" rel=\"noopener noreferrer\"><i class=\"fas fa-file-powerpoint\"><\/i> Pdf<\/a><\/td>\n<\/tr>\n<\/tbody>\n<\/table>\n<\/div><\/div><\/div><div class=\"w-popup-closer\" style=\"background:#f5f5f5;color:var(--color-content-text);\"><\/div><\/div><\/div><\/div><\/div><\/div><div class=\"vc_col-sm-4 wpb_column vc_column_container has_bg_color\"><div class=\"vc_column-inner us_custom_0d15be52\"><div class=\"wpb_wrapper\"><div class=\"wpb_text_column us_custom_d1310cba\"><div class=\"wpb_wrapper\"><p>TOPAKETA 3<\/p>\n<\/div><\/div><div class=\"w-hwrapper align_none valign_top\"><div class=\"w-vwrapper us_custom_46ed0ada align_center valign_middle\" style=\"--vwrapper-gap:0rem\"><div class=\"wpb_text_column us_custom_e7950f34 has_text_color\"><div class=\"wpb_wrapper\"><p style=\"text-align: center;\">NOV<\/p>\n<\/div><\/div><div class=\"wpb_text_column us_custom_32b2e827\"><div class=\"wpb_wrapper\"><h2 style=\"text-align: center;\"><strong>30<\/strong><\/h2>\n<\/div><\/div><\/div><div class=\"w-vwrapper align_none valign_top\" style=\"--vwrapper-gap:0\"><div class=\"wpb_text_column\"><div class=\"wpb_wrapper\"><h4><strong>La importancia de los retos en los proyectos STEAM<\/strong><\/h4>\n<p>17:00 h.<\/p>\n<\/div><\/div><\/div><\/div><div class=\"w-separator size_custom with_line width_default thick_1 style_dashed color_primary align_center\" style=\"height:30px\"><div class=\"w-separator-h\"><\/div><\/div><div class=\"wpb_text_column\"><div class=\"wpb_wrapper\"><p><strong>\u201cIT24\u201d<br>\n<\/strong>Zaloa Campillo \u2013 Asociaci\u00f3n de Ingenier\u00eda de Telecomunicaci\u00f3n de Euskadi<\/p>\n<p><strong>\u201cShall Conducta alimentaria\u201d<br>\n<\/strong>Alexia Ahedo \u00c1lvarez \/ Ana P\u00e9rez \u2013 JM Ikastetxea<\/p>\n<p><strong>\u201cZu bai makina!\u201d<br>\n<\/strong>Itxaso Sainz Bilbao \u2013 MARISTAK BILBAO<\/p>\n<p><strong>Conduce:<br>\n<\/strong>Maitena Salinas<\/p>\n<\/div><\/div><div class=\"w-popup align_center\"><div class=\"w-btn-wrapper\"><a class=\"w-popup-trigger type_btn w-btn us-btn-style_10 icon_atleft\" href=\"javascript:void(0)\"><i class=\"fas fa-eye\"><\/i><span class=\"w-btn-label\">Contenido Topaketa 3<\/span><\/a><\/div><div class=\"w-popup-overlay\" style=\"background:rgba(0,0,0,0.85);\"><\/div><div class=\"w-popup-wrap\"><div class=\"w-popup-box animation_fadeIn with_title\" style=\"border-radius:5px;width:730px;\"><div class=\"w-popup-box-h\"><div class=\"w-popup-box-title\" style=\"color:var(--color-content-heading);background:var(--color-content-bg-alt);\">La importancia de los retos en los proyectos STEAM<\/div><div class=\"w-popup-box-content\" style=\"padding:10px;background:#f5f5f5;color:var(--color-content-text);\"><p><iframe loading=\"lazy\" src=\"https:\/\/www.youtube.com\/embed\/q2aRQ2qmDEs\" width=\"710\" height=\"400\" frameborder=\"0\" allowfullscreen=\"allowfullscreen\"><span style=\"display: inline-block; width: 0px; overflow: hidden; line-height: 0;\" data-mce-type=\"bookmark\" class=\"mce_SELRES_start\">\ufeff<\/span><span style=\"display: inline-block; width: 0px; overflow: hidden; line-height: 0;\" data-mce-type=\"bookmark\" class=\"mce_SELRES_start\">\ufeff<\/span><\/iframe><\/p>\n<table>\n<tbody>\n<tr>\n<td><strong>\u201cIT24\u201d<\/strong><\/td>\n<td><a href=\"https:\/\/steam.eus\/wp-content\/uploads\/2022\/12\/IT-24_STEAM-Euskadi-Topaketak.pptx\" target=\"_blank\" rel=\"noopener noreferrer\"><i class=\"fas fa-file-powerpoint\"><\/i> PowerPoint<\/a><\/td>\n<\/tr>\n<tr>\n<td><strong>\u201cShall Conducta alimentaria\u201d<\/strong><\/td>\n<td><a href=\"https:\/\/steam.eus\/wp-content\/uploads\/2022\/12\/Jesus-Maria-Ikastetxea_STEAM-Euskadi-Topaketak.pptx\" target=\"_blank\" rel=\"noopener noreferrer\"><i class=\"fas fa-file-powerpoint\"><\/i> PowerPoint<\/a><\/td>\n<\/tr>\n<tr>\n<td><strong>\u201cZu bai makina!\u201d<\/strong><\/td>\n<td><a href=\"https:\/\/steam.eus\/wp-content\/uploads\/2022\/12\/MaristakBilbao_STEAM-Euskadi-Topaketak.pptx\" target=\"_blank\" rel=\"noopener noreferrer\"><i class=\"fas fa-file-powerpoint\"><\/i> PowerPoint<\/a><\/td>\n<\/tr>\n<\/tbody>\n<\/table>\n<\/div><\/div><\/div><div class=\"w-popup-closer\" style=\"background:#f5f5f5;color:var(--color-content-text);\"><\/div><\/div><\/div><\/div><\/div><\/div><\/div><\/div><\/section><section class=\"l-section wpb_row height_auto\"><div class=\"l-section-h i-cf\"><div class=\"g-cols via_flex valign_top type_default\"><div class=\"vc_col-sm-12 wpb_column vc_column_container has_bg_color\"><div class=\"vc_column-inner us_custom_623ba360\"><div class=\"wpb_wrapper\"><div class=\"wpb_text_column us_custom_d44d8758 has_text_color\"><div class=\"wpb_wrapper\"><h5>Promueve este espacio el <strong>Departamento de Educaci\u00f3n de Gobierno Vasco<\/strong> en colaboraci\u00f3n con <strong>Innobasque-Agencia vasca de la innovaci\u00f3n<\/strong>.<\/h5>\n<\/div><\/div><\/div><\/div><\/div><\/div><\/div><\/section><section class=\"l-section wpb_row height_medium\"><div class=\"l-section-h i-cf\"><div class=\"g-cols via_flex valign_top type_default\"><div class=\"vc_col-sm-12 wpb_column vc_column_container\"><div class=\"vc_column-inner\"><div class=\"wpb_wrapper\"><\/div><\/div><\/div><\/div><\/div><\/section>\n","protected":false},"excerpt":{"rendered":"STEAM Euskadi Topaketak 2022Experiencias educativas con impacto Se ha puesto en marcha el ciclo de webinars formativos \u201cSTEAM Euskadi Topaketak\u201d donde se han abordado tem\u00e1ticas clave de la educaci\u00f3n STEAM como la integraci\u00f3n de diferentes asignaturas, las metodolog\u00edas activas m\u00e1s adecuadas, la cultura cient\u00edfica y el pensamiento cr\u00edtico, las vocaciones tecnol\u00f3gicas entre las ni\u00f1as o...","protected":false},"author":1,"featured_media":2974,"parent":6858,"menu_order":0,"comment_status":"closed","ping_status":"closed","template":"","meta":{"_acf_changed":false,"footnotes":""},"class_list":["post-2917","page","type-page","status-publish","has-post-thumbnail","hentry"],"acf":[],"yoast_head":"<!-- This site is optimized with the Yoast SEO plugin v24.9 - https:\/\/yoast.com\/wordpress\/plugins\/seo\/ -->\n<title>STEAM Euskadi Topaketak 2022 - Steam Euskadi<\/title>\n<meta name=\"robots\" content=\"index, follow, max-snippet:-1, max-image-preview:large, max-video-preview:-1\" \/>\n<link rel=\"canonical\" href=\"https:\/\/steam.eus\/es\/premios\/steam-euskadi-topaketak-2\/topaketak-2022\/\" \/>\n<meta property=\"og:locale\" content=\"es_ES\" \/>\n<meta property=\"og:type\" content=\"article\" \/>\n<meta property=\"og:title\" content=\"STEAM Euskadi Topaketak 2022 - Steam Euskadi\" \/>\n<meta property=\"og:url\" content=\"https:\/\/steam.eus\/es\/premios\/steam-euskadi-topaketak-2\/topaketak-2022\/\" \/>\n<meta property=\"og:site_name\" content=\"Steam Euskadi\" \/>\n<meta property=\"article:modified_time\" content=\"2023-09-21T07:29:48+00:00\" \/>\n<meta property=\"og:image\" content=\"https:\/\/steam.eus\/wp-content\/uploads\/2020\/12\/steam-euskadi-topaketak-1.jpg\" \/>\n\t<meta property=\"og:image:width\" content=\"1280\" \/>\n\t<meta property=\"og:image:height\" content=\"420\" \/>\n\t<meta property=\"og:image:type\" content=\"image\/jpeg\" \/>\n<meta name=\"twitter:card\" content=\"summary_large_image\" \/>\n<meta name=\"twitter:label1\" content=\"Tiempo de lectura\" \/>\n\t<meta name=\"twitter:data1\" content=\"3 minutos\" \/>\n<script type=\"application\/ld+json\" class=\"yoast-schema-graph\">{\"@context\":\"https:\/\/schema.org\",\"@graph\":[{\"@type\":\"WebPage\",\"@id\":\"https:\/\/steam.eus\/es\/premios\/steam-euskadi-topaketak-2\/topaketak-2022\/\",\"url\":\"https:\/\/steam.eus\/es\/premios\/steam-euskadi-topaketak-2\/topaketak-2022\/\",\"name\":\"STEAM Euskadi Topaketak 2022 - Steam Euskadi\",\"isPartOf\":{\"@id\":\"https:\/\/steam.eus\/es\/#website\"},\"primaryImageOfPage\":{\"@id\":\"https:\/\/steam.eus\/es\/premios\/steam-euskadi-topaketak-2\/topaketak-2022\/#primaryimage\"},\"image\":{\"@id\":\"https:\/\/steam.eus\/es\/premios\/steam-euskadi-topaketak-2\/topaketak-2022\/#primaryimage\"},\"thumbnailUrl\":\"https:\/\/steam.eus\/wp-content\/uploads\/2020\/12\/steam-euskadi-topaketak-1.jpg\",\"datePublished\":\"2020-12-10T08:24:21+00:00\",\"dateModified\":\"2023-09-21T07:29:48+00:00\",\"breadcrumb\":{\"@id\":\"https:\/\/steam.eus\/es\/premios\/steam-euskadi-topaketak-2\/topaketak-2022\/#breadcrumb\"},\"inLanguage\":\"es\",\"potentialAction\":[{\"@type\":\"ReadAction\",\"target\":[\"https:\/\/steam.eus\/es\/premios\/steam-euskadi-topaketak-2\/topaketak-2022\/\"]}]},{\"@type\":\"ImageObject\",\"inLanguage\":\"es\",\"@id\":\"https:\/\/steam.eus\/es\/premios\/steam-euskadi-topaketak-2\/topaketak-2022\/#primaryimage\",\"url\":\"https:\/\/steam.eus\/wp-content\/uploads\/2020\/12\/steam-euskadi-topaketak-1.jpg\",\"contentUrl\":\"https:\/\/steam.eus\/wp-content\/uploads\/2020\/12\/steam-euskadi-topaketak-1.jpg\",\"width\":1280,\"height\":420},{\"@type\":\"BreadcrumbList\",\"@id\":\"https:\/\/steam.eus\/es\/premios\/steam-euskadi-topaketak-2\/topaketak-2022\/#breadcrumb\",\"itemListElement\":[{\"@type\":\"ListItem\",\"position\":1,\"name\":\"Premios\",\"item\":\"https:\/\/steam.eus\/es\/premios\/\"},{\"@type\":\"ListItem\",\"position\":2,\"name\":\"STEAM Euskadi Topaketak\",\"item\":\"https:\/\/steam.eus\/es\/premios\/steam-euskadi-topaketak-2\/\"},{\"@type\":\"ListItem\",\"position\":3,\"name\":\"STEAM Euskadi Topaketak 2022\"}]},{\"@type\":\"WebSite\",\"@id\":\"https:\/\/steam.eus\/es\/#website\",\"url\":\"https:\/\/steam.eus\/es\/\",\"name\":\"Steam Euskadi\",\"description\":\"\",\"potentialAction\":[{\"@type\":\"SearchAction\",\"target\":{\"@type\":\"EntryPoint\",\"urlTemplate\":\"https:\/\/steam.eus\/es\/?s={search_term_string}\"},\"query-input\":{\"@type\":\"PropertyValueSpecification\",\"valueRequired\":true,\"valueName\":\"search_term_string\"}}],\"inLanguage\":\"es\"}]}<\/script>\n<!-- \/ Yoast SEO plugin. -->","yoast_head_json":{"title":"STEAM Euskadi Topaketak 2022 - Steam Euskadi","robots":{"index":"index","follow":"follow","max-snippet":"max-snippet:-1","max-image-preview":"max-image-preview:large","max-video-preview":"max-video-preview:-1"},"canonical":"https:\/\/steam.eus\/es\/premios\/steam-euskadi-topaketak-2\/topaketak-2022\/","og_locale":"es_ES","og_type":"article","og_title":"STEAM Euskadi Topaketak 2022 - Steam Euskadi","og_url":"https:\/\/steam.eus\/es\/premios\/steam-euskadi-topaketak-2\/topaketak-2022\/","og_site_name":"Steam Euskadi","article_modified_time":"2023-09-21T07:29:48+00:00","og_image":[{"width":1280,"height":420,"url":"https:\/\/steam.eus\/wp-content\/uploads\/2020\/12\/steam-euskadi-topaketak-1.jpg","type":"image\/jpeg"}],"twitter_card":"summary_large_image","twitter_misc":{"Tiempo de lectura":"3 minutos"},"schema":{"@context":"https:\/\/schema.org","@graph":[{"@type":"WebPage","@id":"https:\/\/steam.eus\/es\/premios\/steam-euskadi-topaketak-2\/topaketak-2022\/","url":"https:\/\/steam.eus\/es\/premios\/steam-euskadi-topaketak-2\/topaketak-2022\/","name":"STEAM Euskadi Topaketak 2022 - Steam Euskadi","isPartOf":{"@id":"https:\/\/steam.eus\/es\/#website"},"primaryImageOfPage":{"@id":"https:\/\/steam.eus\/es\/premios\/steam-euskadi-topaketak-2\/topaketak-2022\/#primaryimage"},"image":{"@id":"https:\/\/steam.eus\/es\/premios\/steam-euskadi-topaketak-2\/topaketak-2022\/#primaryimage"},"thumbnailUrl":"https:\/\/steam.eus\/wp-content\/uploads\/2020\/12\/steam-euskadi-topaketak-1.jpg","datePublished":"2020-12-10T08:24:21+00:00","dateModified":"2023-09-21T07:29:48+00:00","breadcrumb":{"@id":"https:\/\/steam.eus\/es\/premios\/steam-euskadi-topaketak-2\/topaketak-2022\/#breadcrumb"},"inLanguage":"es","potentialAction":[{"@type":"ReadAction","target":["https:\/\/steam.eus\/es\/premios\/steam-euskadi-topaketak-2\/topaketak-2022\/"]}]},{"@type":"ImageObject","inLanguage":"es","@id":"https:\/\/steam.eus\/es\/premios\/steam-euskadi-topaketak-2\/topaketak-2022\/#primaryimage","url":"https:\/\/steam.eus\/wp-content\/uploads\/2020\/12\/steam-euskadi-topaketak-1.jpg","contentUrl":"https:\/\/steam.eus\/wp-content\/uploads\/2020\/12\/steam-euskadi-topaketak-1.jpg","width":1280,"height":420},{"@type":"BreadcrumbList","@id":"https:\/\/steam.eus\/es\/premios\/steam-euskadi-topaketak-2\/topaketak-2022\/#breadcrumb","itemListElement":[{"@type":"ListItem","position":1,"name":"Premios","item":"https:\/\/steam.eus\/es\/premios\/"},{"@type":"ListItem","position":2,"name":"STEAM Euskadi Topaketak","item":"https:\/\/steam.eus\/es\/premios\/steam-euskadi-topaketak-2\/"},{"@type":"ListItem","position":3,"name":"STEAM Euskadi Topaketak 2022"}]},{"@type":"WebSite","@id":"https:\/\/steam.eus\/es\/#website","url":"https:\/\/steam.eus\/es\/","name":"Steam Euskadi","description":"","potentialAction":[{"@type":"SearchAction","target":{"@type":"EntryPoint","urlTemplate":"https:\/\/steam.eus\/es\/?s={search_term_string}"},"query-input":{"@type":"PropertyValueSpecification","valueRequired":true,"valueName":"search_term_string"}}],"inLanguage":"es"}]}},"_links":{"self":[{"href":"https:\/\/steam.eus\/es\/wp-json\/wp\/v2\/pages\/2917","targetHints":{"allow":["GET"]}}],"collection":[{"href":"https:\/\/steam.eus\/es\/wp-json\/wp\/v2\/pages"}],"about":[{"href":"https:\/\/steam.eus\/es\/wp-json\/wp\/v2\/types\/page"}],"author":[{"embeddable":true,"href":"https:\/\/steam.eus\/es\/wp-json\/wp\/v2\/users\/1"}],"replies":[{"embeddable":true,"href":"https:\/\/steam.eus\/es\/wp-json\/wp\/v2\/comments?post=2917"}],"version-history":[{"count":142,"href":"https:\/\/steam.eus\/es\/wp-json\/wp\/v2\/pages\/2917\/revisions"}],"predecessor-version":[{"id":2919,"href":"https:\/\/steam.eus\/es\/wp-json\/wp\/v2\/pages\/2917\/revisions\/2919"}],"up":[{"embeddable":true,"href":"https:\/\/steam.eus\/es\/wp-json\/wp\/v2\/pages\/6858"}],"wp:featuredmedia":[{"embeddable":true,"href":"https:\/\/steam.eus\/es\/wp-json\/wp\/v2\/media\/2974"}],"wp:attachment":[{"href":"https:\/\/steam.eus\/es\/wp-json\/wp\/v2\/media?parent=2917"}],"curies":[{"name":"wp","href":"https:\/\/api.w.org\/{rel}","templated":true}]}}