{"id":5474,"date":"2023-04-11T11:08:37","date_gmt":"2023-04-11T11:08:37","guid":{"rendered":"https:\/\/steam.eus\/?page_id=5474"},"modified":"2023-04-11T11:33:29","modified_gmt":"2023-04-11T11:33:29","slug":"contacto","status":"publish","type":"page","link":"https:\/\/steam.eus\/es\/contacto\/","title":{"rendered":"Contacto"},"content":{"rendered":"<section class=\"l-section wpb_row height_medium\"><div class=\"l-section-h i-cf\"><div class=\"g-cols via_flex valign_top type_default\"><div class=\"vc_col-sm-3 wpb_column vc_column_container\"><div class=\"vc_column-inner\"><div class=\"wpb_wrapper\"><\/div><\/div><\/div><div class=\"vc_col-sm-6 wpb_column vc_column_container\"><div class=\"vc_column-inner\"><div class=\"wpb_wrapper\"><div class=\"wpb_text_column\"><div class=\"wpb_wrapper\"><h2>Cont\u00e1ctanos<\/h2>\n<div class=\"caldera-grid\" id=\"caldera_form_1\" data-cf-ver=\"1.9.5\" data-cf-form-id=\"CF6435274984dfc\"><div id=\"caldera_notices_1\" data-spinner=\"https:\/\/steam.eus\/wp-admin\/images\/spinner.gif\"><\/div><form data-instance=\"1\" class=\"CF6435274984dfc caldera_forms_form cfajax-trigger\" method=\"POST\" enctype=\"multipart\/form-data\" id=\"CF6435274984dfc_1\" data-form-id=\"CF6435274984dfc\" aria-label=\"Contacto\" data-target=\"#caldera_notices_1\" data-template=\"#cfajax_CF6435274984dfc-tmpl\" data-cfajax=\"CF6435274984dfc\" data-load-element=\"_parent\" data-load-class=\"cf_processing\" data-post-disable=\"0\" data-action=\"cf_process_ajax_submit\" data-request=\"https:\/\/steam.eus\/es\/\/cf-api\/CF6435274984dfc\" data-hiderows=\"true\">\r\n<input type=\"hidden\" id=\"_cf_verify_CF6435274984dfc\" name=\"_cf_verify\" value=\"472b59ed44\" data-nonce-time=\"1776399419\"><input type=\"hidden\" name=\"_wp_http_referer\" value=\"\/es\/wp-json\/wp\/v2\/pages\/5474\"><div id=\"cf2-CF6435274984dfc_1\"><\/div><input type=\"hidden\" name=\"_cf_frm_id\" value=\"CF6435274984dfc\">\r\n<input type=\"hidden\" name=\"_cf_frm_ct\" value=\"1\">\r\n<input type=\"hidden\" name=\"cfajax\" value=\"CF6435274984dfc\">\r\n<input type=\"hidden\" name=\"_cf_cr_pst\" value=\"5474\">\r\n<div class=\"hide\" style=\"display:none; overflow:hidden;height:0;width:0;\">\r\n<label>Company<\/label><input type=\"text\" name=\"company\" value=\"\" autocomplete=\"off\">\r\n<\/div><div id=\"CF6435274984dfc_1-row-1\" class=\"row  first_row\"><div class=\"col-sm-12  single\"><div data-field-wrapper=\"fld_8768091\" class=\"form-group\" id=\"fld_8768091_1-wrap\">\r\n\t<label id=\"fld_8768091Label\" for=\"fld_8768091_1\" class=\"control-label screen-reader-text sr-only\">Nombre<\/label>\r\n\t<div class=\"\">\r\n\t\t<input placeholder=\"Nombre\" required type=\"text\" data-field=\"fld_8768091\" class=\" form-control\" id=\"fld_8768091_1\" name=\"fld_8768091\" value=\"\" data-type=\"text\" aria-required=\"true\" aria-labelledby=\"fld_8768091Label\">\t\t\t<\/div>\r\n<\/div>\r\n<div data-field-wrapper=\"fld_9970286\" class=\"form-group\" id=\"fld_9970286_1-wrap\">\r\n\t<label id=\"fld_9970286Label\" for=\"fld_9970286_1\" class=\"control-label screen-reader-text sr-only\">Apellidos<\/label>\r\n\t<div class=\"\">\r\n\t\t<input placeholder=\"Apellidos\" required type=\"text\" data-field=\"fld_9970286\" class=\" form-control\" id=\"fld_9970286_1\" name=\"fld_9970286\" value=\"\" data-type=\"text\" aria-required=\"true\" aria-labelledby=\"fld_9970286Label\">\t\t\t<\/div>\r\n<\/div>\r\n<div data-field-wrapper=\"fld_6009157\" class=\"form-group\" id=\"fld_6009157_1-wrap\">\r\n\t<label id=\"fld_6009157Label\" for=\"fld_6009157_1\" class=\"control-label screen-reader-text sr-only\">Email<\/label>\r\n\t<div class=\"\">\r\n\t\t<input placeholder=\"Email\" required type=\"email\" data-field=\"fld_6009157\" class=\" form-control\" id=\"fld_6009157_1\" name=\"fld_6009157\" value=\"\" data-type=\"email\" aria-required=\"true\" aria-labelledby=\"fld_6009157Label\">\t\t\t<\/div>\r\n<\/div>\r\n<div data-field-wrapper=\"fld_9131046\" class=\"form-group\" id=\"fld_9131046_1-wrap\">\r\n\t<label id=\"fld_9131046Label\" for=\"fld_9131046_1\" class=\"control-label screen-reader-text sr-only\">Organizaci\u00f3n<\/label>\r\n\t<div class=\"\">\r\n\t\t<input placeholder=\"Organizaci\u00f3n\" required type=\"text\" data-field=\"fld_9131046\" class=\" form-control\" id=\"fld_9131046_1\" name=\"fld_9131046\" value=\"\" data-type=\"text\" aria-required=\"true\" aria-labelledby=\"fld_9131046Label\">\t\t\t<\/div>\r\n<\/div>\r\n<div data-field-wrapper=\"fld_5022143\" class=\"form-group\" id=\"fld_5022143_1-wrap\">\r\n\t<label id=\"fld_5022143Label\" for=\"fld_5022143_1\" class=\"control-label screen-reader-text sr-only\">Consulta<\/label>\r\n\t<div class=\"\">\r\n\t\t<textarea name=\"fld_5022143\" value=\"\" data-field=\"fld_5022143\" class=\"form-control\" id=\"fld_5022143_1\" rows=\"4\" placeholder=\"Describa el motivo de su consulta\" required=\"required\" aria-labelledby=\"fld_5022143Label\"><\/textarea>\n\t\t\t<\/div>\r\n<\/div>\r\n<div data-field-wrapper=\"fld_5374062\" class=\"form-group\" id=\"fld_5374062_1-wrap\">\r\n\t<label id=\"fld_5374062Label\" for=\"fld_5374062_1\" class=\"control-label screen-reader-text sr-only\">Privacidad<\/label>\r\n\t<div class=\"\">\r\n\t\t\t\t\t\t\t\t\t\t\t<div class=\"checkbox\">\n\t\t\t\t\n                <label for=\"fld_5374062_1_opt1366107\">\n                            <input data-parsley-required=\"true\" data-parsley-group=\"fld_5374062_1\" data-parsley-multiple=\"fld_5374062_1\" type=\"checkbox\" data-label='He le\u00eddo y acepto la &lt;a href=\"http:\/\/steam.eus\/es\/informacion-legal\/\" target=\"_blank\"&gt;Pol\u00edtica de Privacidad&lt;\/a&gt; de STEAM Euskadi ' data-field=\"fld_5374062\" id=\"fld_5374062_1_opt1366107\" class=\"fld_5374062_1 option-required\" name=\"fld_5374062[opt1366107]\" value='He le\u00eddo y acepto la &lt;a href=\"http:\/\/steam.eus\/es\/informacion-legal\/\" target=\"_blank\"&gt;Pol\u00edtica de Privacidad&lt;\/a&gt; de STEAM Euskadi ' data-type=\"checkbox\" data-checkbox-field=\"fld_5374062_1\" data-calc-value='He le\u00eddo y acepto la &lt;a href=\"http:\/\/steam.eus\/es\/informacion-legal\/\" target=\"_blank\"&gt;Pol\u00edtica de Privacidad&lt;\/a&gt; de STEAM Euskadi '>\n                    He le\u00eddo y acepto la <a href=\"http:\/\/steam.eus\/es\/informacion-legal\/\" target=\"_blank\">Pol\u00edtica de Privacidad<\/a> de STEAM Euskadi                 <\/label>\n\n                \t\t\t\t\t<\/div>\n\t\t\t\t\t\t\t\t\t\t\t<\/div>\r\n<\/div>\r\n<\/div><\/div><div id=\"CF6435274984dfc_1-row-2\" class=\"row  last_row\"><div class=\"col-sm-12  single\"><div data-field-wrapper=\"fld_7908577\" class=\"form-group\" id=\"fld_7908577_1-wrap\">\r\n<div class=\"\">\r\n\t<input class=\"btn-rosa\" type=\"submit\" name=\"fld_7908577\" id=\"fld_7908577_1\" value=\"Enviar consulta\" data-field=\"fld_7908577\">\n<\/div>\r\n<\/div>\r\n\t<input class=\"button_trigger_1\" type=\"hidden\" name=\"fld_7908577\" id=\"fld_7908577_1_btn\" value=\"\" data-field=\"fld_7908577\">\n<\/div><\/div><\/form>\r\n<\/div>\r\n\n<hr>\n<p><strong>E-mail de contacto:<br>\n<\/strong>steameuskadi@innobasque.eus<\/p>\n<p><strong>Tel\u00e9fono:<br>\n<\/strong>944 209 488<\/p>\n<\/div><\/div><\/div><\/div><\/div><div class=\"vc_col-sm-3 wpb_column vc_column_container\"><div class=\"vc_column-inner\"><div class=\"wpb_wrapper\"><\/div><\/div><\/div><\/div><\/div><\/section>\n","protected":false},"excerpt":{"rendered":"Cont\u00e1ctanos Nombre Nombre Apellidos Email Organizaci\u00f3n Consulta Privacidad He le\u00eddo y acepto la Pol\u00edtica de Privacidad de STEAM Euskadi E-mail de contacto: steameuskadi@innobasque.eus Tel\u00e9fono: 944 209 488","protected":false},"author":1,"featured_media":0,"parent":0,"menu_order":0,"comment_status":"closed","ping_status":"closed","template":"","meta":{"_acf_changed":false,"footnotes":""},"class_list":["post-5474","page","type-page","status-publish","hentry"],"acf":[],"yoast_head":"<!-- This site is optimized with the Yoast SEO plugin v24.9 - https:\/\/yoast.com\/wordpress\/plugins\/seo\/ -->\n<title>Contacto - Steam Euskadi<\/title>\n<meta name=\"robots\" content=\"index, follow, max-snippet:-1, max-image-preview:large, max-video-preview:-1\" \/>\n<link rel=\"canonical\" href=\"https:\/\/steam.eus\/es\/contacto\/\" \/>\n<meta property=\"og:locale\" content=\"es_ES\" \/>\n<meta property=\"og:type\" content=\"article\" \/>\n<meta property=\"og:title\" content=\"Contacto - Steam Euskadi\" \/>\n<meta property=\"og:url\" content=\"https:\/\/steam.eus\/es\/contacto\/\" \/>\n<meta property=\"og:site_name\" content=\"Steam Euskadi\" \/>\n<meta property=\"article:modified_time\" content=\"2023-04-11T11:33:29+00:00\" \/>\n<meta name=\"twitter:card\" content=\"summary_large_image\" \/>\n<script type=\"application\/ld+json\" class=\"yoast-schema-graph\">{\"@context\":\"https:\/\/schema.org\",\"@graph\":[{\"@type\":\"WebPage\",\"@id\":\"https:\/\/steam.eus\/es\/contacto\/\",\"url\":\"https:\/\/steam.eus\/es\/contacto\/\",\"name\":\"Contacto - Steam Euskadi\",\"isPartOf\":{\"@id\":\"https:\/\/steam.eus\/es\/#website\"},\"datePublished\":\"2023-04-11T11:08:37+00:00\",\"dateModified\":\"2023-04-11T11:33:29+00:00\",\"inLanguage\":\"es\",\"potentialAction\":[{\"@type\":\"ReadAction\",\"target\":[\"https:\/\/steam.eus\/es\/contacto\/\"]}]},{\"@type\":\"WebSite\",\"@id\":\"https:\/\/steam.eus\/es\/#website\",\"url\":\"https:\/\/steam.eus\/es\/\",\"name\":\"Steam Euskadi\",\"description\":\"\",\"potentialAction\":[{\"@type\":\"SearchAction\",\"target\":{\"@type\":\"EntryPoint\",\"urlTemplate\":\"https:\/\/steam.eus\/es\/?s={search_term_string}\"},\"query-input\":{\"@type\":\"PropertyValueSpecification\",\"valueRequired\":true,\"valueName\":\"search_term_string\"}}],\"inLanguage\":\"es\"}]}<\/script>\n<!-- \/ Yoast SEO plugin. -->","yoast_head_json":{"title":"Contacto - Steam Euskadi","robots":{"index":"index","follow":"follow","max-snippet":"max-snippet:-1","max-image-preview":"max-image-preview:large","max-video-preview":"max-video-preview:-1"},"canonical":"https:\/\/steam.eus\/es\/contacto\/","og_locale":"es_ES","og_type":"article","og_title":"Contacto - Steam Euskadi","og_url":"https:\/\/steam.eus\/es\/contacto\/","og_site_name":"Steam Euskadi","article_modified_time":"2023-04-11T11:33:29+00:00","twitter_card":"summary_large_image","schema":{"@context":"https:\/\/schema.org","@graph":[{"@type":"WebPage","@id":"https:\/\/steam.eus\/es\/contacto\/","url":"https:\/\/steam.eus\/es\/contacto\/","name":"Contacto - Steam Euskadi","isPartOf":{"@id":"https:\/\/steam.eus\/es\/#website"},"datePublished":"2023-04-11T11:08:37+00:00","dateModified":"2023-04-11T11:33:29+00:00","inLanguage":"es","potentialAction":[{"@type":"ReadAction","target":["https:\/\/steam.eus\/es\/contacto\/"]}]},{"@type":"WebSite","@id":"https:\/\/steam.eus\/es\/#website","url":"https:\/\/steam.eus\/es\/","name":"Steam Euskadi","description":"","potentialAction":[{"@type":"SearchAction","target":{"@type":"EntryPoint","urlTemplate":"https:\/\/steam.eus\/es\/?s={search_term_string}"},"query-input":{"@type":"PropertyValueSpecification","valueRequired":true,"valueName":"search_term_string"}}],"inLanguage":"es"}]}},"_links":{"self":[{"href":"https:\/\/steam.eus\/es\/wp-json\/wp\/v2\/pages\/5474","targetHints":{"allow":["GET"]}}],"collection":[{"href":"https:\/\/steam.eus\/es\/wp-json\/wp\/v2\/pages"}],"about":[{"href":"https:\/\/steam.eus\/es\/wp-json\/wp\/v2\/types\/page"}],"author":[{"embeddable":true,"href":"https:\/\/steam.eus\/es\/wp-json\/wp\/v2\/users\/1"}],"replies":[{"embeddable":true,"href":"https:\/\/steam.eus\/es\/wp-json\/wp\/v2\/comments?post=5474"}],"version-history":[{"count":6,"href":"https:\/\/steam.eus\/es\/wp-json\/wp\/v2\/pages\/5474\/revisions"}],"predecessor-version":[{"id":5479,"href":"https:\/\/steam.eus\/es\/wp-json\/wp\/v2\/pages\/5474\/revisions\/5479"}],"wp:attachment":[{"href":"https:\/\/steam.eus\/es\/wp-json\/wp\/v2\/media?parent=5474"}],"curies":[{"name":"wp","href":"https:\/\/api.w.org\/{rel}","templated":true}]}}