{"id":6099,"date":"2023-04-26T09:40:59","date_gmt":"2023-04-26T09:40:59","guid":{"rendered":"https:\/\/steam.eus\/?page_id=6099"},"modified":"2025-05-05T08:42:28","modified_gmt":"2025-05-05T08:42:28","slug":"inscribe-a-tu-centro","status":"publish","type":"page","link":"https:\/\/steam.eus\/es\/inscribe-a-tu-centro\/","title":{"rendered":"Inscribe a tu centro"},"content":{"rendered":"<section class=\"l-section wpb_row height_large color_primary\"><div class=\"l-section-overlay\" style=\"background:rgba(0,0,0,0.45)\"><\/div><div class=\"l-section-h i-cf\"><div class=\"g-cols via_flex valign_middle type_default\"><div class=\"vc_col-sm-12 wpb_column vc_column_container\"><div class=\"vc_column-inner\"><div class=\"wpb_wrapper\"><h1 class=\"w-post-elm post_title align_center entry-title color_link_inherit\">Inscribe a tu centro<\/h1><\/div><\/div><\/div><\/div><\/div><\/section><section class=\"l-section wpb_row height_medium\" id=\"aurrekariak\"><div class=\"l-section-h i-cf\"><div class=\"g-cols via_flex valign_top type_default\"><div class=\"vc_col-sm-12 wpb_column vc_column_container stretched\"><div class=\"vc_column-inner\"><div class=\"wpb_wrapper\"><div class=\"wpb_text_column\"><div class=\"wpb_wrapper\"><section class=\"module p-0\">\n<div class=\"container\">\n<div class=\"row\">\n<div class=\"col-md-12\">\n<p>El proceso de preinscripci\u00f3n se realizar\u00e1 hasta el 26 de mayo de 2025 y deber\u00e1s seguir los siguientes pasos para completarlo:<\/p>\n<div class=\"support-box\">\n<div class=\"row\">\n<div class=\"col-md-1 text-center numero\">1<\/div>\n<div class=\"col-md-11 align-self-center\">\n<p><strong>Comparte y planifica en el claustro.<\/strong><\/p>\n<\/div>\n<\/div>\n<\/div>\n<\/div>\n<div class=\"col-md-12\">\n<div class=\"support-box\">\n<div class=\"row\">\n<div class=\"col-md-1 text-center numero\">2<\/div>\n<div class=\"col-md-11 align-self-center\">\n<p><strong>Inscribe a tu centro y recibir\u00e1s un email para seleccionar las actividades en las que hab\u00e9is decidido participar.<\/strong><\/p>\n<\/div>\n<\/div>\n<\/div>\n<\/div>\n<div class=\"col-md-12\">\n<div class=\"support-box\">\n<div class=\"row\">\n<div class=\"col-md-1 text-center numero\">3<\/div>\n<div class=\"col-md-11 align-self-center\">\n<p><strong>Selecciona hasta un m\u00e1ximo de 5 actividades por categor\u00eda.<\/strong><\/p>\n<p class=\"small\">Las actividades tienen un aforo limitado. En caso de superarlo, tendr\u00e1n prioridad los centros educativos que no hayan participado anteriormente en la actividad seleccionada, que tengan mayor n\u00famero de alumnado becado y su cercan\u00eda geogr\u00e1fica.<\/p>\n<\/div>\n<\/div>\n<\/div>\n<\/div>\n<\/div>\n<div class=\"row justify-content-center\">\n<div class=\"col-md-8\">\n<div class=\"support-box text-center megaboton\">\n<p><a href=\"https:\/\/agenciavascadelainnovacion.powerappsportals.com\/event\/registration?id=STEAM_SARE_2025344096411\" target=\"_blank\" rel=\"noopener\"><i class=\"fa-solid fa-circle-check\"><\/i> Accede al formulario de inscripci\u00f3n<\/a><\/p>\n<div class=\"support-box-link\"><\/div>\n<\/div>\n<\/div>\n<\/div>\n<\/div>\n<\/section>\n<\/div><\/div><div class=\"w-separator size_medium\"><\/div><\/div><\/div><\/div><\/div><\/div><\/section>\n","protected":false},"excerpt":{"rendered":"Inscribe a tu centro El proceso de preinscripci\u00f3n se realizar\u00e1 hasta el 26 de mayo de 2025 y deber\u00e1s seguir los siguientes pasos para completarlo: 1 Comparte y planifica en el claustro. 2 Inscribe a tu centro y recibir\u00e1s un email para seleccionar las actividades en las que hab\u00e9is decidido participar. 3 Selecciona hasta un...","protected":false},"author":1,"featured_media":6118,"parent":0,"menu_order":0,"comment_status":"closed","ping_status":"closed","template":"","meta":{"_acf_changed":false,"footnotes":""},"class_list":["post-6099","page","type-page","status-publish","has-post-thumbnail","hentry"],"acf":[],"yoast_head":"<!-- This site is optimized with the Yoast SEO plugin v24.9 - https:\/\/yoast.com\/wordpress\/plugins\/seo\/ -->\n<title>Inscribe a tu centro - Steam Euskadi<\/title>\n<meta name=\"robots\" content=\"index, follow, max-snippet:-1, max-image-preview:large, max-video-preview:-1\" \/>\n<link rel=\"canonical\" href=\"https:\/\/steam.eus\/es\/inscribe-a-tu-centro\/\" \/>\n<meta property=\"og:locale\" content=\"es_ES\" \/>\n<meta property=\"og:type\" content=\"article\" \/>\n<meta property=\"og:title\" content=\"Inscribe a tu centro - Steam Euskadi\" \/>\n<meta property=\"og:url\" content=\"https:\/\/steam.eus\/es\/inscribe-a-tu-centro\/\" \/>\n<meta property=\"og:site_name\" content=\"Steam Euskadi\" \/>\n<meta property=\"article:modified_time\" content=\"2025-05-05T08:42:28+00:00\" \/>\n<meta property=\"og:image\" content=\"https:\/\/steam.eus\/wp-content\/uploads\/cabecera-inscribete.jpg\" \/>\n\t<meta property=\"og:image:width\" content=\"1850\" \/>\n\t<meta property=\"og:image:height\" content=\"629\" \/>\n\t<meta property=\"og:image:type\" content=\"image\/jpeg\" \/>\n<meta name=\"twitter:card\" content=\"summary_large_image\" \/>\n<meta name=\"twitter:label1\" content=\"Tiempo de lectura\" \/>\n\t<meta name=\"twitter:data1\" content=\"1 minuto\" \/>\n<script type=\"application\/ld+json\" class=\"yoast-schema-graph\">{\"@context\":\"https:\/\/schema.org\",\"@graph\":[{\"@type\":\"WebPage\",\"@id\":\"https:\/\/steam.eus\/es\/inscribe-a-tu-centro\/\",\"url\":\"https:\/\/steam.eus\/es\/inscribe-a-tu-centro\/\",\"name\":\"Inscribe a tu centro - Steam Euskadi\",\"isPartOf\":{\"@id\":\"https:\/\/steam.eus\/es\/#website\"},\"primaryImageOfPage\":{\"@id\":\"https:\/\/steam.eus\/es\/inscribe-a-tu-centro\/#primaryimage\"},\"image\":{\"@id\":\"https:\/\/steam.eus\/es\/inscribe-a-tu-centro\/#primaryimage\"},\"thumbnailUrl\":\"https:\/\/steam.eus\/wp-content\/uploads\/cabecera-inscribete.jpg\",\"datePublished\":\"2023-04-26T09:40:59+00:00\",\"dateModified\":\"2025-05-05T08:42:28+00:00\",\"inLanguage\":\"es\",\"potentialAction\":[{\"@type\":\"ReadAction\",\"target\":[\"https:\/\/steam.eus\/es\/inscribe-a-tu-centro\/\"]}]},{\"@type\":\"ImageObject\",\"inLanguage\":\"es\",\"@id\":\"https:\/\/steam.eus\/es\/inscribe-a-tu-centro\/#primaryimage\",\"url\":\"https:\/\/steam.eus\/wp-content\/uploads\/cabecera-inscribete.jpg\",\"contentUrl\":\"https:\/\/steam.eus\/wp-content\/uploads\/cabecera-inscribete.jpg\",\"width\":1850,\"height\":629},{\"@type\":\"WebSite\",\"@id\":\"https:\/\/steam.eus\/es\/#website\",\"url\":\"https:\/\/steam.eus\/es\/\",\"name\":\"Steam Euskadi\",\"description\":\"\",\"potentialAction\":[{\"@type\":\"SearchAction\",\"target\":{\"@type\":\"EntryPoint\",\"urlTemplate\":\"https:\/\/steam.eus\/es\/?s={search_term_string}\"},\"query-input\":{\"@type\":\"PropertyValueSpecification\",\"valueRequired\":true,\"valueName\":\"search_term_string\"}}],\"inLanguage\":\"es\"}]}<\/script>\n<!-- \/ Yoast SEO plugin. -->","yoast_head_json":{"title":"Inscribe a tu centro - Steam Euskadi","robots":{"index":"index","follow":"follow","max-snippet":"max-snippet:-1","max-image-preview":"max-image-preview:large","max-video-preview":"max-video-preview:-1"},"canonical":"https:\/\/steam.eus\/es\/inscribe-a-tu-centro\/","og_locale":"es_ES","og_type":"article","og_title":"Inscribe a tu centro - Steam Euskadi","og_url":"https:\/\/steam.eus\/es\/inscribe-a-tu-centro\/","og_site_name":"Steam Euskadi","article_modified_time":"2025-05-05T08:42:28+00:00","og_image":[{"width":1850,"height":629,"url":"https:\/\/steam.eus\/wp-content\/uploads\/cabecera-inscribete.jpg","type":"image\/jpeg"}],"twitter_card":"summary_large_image","twitter_misc":{"Tiempo de lectura":"1 minuto"},"schema":{"@context":"https:\/\/schema.org","@graph":[{"@type":"WebPage","@id":"https:\/\/steam.eus\/es\/inscribe-a-tu-centro\/","url":"https:\/\/steam.eus\/es\/inscribe-a-tu-centro\/","name":"Inscribe a tu centro - Steam Euskadi","isPartOf":{"@id":"https:\/\/steam.eus\/es\/#website"},"primaryImageOfPage":{"@id":"https:\/\/steam.eus\/es\/inscribe-a-tu-centro\/#primaryimage"},"image":{"@id":"https:\/\/steam.eus\/es\/inscribe-a-tu-centro\/#primaryimage"},"thumbnailUrl":"https:\/\/steam.eus\/wp-content\/uploads\/cabecera-inscribete.jpg","datePublished":"2023-04-26T09:40:59+00:00","dateModified":"2025-05-05T08:42:28+00:00","inLanguage":"es","potentialAction":[{"@type":"ReadAction","target":["https:\/\/steam.eus\/es\/inscribe-a-tu-centro\/"]}]},{"@type":"ImageObject","inLanguage":"es","@id":"https:\/\/steam.eus\/es\/inscribe-a-tu-centro\/#primaryimage","url":"https:\/\/steam.eus\/wp-content\/uploads\/cabecera-inscribete.jpg","contentUrl":"https:\/\/steam.eus\/wp-content\/uploads\/cabecera-inscribete.jpg","width":1850,"height":629},{"@type":"WebSite","@id":"https:\/\/steam.eus\/es\/#website","url":"https:\/\/steam.eus\/es\/","name":"Steam Euskadi","description":"","potentialAction":[{"@type":"SearchAction","target":{"@type":"EntryPoint","urlTemplate":"https:\/\/steam.eus\/es\/?s={search_term_string}"},"query-input":{"@type":"PropertyValueSpecification","valueRequired":true,"valueName":"search_term_string"}}],"inLanguage":"es"}]}},"_links":{"self":[{"href":"https:\/\/steam.eus\/es\/wp-json\/wp\/v2\/pages\/6099","targetHints":{"allow":["GET"]}}],"collection":[{"href":"https:\/\/steam.eus\/es\/wp-json\/wp\/v2\/pages"}],"about":[{"href":"https:\/\/steam.eus\/es\/wp-json\/wp\/v2\/types\/page"}],"author":[{"embeddable":true,"href":"https:\/\/steam.eus\/es\/wp-json\/wp\/v2\/users\/1"}],"replies":[{"embeddable":true,"href":"https:\/\/steam.eus\/es\/wp-json\/wp\/v2\/comments?post=6099"}],"version-history":[{"count":29,"href":"https:\/\/steam.eus\/es\/wp-json\/wp\/v2\/pages\/6099\/revisions"}],"predecessor-version":[{"id":11918,"href":"https:\/\/steam.eus\/es\/wp-json\/wp\/v2\/pages\/6099\/revisions\/11918"}],"wp:featuredmedia":[{"embeddable":true,"href":"https:\/\/steam.eus\/es\/wp-json\/wp\/v2\/media\/6118"}],"wp:attachment":[{"href":"https:\/\/steam.eus\/es\/wp-json\/wp\/v2\/media?parent=6099"}],"curies":[{"name":"wp","href":"https:\/\/api.w.org\/{rel}","templated":true}]}}