{"id":6858,"date":"2023-09-19T13:40:53","date_gmt":"2023-09-19T13:40:53","guid":{"rendered":"https:\/\/steam.eus\/?page_id=6858"},"modified":"2025-09-30T11:55:55","modified_gmt":"2025-09-30T11:55:55","slug":"steam-euskadi-topaketak-2","status":"publish","type":"page","link":"https:\/\/steam.eus\/es\/premios\/steam-euskadi-topaketak-2\/","title":{"rendered":"STEAM Euskadi Topaketak"},"content":{"rendered":"<section class=\"l-section wpb_row height_large color_primary\"><div class=\"l-section-overlay\" style=\"background:rgba(0,0,0,0.45)\"><\/div><div class=\"l-section-h i-cf\"><div class=\"g-cols via_flex valign_middle type_default\"><div class=\"vc_col-sm-12 wpb_column vc_column_container\"><div class=\"vc_column-inner\"><div class=\"wpb_wrapper\"><h1 class=\"w-post-elm post_title align_center entry-title color_link_inherit\">STEAM Euskadi Topaketak<\/h1><\/div><\/div><\/div><\/div><\/div><\/section><section class=\"l-section wpb_row height_medium\" id=\"que\"><div class=\"l-section-h i-cf\"><div class=\"g-cols via_flex valign_middle type_default\"><div class=\"vc_col-sm-6 wpb_column vc_column_container\"><div class=\"vc_column-inner\"><div class=\"wpb_wrapper\"><div class=\"wpb_text_column\"><div class=\"wpb_wrapper\"><p><strong>STEAM Euskadi Topaketak<\/strong> es un ciclo de webinars formativos donde se abordan tem\u00e1ticas clave de la <strong>educaci\u00f3n STEAM<\/strong> como la integraci\u00f3n de diferentes asignaturas, las metodolog\u00edas activas m\u00e1s adecuadas, la cultura cient\u00edfica y el pensamiento cr\u00edtico, las vocaciones tecnol\u00f3gicas entre las ni\u00f1as o c\u00f3mo incorporar la diversidad en el dise\u00f1o de las actividades para el aula.<\/p>\n<p>Estos encuentros on line persiguen dar visibilidad a las mejores pr\u00e1cticas en el fomento del modelo educativo STEAM, el impulso de las vocaciones tempranas en ciencia, tecnolog\u00eda, ingenier\u00eda y matem\u00e1ticas, as\u00ed como en <strong>el desarrollo de las competencias STEAM<\/strong>, y que han sido premiadas en los <strong>STEAM Euskadi Sariak<\/strong>.<\/p>\n<\/div><\/div><\/div><\/div><\/div><div class=\"vc_col-sm-6 wpb_column vc_column_container\"><div class=\"vc_column-inner\"><div class=\"wpb_wrapper\"><div class=\"w-image us_custom_8f2ba1f4 us_animate_this align_center\"><div class=\"w-image-h\"><img width=\"650\" height=\"440\" class=\"attachment-full size-full lazyload\" alt=\"\" sizes=\"(max-width: 650px) 100vw, 650px\" data-srcset=\"https:\/\/steam.eus\/wp-content\/uploads\/banners-topaketak.jpg 650w, https:\/\/steam.eus\/wp-content\/uploads\/banners-topaketak-150x102.jpg 150w, https:\/\/steam.eus\/wp-content\/uploads\/banners-topaketak-300x203.jpg 300w, https:\/\/steam.eus\/wp-content\/uploads\/banners-topaketak-400x271.jpg 400w, https:\/\/steam.eus\/wp-content\/uploads\/banners-topaketak-480x325.jpg 480w, https:\/\/steam.eus\/wp-content\/uploads\/banners-topaketak-550x372.jpg 550w\" data-src=\"https:\/\/steam.eus\/wp-content\/uploads\/banners-topaketak.jpg\"><\/div><\/div><\/div><\/div><\/div><\/div><\/div><\/section><section class=\"l-section wpb_row us_custom_0d15be52 height_small\" id=\"webminarform\"><div class=\"l-section-h i-cf\"><div class=\"g-cols via_flex valign_top type_default\" style=\"--additional-gap:10px;\"><div class=\"vc_col-sm-4 wpb_column vc_column_container stretched\"><div class=\"vc_column-inner\"><div class=\"wpb_wrapper\"><div class=\"g-cols wpb_row us_custom_35d6eb8e top-header has_text_color via_flex valign_top type_default\"><div class=\"vc_col-sm-12 wpb_column vc_column_container\"><div class=\"vc_column-inner us_custom_f03ee871\"><div class=\"wpb_wrapper\"><div class=\"wpb_text_column\"><div class=\"wpb_wrapper\"><h2><strong>Ediciones anteriores<\/strong><\/h2>\n<\/div><\/div><\/div><\/div><\/div><\/div><\/div><\/div><\/div><div class=\"vc_col-sm-8 wpb_column vc_column_container\"><div class=\"vc_column-inner\"><div class=\"wpb_wrapper\"><\/div><\/div><\/div><\/div><\/div><\/section><section class=\"l-section wpb_row us_custom_0d15be52 height_small\" id=\"webminarform\"><div class=\"l-section-h i-cf\"><div class=\"g-cols via_flex valign_top type_default\" style=\"--additional-gap:10px;\"><div class=\"vc_col-sm-3 wpb_column vc_column_container morado2\"><div class=\"vc_column-inner\"><div class=\"wpb_wrapper\"><div class=\"wpb_text_column\"><div class=\"wpb_wrapper\"><h3>2024- 4\u00aa Edici\u00f3n<\/h3>\n<\/div><\/div><div class=\"w-btn-wrapper align_left\"><a class=\"w-btn us-btn-style_11\" title=\"STEAM Euskadi Topaketak 2024\" target=\"_blank\" href=\"https:\/\/steam.eus\/es\/premios\/steam-euskadi-topaketak-2\/steam-euskadi-topaketak-2024\/\" rel=\"noopener\"><span class=\"w-btn-label\">Ver info<\/span><\/a><\/div><\/div><\/div><\/div><div class=\"vc_col-sm-3 wpb_column vc_column_container morado2\"><div class=\"vc_column-inner\"><div class=\"wpb_wrapper\"><div class=\"wpb_text_column\"><div class=\"wpb_wrapper\"><h3>2023- 3\u00aa Edici\u00f3n<\/h3>\n<\/div><\/div><div class=\"w-btn-wrapper align_left\"><a class=\"w-btn us-btn-style_11\" title=\"STEAM Euskadi Topaketak 2023\" target=\"_blank\" href=\"https:\/\/steam.eus\/es\/premios\/steam-euskadi-topaketak-2\/steam-euskadi-topaketak-2023\/\" rel=\"noopener\"><span class=\"w-btn-label\">Ver info<\/span><\/a><\/div><\/div><\/div><\/div><div class=\"vc_col-sm-3 wpb_column vc_column_container morado2\"><div class=\"vc_column-inner\"><div class=\"wpb_wrapper\"><div class=\"wpb_text_column\"><div class=\"wpb_wrapper\"><h3>2022- 2\u00aa Edici\u00f3n<\/h3>\n<\/div><\/div><div class=\"w-btn-wrapper align_left\"><a class=\"w-btn us-btn-style_11\" title=\"STEAM Euskadi Topaketak 2022\" target=\"_blank\" href=\"https:\/\/steam.eus\/es\/steam-euskadi-topaketak\/topaketak-2022\/\" rel=\"noopener\"><span class=\"w-btn-label\">Ver info<\/span><\/a><\/div><\/div><\/div><\/div><div class=\"vc_col-sm-3 wpb_column vc_column_container morado2\"><div class=\"vc_column-inner\"><div class=\"wpb_wrapper\"><div class=\"wpb_text_column\"><div class=\"wpb_wrapper\"><h3>2021- 1\u00aa Edici\u00f3n<\/h3>\n<\/div><\/div><div class=\"w-btn-wrapper align_left\"><a class=\"w-btn us-btn-style_11\" title=\"STEAM Euskadi Topaketak 2021\" target=\"_blank\" href=\"https:\/\/steam.eus\/es\/steam-euskadi-topaketak\/topaketak-2021\/\" rel=\"noopener\"><span class=\"w-btn-label\">Ver info<\/span><\/a><\/div><\/div><\/div><\/div><\/div><\/div><\/section>\n","protected":false},"excerpt":{"rendered":"STEAM Euskadi TopaketakSTEAM Euskadi Topaketak es un ciclo de webinars formativos donde se abordan tem\u00e1ticas clave de la educaci\u00f3n STEAM como la integraci\u00f3n de diferentes asignaturas, las metodolog\u00edas activas m\u00e1s adecuadas, la cultura cient\u00edfica y el pensamiento cr\u00edtico, las vocaciones tecnol\u00f3gicas entre las ni\u00f1as o c\u00f3mo incorporar la diversidad en el dise\u00f1o de las actividades...","protected":false},"author":1,"featured_media":6874,"parent":9388,"menu_order":0,"comment_status":"closed","ping_status":"closed","template":"","meta":{"_acf_changed":false,"footnotes":""},"class_list":["post-6858","page","type-page","status-publish","has-post-thumbnail","hentry"],"acf":[],"yoast_head":"<!-- This site is optimized with the Yoast SEO plugin v24.9 - https:\/\/yoast.com\/wordpress\/plugins\/seo\/ -->\n<title>STEAM Euskadi Topaketak - Steam Euskadi<\/title>\n<meta name=\"robots\" content=\"index, follow, max-snippet:-1, max-image-preview:large, max-video-preview:-1\" \/>\n<link rel=\"canonical\" href=\"https:\/\/steam.eus\/es\/premios\/steam-euskadi-topaketak-2\/\" \/>\n<meta property=\"og:locale\" content=\"es_ES\" \/>\n<meta property=\"og:type\" content=\"article\" \/>\n<meta property=\"og:title\" content=\"STEAM Euskadi Topaketak - Steam Euskadi\" \/>\n<meta property=\"og:url\" content=\"https:\/\/steam.eus\/es\/premios\/steam-euskadi-topaketak-2\/\" \/>\n<meta property=\"og:site_name\" content=\"Steam Euskadi\" \/>\n<meta property=\"article:modified_time\" content=\"2025-09-30T11:55:55+00:00\" \/>\n<meta property=\"og:image\" content=\"https:\/\/steam.eus\/wp-content\/uploads\/imagen-topekata.jpg\" \/>\n\t<meta property=\"og:image:width\" content=\"1650\" \/>\n\t<meta property=\"og:image:height\" content=\"1100\" \/>\n\t<meta property=\"og:image:type\" content=\"image\/jpeg\" \/>\n<meta name=\"twitter:card\" content=\"summary_large_image\" \/>\n<meta name=\"twitter:label1\" content=\"Tiempo de lectura\" \/>\n\t<meta name=\"twitter:data1\" content=\"2 minutos\" \/>\n<script type=\"application\/ld+json\" class=\"yoast-schema-graph\">{\"@context\":\"https:\/\/schema.org\",\"@graph\":[{\"@type\":\"WebPage\",\"@id\":\"https:\/\/steam.eus\/es\/premios\/steam-euskadi-topaketak-2\/\",\"url\":\"https:\/\/steam.eus\/es\/premios\/steam-euskadi-topaketak-2\/\",\"name\":\"STEAM Euskadi Topaketak - Steam Euskadi\",\"isPartOf\":{\"@id\":\"https:\/\/steam.eus\/es\/#website\"},\"primaryImageOfPage\":{\"@id\":\"https:\/\/steam.eus\/es\/premios\/steam-euskadi-topaketak-2\/#primaryimage\"},\"image\":{\"@id\":\"https:\/\/steam.eus\/es\/premios\/steam-euskadi-topaketak-2\/#primaryimage\"},\"thumbnailUrl\":\"https:\/\/steam.eus\/wp-content\/uploads\/imagen-topekata.jpg\",\"datePublished\":\"2023-09-19T13:40:53+00:00\",\"dateModified\":\"2025-09-30T11:55:55+00:00\",\"breadcrumb\":{\"@id\":\"https:\/\/steam.eus\/es\/premios\/steam-euskadi-topaketak-2\/#breadcrumb\"},\"inLanguage\":\"es\",\"potentialAction\":[{\"@type\":\"ReadAction\",\"target\":[\"https:\/\/steam.eus\/es\/premios\/steam-euskadi-topaketak-2\/\"]}]},{\"@type\":\"ImageObject\",\"inLanguage\":\"es\",\"@id\":\"https:\/\/steam.eus\/es\/premios\/steam-euskadi-topaketak-2\/#primaryimage\",\"url\":\"https:\/\/steam.eus\/wp-content\/uploads\/imagen-topekata.jpg\",\"contentUrl\":\"https:\/\/steam.eus\/wp-content\/uploads\/imagen-topekata.jpg\",\"width\":1650,\"height\":1100},{\"@type\":\"BreadcrumbList\",\"@id\":\"https:\/\/steam.eus\/es\/premios\/steam-euskadi-topaketak-2\/#breadcrumb\",\"itemListElement\":[{\"@type\":\"ListItem\",\"position\":1,\"name\":\"Premios\",\"item\":\"https:\/\/steam.eus\/es\/premios\/\"},{\"@type\":\"ListItem\",\"position\":2,\"name\":\"STEAM Euskadi Topaketak\"}]},{\"@type\":\"WebSite\",\"@id\":\"https:\/\/steam.eus\/es\/#website\",\"url\":\"https:\/\/steam.eus\/es\/\",\"name\":\"Steam Euskadi\",\"description\":\"\",\"potentialAction\":[{\"@type\":\"SearchAction\",\"target\":{\"@type\":\"EntryPoint\",\"urlTemplate\":\"https:\/\/steam.eus\/es\/?s={search_term_string}\"},\"query-input\":{\"@type\":\"PropertyValueSpecification\",\"valueRequired\":true,\"valueName\":\"search_term_string\"}}],\"inLanguage\":\"es\"}]}<\/script>\n<!-- \/ Yoast SEO plugin. -->","yoast_head_json":{"title":"STEAM Euskadi Topaketak - Steam Euskadi","robots":{"index":"index","follow":"follow","max-snippet":"max-snippet:-1","max-image-preview":"max-image-preview:large","max-video-preview":"max-video-preview:-1"},"canonical":"https:\/\/steam.eus\/es\/premios\/steam-euskadi-topaketak-2\/","og_locale":"es_ES","og_type":"article","og_title":"STEAM Euskadi Topaketak - Steam Euskadi","og_url":"https:\/\/steam.eus\/es\/premios\/steam-euskadi-topaketak-2\/","og_site_name":"Steam Euskadi","article_modified_time":"2025-09-30T11:55:55+00:00","og_image":[{"width":1650,"height":1100,"url":"https:\/\/steam.eus\/wp-content\/uploads\/imagen-topekata.jpg","type":"image\/jpeg"}],"twitter_card":"summary_large_image","twitter_misc":{"Tiempo de lectura":"2 minutos"},"schema":{"@context":"https:\/\/schema.org","@graph":[{"@type":"WebPage","@id":"https:\/\/steam.eus\/es\/premios\/steam-euskadi-topaketak-2\/","url":"https:\/\/steam.eus\/es\/premios\/steam-euskadi-topaketak-2\/","name":"STEAM Euskadi Topaketak - Steam Euskadi","isPartOf":{"@id":"https:\/\/steam.eus\/es\/#website"},"primaryImageOfPage":{"@id":"https:\/\/steam.eus\/es\/premios\/steam-euskadi-topaketak-2\/#primaryimage"},"image":{"@id":"https:\/\/steam.eus\/es\/premios\/steam-euskadi-topaketak-2\/#primaryimage"},"thumbnailUrl":"https:\/\/steam.eus\/wp-content\/uploads\/imagen-topekata.jpg","datePublished":"2023-09-19T13:40:53+00:00","dateModified":"2025-09-30T11:55:55+00:00","breadcrumb":{"@id":"https:\/\/steam.eus\/es\/premios\/steam-euskadi-topaketak-2\/#breadcrumb"},"inLanguage":"es","potentialAction":[{"@type":"ReadAction","target":["https:\/\/steam.eus\/es\/premios\/steam-euskadi-topaketak-2\/"]}]},{"@type":"ImageObject","inLanguage":"es","@id":"https:\/\/steam.eus\/es\/premios\/steam-euskadi-topaketak-2\/#primaryimage","url":"https:\/\/steam.eus\/wp-content\/uploads\/imagen-topekata.jpg","contentUrl":"https:\/\/steam.eus\/wp-content\/uploads\/imagen-topekata.jpg","width":1650,"height":1100},{"@type":"BreadcrumbList","@id":"https:\/\/steam.eus\/es\/premios\/steam-euskadi-topaketak-2\/#breadcrumb","itemListElement":[{"@type":"ListItem","position":1,"name":"Premios","item":"https:\/\/steam.eus\/es\/premios\/"},{"@type":"ListItem","position":2,"name":"STEAM Euskadi Topaketak"}]},{"@type":"WebSite","@id":"https:\/\/steam.eus\/es\/#website","url":"https:\/\/steam.eus\/es\/","name":"Steam Euskadi","description":"","potentialAction":[{"@type":"SearchAction","target":{"@type":"EntryPoint","urlTemplate":"https:\/\/steam.eus\/es\/?s={search_term_string}"},"query-input":{"@type":"PropertyValueSpecification","valueRequired":true,"valueName":"search_term_string"}}],"inLanguage":"es"}]}},"_links":{"self":[{"href":"https:\/\/steam.eus\/es\/wp-json\/wp\/v2\/pages\/6858","targetHints":{"allow":["GET"]}}],"collection":[{"href":"https:\/\/steam.eus\/es\/wp-json\/wp\/v2\/pages"}],"about":[{"href":"https:\/\/steam.eus\/es\/wp-json\/wp\/v2\/types\/page"}],"author":[{"embeddable":true,"href":"https:\/\/steam.eus\/es\/wp-json\/wp\/v2\/users\/1"}],"replies":[{"embeddable":true,"href":"https:\/\/steam.eus\/es\/wp-json\/wp\/v2\/comments?post=6858"}],"version-history":[{"count":72,"href":"https:\/\/steam.eus\/es\/wp-json\/wp\/v2\/pages\/6858\/revisions"}],"predecessor-version":[{"id":12105,"href":"https:\/\/steam.eus\/es\/wp-json\/wp\/v2\/pages\/6858\/revisions\/12105"}],"up":[{"embeddable":true,"href":"https:\/\/steam.eus\/es\/wp-json\/wp\/v2\/pages\/9388"}],"wp:featuredmedia":[{"embeddable":true,"href":"https:\/\/steam.eus\/es\/wp-json\/wp\/v2\/media\/6874"}],"wp:attachment":[{"href":"https:\/\/steam.eus\/es\/wp-json\/wp\/v2\/media?parent=6858"}],"curies":[{"name":"wp","href":"https:\/\/api.w.org\/{rel}","templated":true}]}}