{"id":9307,"date":"2024-04-29T10:31:38","date_gmt":"2024-04-29T10:31:38","guid":{"rendered":"https:\/\/steam.eus\/?page_id=9307"},"modified":"2024-05-22T15:04:25","modified_gmt":"2024-05-22T15:04:25","slug":"estrategia-steam-euskadi","status":"publish","type":"page","link":"https:\/\/steam.eus\/es\/estrategia-steam-euskadi\/","title":{"rendered":"Estrategia STEAM EUSKADI"},"content":{"rendered":"<section class=\"l-section wpb_row height_large color_primary\"><div class=\"l-section-overlay\" style=\"background:rgba(0,0,0,0.45)\"><\/div><div class=\"l-section-h i-cf\"><div class=\"g-cols via_flex valign_middle type_default\"><div class=\"vc_col-sm-12 wpb_column vc_column_container\"><div class=\"vc_column-inner\"><div class=\"wpb_wrapper\"><h1 class=\"w-post-elm post_title align_center entry-title color_link_inherit\">Estrategia STEAM EUSKADI<\/h1><\/div><\/div><\/div><\/div><\/div><\/section><section class=\"l-section wpb_row height_small\"><div class=\"l-section-h i-cf\"><div class=\"g-cols via_flex valign_top type_default\"><div class=\"vc_col-sm-12 wpb_column vc_column_container\"><div class=\"vc_column-inner\"><div class=\"wpb_wrapper\"><div class=\"wpb_text_column us_custom_4340e7cf\"><div class=\"wpb_wrapper\"><p>En 2018, el Departamento de Educaci\u00f3n de Gobierno Vasco, puso en marcha la primera Estrategia de Educaci\u00f3n STEAM de Euskadi con el fin de impulsar la educaci\u00f3n y formaci\u00f3n cient\u00edfico-t\u00e9cnica en todas las etapas educativas. Esta estrategia busca inspirar vocaciones y aspiraciones profesionales en el \u00e1mbito STEM,\u00a0con especial atenci\u00f3n a las alumnas; y promocionar la divulgaci\u00f3n y la cultura cient\u00edfico-tecnol\u00f3gica entre la ciudadan\u00eda vasca con la implicaci\u00f3n de los agentes socioecon\u00f3micos.<\/p>\n<\/div><\/div><\/div><\/div><\/div><\/div><\/div><\/section><section class=\"l-section wpb_row height_small\"><div class=\"l-section-h i-cf\"><div class=\"g-cols via_flex valign_top type_default\"><div class=\"vc_col-sm-12 wpb_column vc_column_container\"><div class=\"vc_column-inner\"><div class=\"wpb_wrapper\"><div class=\"g-cols wpb_row via_flex valign_top type_default\"><div class=\"vc_col-sm-4 wpb_column vc_column_container\"><div class=\"vc_column-inner\"><div class=\"wpb_wrapper\"><div class=\"w-ibanner banner1 animation_phorcys ratio_3x2 easing_ease\"><div class=\"w-ibanner-h\"><div class=\"w-ibanner-image\" style=\"background-image: url(https:\/\/steam.eus\/wp-content\/uploads\/banners-estrategia-01.jpg)\"><\/div><div class=\"w-ibanner-content\"><div class=\"w-ibanner-content-h\"><h3 class=\"w-ibanner-title\">\u00bfQu\u00e9 es la Educaci\u00f3n STEAM?<\/h3><div class=\"w-ibanner-desc\"><\/div><\/div><\/div><\/div><a title=\"STEAM Sare: qu\u00e9 es\" target=\"_blank\" href=\"https:\/\/steam.eus\/es\/estrategia-steam-euskadi-2\/estrategia-euskadi\/\" rel=\"noopener\" aria-label=\"\u00bfQu\u00e9 es la Educaci\u00f3n STEAM?\"><\/a><\/div><\/div><\/div><\/div><div class=\"vc_col-sm-4 wpb_column vc_column_container\"><div class=\"vc_column-inner\"><div class=\"wpb_wrapper\"><div class=\"w-ibanner banner1 animation_phorcys ratio_3x2 easing_ease\"><div class=\"w-ibanner-h\"><div class=\"w-ibanner-image\" style=\"background-image: url(https:\/\/steam.eus\/wp-content\/uploads\/banners-estrategia-02.jpg)\"><\/div><div class=\"w-ibanner-content\"><div class=\"w-ibanner-content-h\"><h3 class=\"w-ibanner-title\">I Estrategia de Educaci\u00f3n STEAM Euskadi<\/h3><div class=\"w-ibanner-desc\"><\/div><\/div><\/div><\/div><a title=\"I Estrategia de Educaci\u00f3n STEAM Euskadi\" target=\"_blank\" href=\"https:\/\/steam.eus\/es\/estrategia-steam-euskadi-2\/i-estrategia-de-educacion-steam-euskadi\/\" rel=\"noopener\" aria-label=\"I Estrategia de Educaci\u00f3n STEAM Euskadi\"><\/a><\/div><\/div><\/div><\/div><div class=\"vc_col-sm-4 wpb_column vc_column_container\"><div class=\"vc_column-inner\"><div class=\"wpb_wrapper\"><div class=\"w-ibanner banner1 animation_phorcys ratio_3x2 easing_ease\"><div class=\"w-ibanner-h\"><div class=\"w-ibanner-image\" style=\"background-image: url(https:\/\/steam.eus\/wp-content\/uploads\/banners-estrategia-03.jpg)\"><\/div><div class=\"w-ibanner-content\"><div class=\"w-ibanner-content-h\"><h3 class=\"w-ibanner-title\">Situaci\u00f3n en Euskadi<\/h3><div class=\"w-ibanner-desc\"><\/div><\/div><\/div><\/div><a title=\"STEAM Sare: Participantes\" target=\"_blank\" href=\"https:\/\/steam.eus\/es\/estrategia-steam-euskadi-2\/situacion-en-euskadi\/\" rel=\"noopener\" aria-label=\"Situaci\u00f3n en Euskadi\"><\/a><\/div><\/div><\/div><\/div><\/div><\/div><\/div><\/div><\/div><\/div><\/section>\n","protected":false},"excerpt":{"rendered":"Estrategia STEAM EUSKADIEn 2018, el Departamento de Educaci\u00f3n de Gobierno Vasco, puso en marcha la primera Estrategia de Educaci\u00f3n STEAM de Euskadi con el fin de impulsar la educaci\u00f3n y formaci\u00f3n cient\u00edfico-t\u00e9cnica en todas las etapas educativas. Esta estrategia busca inspirar vocaciones y aspiraciones profesionales en el \u00e1mbito STEM,\u00a0con especial atenci\u00f3n a las alumnas; y...","protected":false},"author":1,"featured_media":9785,"parent":0,"menu_order":5,"comment_status":"closed","ping_status":"closed","template":"","meta":{"_acf_changed":false,"footnotes":""},"class_list":["post-9307","page","type-page","status-publish","has-post-thumbnail","hentry"],"acf":[],"yoast_head":"<!-- This site is optimized with the Yoast SEO plugin v24.9 - https:\/\/yoast.com\/wordpress\/plugins\/seo\/ -->\n<title>Estrategia STEAM EUSKADI - Steam Euskadi<\/title>\n<meta name=\"robots\" content=\"index, follow, max-snippet:-1, max-image-preview:large, max-video-preview:-1\" \/>\n<link rel=\"canonical\" href=\"https:\/\/steam.eus\/es\/estrategia-steam-euskadi\/\" \/>\n<meta property=\"og:locale\" content=\"es_ES\" \/>\n<meta property=\"og:type\" content=\"article\" \/>\n<meta property=\"og:title\" content=\"Estrategia STEAM EUSKADI - Steam Euskadi\" \/>\n<meta property=\"og:url\" content=\"https:\/\/steam.eus\/es\/estrategia-steam-euskadi\/\" \/>\n<meta property=\"og:site_name\" content=\"Steam Euskadi\" \/>\n<meta property=\"article:modified_time\" content=\"2024-05-22T15:04:25+00:00\" \/>\n<meta property=\"og:image\" content=\"https:\/\/steam.eus\/wp-content\/uploads\/cabecera-estrategia.jpg\" \/>\n\t<meta property=\"og:image:width\" content=\"1850\" \/>\n\t<meta property=\"og:image:height\" content=\"650\" \/>\n\t<meta property=\"og:image:type\" content=\"image\/jpeg\" \/>\n<meta name=\"twitter:card\" content=\"summary_large_image\" \/>\n<meta name=\"twitter:label1\" content=\"Tiempo de lectura\" \/>\n\t<meta name=\"twitter:data1\" content=\"1 minuto\" \/>\n<script type=\"application\/ld+json\" class=\"yoast-schema-graph\">{\"@context\":\"https:\/\/schema.org\",\"@graph\":[{\"@type\":\"WebPage\",\"@id\":\"https:\/\/steam.eus\/es\/estrategia-steam-euskadi\/\",\"url\":\"https:\/\/steam.eus\/es\/estrategia-steam-euskadi\/\",\"name\":\"Estrategia STEAM EUSKADI - Steam Euskadi\",\"isPartOf\":{\"@id\":\"https:\/\/steam.eus\/es\/#website\"},\"primaryImageOfPage\":{\"@id\":\"https:\/\/steam.eus\/es\/estrategia-steam-euskadi\/#primaryimage\"},\"image\":{\"@id\":\"https:\/\/steam.eus\/es\/estrategia-steam-euskadi\/#primaryimage\"},\"thumbnailUrl\":\"https:\/\/steam.eus\/wp-content\/uploads\/cabecera-estrategia.jpg\",\"datePublished\":\"2024-04-29T10:31:38+00:00\",\"dateModified\":\"2024-05-22T15:04:25+00:00\",\"inLanguage\":\"es\",\"potentialAction\":[{\"@type\":\"ReadAction\",\"target\":[\"https:\/\/steam.eus\/es\/estrategia-steam-euskadi\/\"]}]},{\"@type\":\"ImageObject\",\"inLanguage\":\"es\",\"@id\":\"https:\/\/steam.eus\/es\/estrategia-steam-euskadi\/#primaryimage\",\"url\":\"https:\/\/steam.eus\/wp-content\/uploads\/cabecera-estrategia.jpg\",\"contentUrl\":\"https:\/\/steam.eus\/wp-content\/uploads\/cabecera-estrategia.jpg\",\"width\":1850,\"height\":650},{\"@type\":\"WebSite\",\"@id\":\"https:\/\/steam.eus\/es\/#website\",\"url\":\"https:\/\/steam.eus\/es\/\",\"name\":\"Steam Euskadi\",\"description\":\"\",\"potentialAction\":[{\"@type\":\"SearchAction\",\"target\":{\"@type\":\"EntryPoint\",\"urlTemplate\":\"https:\/\/steam.eus\/es\/?s={search_term_string}\"},\"query-input\":{\"@type\":\"PropertyValueSpecification\",\"valueRequired\":true,\"valueName\":\"search_term_string\"}}],\"inLanguage\":\"es\"}]}<\/script>\n<!-- \/ Yoast SEO plugin. -->","yoast_head_json":{"title":"Estrategia STEAM EUSKADI - Steam Euskadi","robots":{"index":"index","follow":"follow","max-snippet":"max-snippet:-1","max-image-preview":"max-image-preview:large","max-video-preview":"max-video-preview:-1"},"canonical":"https:\/\/steam.eus\/es\/estrategia-steam-euskadi\/","og_locale":"es_ES","og_type":"article","og_title":"Estrategia STEAM EUSKADI - Steam Euskadi","og_url":"https:\/\/steam.eus\/es\/estrategia-steam-euskadi\/","og_site_name":"Steam Euskadi","article_modified_time":"2024-05-22T15:04:25+00:00","og_image":[{"width":1850,"height":650,"url":"https:\/\/steam.eus\/wp-content\/uploads\/cabecera-estrategia.jpg","type":"image\/jpeg"}],"twitter_card":"summary_large_image","twitter_misc":{"Tiempo de lectura":"1 minuto"},"schema":{"@context":"https:\/\/schema.org","@graph":[{"@type":"WebPage","@id":"https:\/\/steam.eus\/es\/estrategia-steam-euskadi\/","url":"https:\/\/steam.eus\/es\/estrategia-steam-euskadi\/","name":"Estrategia STEAM EUSKADI - Steam Euskadi","isPartOf":{"@id":"https:\/\/steam.eus\/es\/#website"},"primaryImageOfPage":{"@id":"https:\/\/steam.eus\/es\/estrategia-steam-euskadi\/#primaryimage"},"image":{"@id":"https:\/\/steam.eus\/es\/estrategia-steam-euskadi\/#primaryimage"},"thumbnailUrl":"https:\/\/steam.eus\/wp-content\/uploads\/cabecera-estrategia.jpg","datePublished":"2024-04-29T10:31:38+00:00","dateModified":"2024-05-22T15:04:25+00:00","inLanguage":"es","potentialAction":[{"@type":"ReadAction","target":["https:\/\/steam.eus\/es\/estrategia-steam-euskadi\/"]}]},{"@type":"ImageObject","inLanguage":"es","@id":"https:\/\/steam.eus\/es\/estrategia-steam-euskadi\/#primaryimage","url":"https:\/\/steam.eus\/wp-content\/uploads\/cabecera-estrategia.jpg","contentUrl":"https:\/\/steam.eus\/wp-content\/uploads\/cabecera-estrategia.jpg","width":1850,"height":650},{"@type":"WebSite","@id":"https:\/\/steam.eus\/es\/#website","url":"https:\/\/steam.eus\/es\/","name":"Steam Euskadi","description":"","potentialAction":[{"@type":"SearchAction","target":{"@type":"EntryPoint","urlTemplate":"https:\/\/steam.eus\/es\/?s={search_term_string}"},"query-input":{"@type":"PropertyValueSpecification","valueRequired":true,"valueName":"search_term_string"}}],"inLanguage":"es"}]}},"_links":{"self":[{"href":"https:\/\/steam.eus\/es\/wp-json\/wp\/v2\/pages\/9307","targetHints":{"allow":["GET"]}}],"collection":[{"href":"https:\/\/steam.eus\/es\/wp-json\/wp\/v2\/pages"}],"about":[{"href":"https:\/\/steam.eus\/es\/wp-json\/wp\/v2\/types\/page"}],"author":[{"embeddable":true,"href":"https:\/\/steam.eus\/es\/wp-json\/wp\/v2\/users\/1"}],"replies":[{"embeddable":true,"href":"https:\/\/steam.eus\/es\/wp-json\/wp\/v2\/comments?post=9307"}],"version-history":[{"count":8,"href":"https:\/\/steam.eus\/es\/wp-json\/wp\/v2\/pages\/9307\/revisions"}],"predecessor-version":[{"id":10401,"href":"https:\/\/steam.eus\/es\/wp-json\/wp\/v2\/pages\/9307\/revisions\/10401"}],"wp:featuredmedia":[{"embeddable":true,"href":"https:\/\/steam.eus\/es\/wp-json\/wp\/v2\/media\/9785"}],"wp:attachment":[{"href":"https:\/\/steam.eus\/es\/wp-json\/wp\/v2\/media?parent=9307"}],"curies":[{"name":"wp","href":"https:\/\/api.w.org\/{rel}","templated":true}]}}