{"id":9496,"date":"2024-04-30T11:30:15","date_gmt":"2024-04-30T11:30:15","guid":{"rendered":"https:\/\/steam.eus\/?page_id=9496"},"modified":"2024-07-24T08:11:03","modified_gmt":"2024-07-24T08:11:03","slug":"como-participar","status":"publish","type":"page","link":"https:\/\/steam.eus\/es\/como-participar\/","title":{"rendered":"\u00bfC\u00f3mo participar?"},"content":{"rendered":"<section class=\"l-section wpb_row height_large color_primary\"><div class=\"l-section-overlay\" style=\"background:rgba(0,0,0,0.45)\"><\/div><div class=\"l-section-h i-cf\"><div class=\"g-cols via_flex valign_middle type_default\"><div class=\"vc_col-sm-12 wpb_column vc_column_container\"><div class=\"vc_column-inner\"><div class=\"wpb_wrapper\"><h1 class=\"w-post-elm post_title align_center entry-title color_link_inherit\">\u00bfC\u00f3mo participar?<\/h1><\/div><\/div><\/div><\/div><\/div><\/section><section class=\"l-section wpb_row us_custom_79a6436d height_auto\"><div class=\"l-section-h i-cf\"><div class=\"g-cols via_flex valign_top type_default\" style=\"--additional-gap:10px;\"><div class=\"vc_col-sm-4 wpb_column vc_column_container link-morado  has_bg_color\"><div class=\"vc_column-inner us_custom_7512151b us_animate_this\"><div class=\"wpb_wrapper\"><div class=\"w-image us_custom_4af741be align_none\"><div class=\"w-image-h\"><img width=\"650\" height=\"440\" class=\"attachment-full size-full lazyload\" alt=\"\" sizes=\"(max-width: 650px) 100vw, 650px\" data-srcset=\"https:\/\/steam.eus\/wp-content\/uploads\/banners-sare-01.jpg 650w, https:\/\/steam.eus\/wp-content\/uploads\/banners-sare-01-150x102.jpg 150w, https:\/\/steam.eus\/wp-content\/uploads\/banners-sare-01-300x203.jpg 300w, https:\/\/steam.eus\/wp-content\/uploads\/banners-sare-01-400x271.jpg 400w, https:\/\/steam.eus\/wp-content\/uploads\/banners-sare-01-480x325.jpg 480w, https:\/\/steam.eus\/wp-content\/uploads\/banners-sare-01-550x372.jpg 550w\" data-src=\"https:\/\/steam.eus\/wp-content\/uploads\/banners-sare-01.jpg\"><\/div><\/div><div class=\"g-cols wpb_row us_custom_8461e426 via_flex valign_top type_default\"><div class=\"vc_col-sm-12 wpb_column vc_column_container\"><div class=\"vc_column-inner\"><div class=\"wpb_wrapper\"><div class=\"wpb_text_column us_custom_7b1c4c92 has_text_color\"><div class=\"wpb_wrapper\"><h3>Soy un centro educativo<\/h3>\n<\/div><\/div><\/div><\/div><\/div><\/div><div class=\"wpb_text_column us_custom_3d269516\"><div class=\"wpb_wrapper\"><ul>\n<li>Inscr\u00edbete en el <b><a href=\"https:\/\/steam.eus\/es\/catalogo-steam-sare\/\" target=\"_blank\" rel=\"noopener\">cat\u00e1logo de actividad STEAM Sare<\/a>.<\/b><\/li>\n<li>Presenta iniciativas en los\u00a0<a href=\"https:\/\/steam.eus\/es\/premios\/steam-euskadi-sariak\/\" target=\"_blank\" rel=\"noopener\"><strong>premios STEAM Euskadi Sariak<\/strong><\/a>.<\/li>\n<li>Inscr\u00edbete en las\u00a0<a href=\"https:\/\/steam.eus\/es\/premios\/steam-euskadi-topaketak\/\" target=\"_blank\" rel=\"noopener\"><strong>STEAM Euskadi Topaketak<\/strong><\/a>.<\/li>\n<\/ul>\n<\/div><\/div><\/div><\/div><\/div><div class=\"vc_col-sm-4 wpb_column vc_column_container link-morado  has_bg_color\"><div class=\"vc_column-inner us_custom_cc2909bf us_animate_this\"><div class=\"wpb_wrapper\"><div class=\"w-image us_custom_4af741be align_none\"><div class=\"w-image-h\"><img width=\"650\" height=\"440\" class=\"attachment-full size-full lazyload\" alt=\"\" sizes=\"(max-width: 650px) 100vw, 650px\" data-srcset=\"https:\/\/steam.eus\/wp-content\/uploads\/banners-sare-02.jpg 650w, https:\/\/steam.eus\/wp-content\/uploads\/banners-sare-02-150x102.jpg 150w, https:\/\/steam.eus\/wp-content\/uploads\/banners-sare-02-300x203.jpg 300w, https:\/\/steam.eus\/wp-content\/uploads\/banners-sare-02-400x271.jpg 400w, https:\/\/steam.eus\/wp-content\/uploads\/banners-sare-02-480x325.jpg 480w, https:\/\/steam.eus\/wp-content\/uploads\/banners-sare-02-550x372.jpg 550w\" data-src=\"https:\/\/steam.eus\/wp-content\/uploads\/banners-sare-02.jpg\"><\/div><\/div><div class=\"g-cols wpb_row us_custom_8461e426 via_flex valign_top type_default\"><div class=\"vc_col-sm-12 wpb_column vc_column_container\"><div class=\"vc_column-inner\"><div class=\"wpb_wrapper\"><div class=\"wpb_text_column us_custom_7b1c4c92 has_text_color\"><div class=\"wpb_wrapper\"><h3>Soy una entidad<\/h3>\n<\/div><\/div><\/div><\/div><\/div><\/div><div class=\"wpb_text_column us_custom_3d269516\"><div class=\"wpb_wrapper\"><ul>\n<li>Oferta una actividad en el <a href=\"https:\/\/steam.eus\/es\/catalogo-steam-sare\/\" target=\"_blank\" rel=\"noopener\"><strong>cat\u00e1logo STEAM Sare.<\/strong><\/a><\/li>\n<li>Inscribe a tus profesionales STEM<strong> en <\/strong><a href=\"https:\/\/steam.eus\/es\/steam-sare-conectando-colegios-y-empresas\/como-puedo-participar-en-la-red\/como-puedo-participar-en-la-red\/\"><strong>actividades STEAM.<\/strong><\/a><\/li>\n<li>Presenta iniciativas en los\u00a0<a href=\"https:\/\/steam.eus\/es\/premios\/steam-euskadi-sariak\/\" target=\"_blank\" rel=\"noopener\"><strong>premios STEAM Euskadi Sariak<\/strong><\/a>.<\/li>\n<li>Inscr\u00edbete en las\u00a0<a href=\"https:\/\/steam.eus\/es\/premios\/steam-euskadi-topaketak\/\" target=\"_blank\" rel=\"noopener\"><strong>STEAM Euskadi Topaketak<\/strong><\/a>.<\/li>\n<\/ul>\n<\/div><\/div><\/div><\/div><\/div><div class=\"vc_col-sm-4 wpb_column vc_column_container link-morado  has_bg_color\"><div class=\"vc_column-inner us_custom_9445b07e us_animate_this\"><div class=\"wpb_wrapper\"><div class=\"w-image us_custom_4af741be align_none\"><div class=\"w-image-h\"><img width=\"650\" height=\"440\" class=\"attachment-full size-full lazyload\" alt=\"\" sizes=\"(max-width: 650px) 100vw, 650px\" data-srcset=\"https:\/\/steam.eus\/wp-content\/uploads\/banners-voluntario.jpg 650w, https:\/\/steam.eus\/wp-content\/uploads\/banners-voluntario-150x102.jpg 150w, https:\/\/steam.eus\/wp-content\/uploads\/banners-voluntario-300x203.jpg 300w, https:\/\/steam.eus\/wp-content\/uploads\/banners-voluntario-400x271.jpg 400w, https:\/\/steam.eus\/wp-content\/uploads\/banners-voluntario-480x325.jpg 480w, https:\/\/steam.eus\/wp-content\/uploads\/banners-voluntario-550x372.jpg 550w\" data-src=\"https:\/\/steam.eus\/wp-content\/uploads\/banners-voluntario.jpg\"><\/div><\/div><div class=\"g-cols wpb_row us_custom_8461e426 via_flex valign_top type_default\"><div class=\"vc_col-sm-12 wpb_column vc_column_container\"><div class=\"vc_column-inner\"><div class=\"wpb_wrapper\"><div class=\"wpb_text_column us_custom_7b1c4c92 has_text_color\"><div class=\"wpb_wrapper\"><h3>Soy una persona voluntaria<\/h3>\n<\/div><\/div><\/div><\/div><\/div><\/div><div class=\"wpb_text_column us_custom_3d269516\"><div class=\"wpb_wrapper\"><p>Participa en los programas:<\/p>\n<ul>\n<li><a href=\"https:\/\/www.innobasque.eus\/educacion-steam\/first-lego-league-euskadi\/\" target=\"_blank\" rel=\"noopener\"><b><i>FIRST <\/i><\/b><b>LEGO League Euskadi<\/b><\/a>.<\/li>\n<li><a href=\"https:\/\/inspirasteam.net\/\" target=\"_blank\" rel=\"noopener\"><b>Inspira STEAM<\/b><\/a>.<\/li>\n<li><a href=\"https:\/\/zientzia-azoka.elhuyar.eus\/eu\" target=\"_blank\" rel=\"noopener\"><b>Zientzia Azoka<\/b><\/a>.<\/li>\n<\/ul>\n<\/div><\/div><\/div><\/div><\/div><\/div><\/div><\/section>\n","protected":false},"excerpt":{"rendered":"\u00bfC\u00f3mo participar?Soy un centro educativo Inscr\u00edbete en el cat\u00e1logo de actividad STEAM Sare. Presenta iniciativas en los\u00a0premios STEAM Euskadi Sariak. Inscr\u00edbete en las\u00a0STEAM Euskadi Topaketak. Soy una entidad Oferta una actividad en el cat\u00e1logo STEAM Sare. Inscribe a tus profesionales STEM en actividades STEAM. Presenta iniciativas en los\u00a0premios STEAM Euskadi Sariak. Inscr\u00edbete en las\u00a0STEAM Euskadi...","protected":false},"author":1,"featured_media":9797,"parent":0,"menu_order":0,"comment_status":"closed","ping_status":"closed","template":"","meta":{"_acf_changed":false,"footnotes":""},"class_list":["post-9496","page","type-page","status-publish","has-post-thumbnail","hentry"],"acf":[],"yoast_head":"<!-- This site is optimized with the Yoast SEO plugin v24.9 - https:\/\/yoast.com\/wordpress\/plugins\/seo\/ -->\n<title>\u00bfC\u00f3mo participar? - Steam Euskadi<\/title>\n<meta name=\"robots\" content=\"index, follow, max-snippet:-1, max-image-preview:large, max-video-preview:-1\" \/>\n<link rel=\"canonical\" href=\"https:\/\/steam.eus\/es\/como-participar\/\" \/>\n<meta property=\"og:locale\" content=\"es_ES\" \/>\n<meta property=\"og:type\" content=\"article\" \/>\n<meta property=\"og:title\" content=\"\u00bfC\u00f3mo participar? - Steam Euskadi\" \/>\n<meta property=\"og:url\" content=\"https:\/\/steam.eus\/es\/como-participar\/\" \/>\n<meta property=\"og:site_name\" content=\"Steam Euskadi\" \/>\n<meta property=\"article:modified_time\" content=\"2024-07-24T08:11:03+00:00\" \/>\n<meta property=\"og:image\" content=\"https:\/\/steam.eus\/wp-content\/uploads\/cabeceras-participar.jpg\" \/>\n\t<meta property=\"og:image:width\" content=\"1850\" \/>\n\t<meta property=\"og:image:height\" content=\"650\" \/>\n\t<meta property=\"og:image:type\" content=\"image\/jpeg\" \/>\n<meta name=\"twitter:card\" content=\"summary_large_image\" \/>\n<meta name=\"twitter:label1\" content=\"Tiempo de lectura\" \/>\n\t<meta name=\"twitter:data1\" content=\"1 minuto\" \/>\n<script type=\"application\/ld+json\" class=\"yoast-schema-graph\">{\"@context\":\"https:\/\/schema.org\",\"@graph\":[{\"@type\":\"WebPage\",\"@id\":\"https:\/\/steam.eus\/es\/como-participar\/\",\"url\":\"https:\/\/steam.eus\/es\/como-participar\/\",\"name\":\"\u00bfC\u00f3mo participar? - Steam Euskadi\",\"isPartOf\":{\"@id\":\"https:\/\/steam.eus\/es\/#website\"},\"primaryImageOfPage\":{\"@id\":\"https:\/\/steam.eus\/es\/como-participar\/#primaryimage\"},\"image\":{\"@id\":\"https:\/\/steam.eus\/es\/como-participar\/#primaryimage\"},\"thumbnailUrl\":\"https:\/\/steam.eus\/wp-content\/uploads\/cabeceras-participar.jpg\",\"datePublished\":\"2024-04-30T11:30:15+00:00\",\"dateModified\":\"2024-07-24T08:11:03+00:00\",\"inLanguage\":\"es\",\"potentialAction\":[{\"@type\":\"ReadAction\",\"target\":[\"https:\/\/steam.eus\/es\/como-participar\/\"]}]},{\"@type\":\"ImageObject\",\"inLanguage\":\"es\",\"@id\":\"https:\/\/steam.eus\/es\/como-participar\/#primaryimage\",\"url\":\"https:\/\/steam.eus\/wp-content\/uploads\/cabeceras-participar.jpg\",\"contentUrl\":\"https:\/\/steam.eus\/wp-content\/uploads\/cabeceras-participar.jpg\",\"width\":1850,\"height\":650},{\"@type\":\"WebSite\",\"@id\":\"https:\/\/steam.eus\/es\/#website\",\"url\":\"https:\/\/steam.eus\/es\/\",\"name\":\"Steam Euskadi\",\"description\":\"\",\"potentialAction\":[{\"@type\":\"SearchAction\",\"target\":{\"@type\":\"EntryPoint\",\"urlTemplate\":\"https:\/\/steam.eus\/es\/?s={search_term_string}\"},\"query-input\":{\"@type\":\"PropertyValueSpecification\",\"valueRequired\":true,\"valueName\":\"search_term_string\"}}],\"inLanguage\":\"es\"}]}<\/script>\n<!-- \/ Yoast SEO plugin. -->","yoast_head_json":{"title":"\u00bfC\u00f3mo participar? - Steam Euskadi","robots":{"index":"index","follow":"follow","max-snippet":"max-snippet:-1","max-image-preview":"max-image-preview:large","max-video-preview":"max-video-preview:-1"},"canonical":"https:\/\/steam.eus\/es\/como-participar\/","og_locale":"es_ES","og_type":"article","og_title":"\u00bfC\u00f3mo participar? - Steam Euskadi","og_url":"https:\/\/steam.eus\/es\/como-participar\/","og_site_name":"Steam Euskadi","article_modified_time":"2024-07-24T08:11:03+00:00","og_image":[{"width":1850,"height":650,"url":"https:\/\/steam.eus\/wp-content\/uploads\/cabeceras-participar.jpg","type":"image\/jpeg"}],"twitter_card":"summary_large_image","twitter_misc":{"Tiempo de lectura":"1 minuto"},"schema":{"@context":"https:\/\/schema.org","@graph":[{"@type":"WebPage","@id":"https:\/\/steam.eus\/es\/como-participar\/","url":"https:\/\/steam.eus\/es\/como-participar\/","name":"\u00bfC\u00f3mo participar? - Steam Euskadi","isPartOf":{"@id":"https:\/\/steam.eus\/es\/#website"},"primaryImageOfPage":{"@id":"https:\/\/steam.eus\/es\/como-participar\/#primaryimage"},"image":{"@id":"https:\/\/steam.eus\/es\/como-participar\/#primaryimage"},"thumbnailUrl":"https:\/\/steam.eus\/wp-content\/uploads\/cabeceras-participar.jpg","datePublished":"2024-04-30T11:30:15+00:00","dateModified":"2024-07-24T08:11:03+00:00","inLanguage":"es","potentialAction":[{"@type":"ReadAction","target":["https:\/\/steam.eus\/es\/como-participar\/"]}]},{"@type":"ImageObject","inLanguage":"es","@id":"https:\/\/steam.eus\/es\/como-participar\/#primaryimage","url":"https:\/\/steam.eus\/wp-content\/uploads\/cabeceras-participar.jpg","contentUrl":"https:\/\/steam.eus\/wp-content\/uploads\/cabeceras-participar.jpg","width":1850,"height":650},{"@type":"WebSite","@id":"https:\/\/steam.eus\/es\/#website","url":"https:\/\/steam.eus\/es\/","name":"Steam Euskadi","description":"","potentialAction":[{"@type":"SearchAction","target":{"@type":"EntryPoint","urlTemplate":"https:\/\/steam.eus\/es\/?s={search_term_string}"},"query-input":{"@type":"PropertyValueSpecification","valueRequired":true,"valueName":"search_term_string"}}],"inLanguage":"es"}]}},"_links":{"self":[{"href":"https:\/\/steam.eus\/es\/wp-json\/wp\/v2\/pages\/9496","targetHints":{"allow":["GET"]}}],"collection":[{"href":"https:\/\/steam.eus\/es\/wp-json\/wp\/v2\/pages"}],"about":[{"href":"https:\/\/steam.eus\/es\/wp-json\/wp\/v2\/types\/page"}],"author":[{"embeddable":true,"href":"https:\/\/steam.eus\/es\/wp-json\/wp\/v2\/users\/1"}],"replies":[{"embeddable":true,"href":"https:\/\/steam.eus\/es\/wp-json\/wp\/v2\/comments?post=9496"}],"version-history":[{"count":55,"href":"https:\/\/steam.eus\/es\/wp-json\/wp\/v2\/pages\/9496\/revisions"}],"predecessor-version":[{"id":10454,"href":"https:\/\/steam.eus\/es\/wp-json\/wp\/v2\/pages\/9496\/revisions\/10454"}],"wp:featuredmedia":[{"embeddable":true,"href":"https:\/\/steam.eus\/es\/wp-json\/wp\/v2\/media\/9797"}],"wp:attachment":[{"href":"https:\/\/steam.eus\/es\/wp-json\/wp\/v2\/media?parent=9496"}],"curies":[{"name":"wp","href":"https:\/\/api.w.org\/{rel}","templated":true}]}}