{"id":9728,"date":"2024-05-14T14:57:32","date_gmt":"2024-05-14T14:57:32","guid":{"rendered":"https:\/\/steam.eus\/?page_id=9728"},"modified":"2025-08-29T06:29:27","modified_gmt":"2025-08-29T06:29:27","slug":"programa-etorkizuna-argitzen","status":"publish","type":"page","link":"https:\/\/steam.eus\/es\/orientacion-profesional\/programa-etorkizuna-argitzen\/","title":{"rendered":"GALAXIA &#8211; ETORKIZUNA ARGITZEN"},"content":{"rendered":"<section class=\"l-section wpb_row height_large color_primary\"><div class=\"l-section-overlay\" style=\"background:rgba(0,0,0,0.45)\"><\/div><div class=\"l-section-h i-cf\"><div class=\"g-cols via_flex valign_middle type_default\"><div class=\"vc_col-sm-12 wpb_column vc_column_container\"><div class=\"vc_column-inner\"><div class=\"wpb_wrapper\"><h1 class=\"w-post-elm post_title align_center entry-title color_link_inherit\">GALAXIA \u2013 ETORKIZUNA ARGITZEN<\/h1><\/div><\/div><\/div><\/div><\/div><\/section><section class=\"l-section wpb_row height_small\"><div class=\"l-section-h i-cf\"><div class=\"g-cols via_flex valign_top type_default\"><div class=\"vc_col-sm-12 wpb_column vc_column_container\"><div class=\"vc_column-inner\"><div class=\"wpb_wrapper\"><div class=\"wpb_text_column us_custom_4340e7cf\"><div class=\"wpb_wrapper\"><h2>\u00a1Ad\u00e9ntrate en la GALAXIA-Etorkizuna Argitzen!<\/h2>\n<p>Un programa que tiene como objetivo facilitar la orientaci\u00f3n profesional de los y las j\u00f3venes, de entre 14 y 17 a\u00f1os, en las \u00e1reas cient\u00edfico-tecnol\u00f3gicas. Queremos dar a conocer los \u00e1mbitos profesionales y las profesiones que en un futuro podr\u00e1n desarrollar en estas \u00e1reas. Todo ello guiado por las personas orientadoras de los centros educativos, llevando a profesionales STEM de diversos \u00e1mbitos y disciplinas a las aulas, y con un conjunto de interesantes recursos que ponemos a vuestra disposici\u00f3n.<\/p>\n<p><strong>Si quer\u00e9is participar, a continuaci\u00f3n os mostramos c\u00f3mo.<\/strong><\/p>\n<\/div><\/div><\/div><\/div><\/div><\/div><\/div><\/section><section class=\"l-section wpb_row us_custom_5a517404 height_small\"><div class=\"l-section-h i-cf\"><div class=\"g-cols via_flex valign_top type_default\"><div class=\"vc_col-sm-3 wpb_column vc_column_container\"><div class=\"vc_column-inner\"><div class=\"wpb_wrapper\"><\/div><\/div><\/div><div class=\"vc_col-sm-6 wpb_column vc_column_container\"><div class=\"vc_column-inner\"><div class=\"wpb_wrapper\"><div class=\"wpb_text_column us_custom_4340e7cf\"><div class=\"wpb_wrapper\"><p><iframe loading=\"lazy\" title=\"GALAXIA STEAM (castellano)\" width=\"640\" height=\"360\" src=\"https:\/\/www.youtube.com\/embed\/tl5AWTb5Fpw?feature=oembed\" frameborder=\"0\" allow=\"accelerometer; autoplay; clipboard-write; encrypted-media; gyroscope; picture-in-picture; web-share\" referrerpolicy=\"strict-origin-when-cross-origin\" allowfullscreen><\/iframe><\/p>\n<\/div><\/div><\/div><\/div><\/div><div class=\"vc_col-sm-3 wpb_column vc_column_container\"><div class=\"vc_column-inner\"><div class=\"wpb_wrapper\"><\/div><\/div><\/div><\/div><\/div><\/section><section class=\"l-section wpb_row us_custom_b6a72ce1 height_small\"><div class=\"l-section-h i-cf\"><div class=\"g-cols via_flex valign_top type_default\"><div class=\"vc_col-sm-12 wpb_column vc_column_container\"><div class=\"vc_column-inner\"><div class=\"wpb_wrapper\"><div class=\"g-cols wpb_row via_flex valign_top type_default\"><div class=\"vc_col-sm-6 wpb_column vc_column_container\"><div class=\"vc_column-inner\"><div class=\"wpb_wrapper\"><div class=\"w-ibanner banner4 animation_phorcys ratio_3x2 easing_ease\"><div class=\"w-ibanner-h\"><div class=\"w-ibanner-image\" style=\"background-image: url(https:\/\/steam.eus\/wp-content\/uploads\/banners-microscopio.jpg)\"><\/div><div class=\"w-ibanner-content\"><div class=\"w-ibanner-content-h\"><h3 class=\"w-ibanner-title\">Soy centro educativo<\/h3><div class=\"w-ibanner-desc\"><\/div><\/div><\/div><\/div><a title=\"Jornadas de orientaci\u00f3n profesional\" target=\"_blank\" href=\"https:\/\/steam.eus\/es\/orientacion-profesional\/programa-etorkizuna-argitzen\/para-centros-educativos\/\" rel=\"noopener\" aria-label=\"Soy centro educativo\"><\/a><\/div><\/div><\/div><\/div><div class=\"vc_col-sm-6 wpb_column vc_column_container\"><div class=\"vc_column-inner\"><div class=\"wpb_wrapper\"><div class=\"w-ibanner banner4 animation_phorcys ratio_3x2 easing_ease\"><div class=\"w-ibanner-h\"><div class=\"w-ibanner-image\" style=\"background-image: url(https:\/\/steam.eus\/wp-content\/uploads\/banners-profesionales.jpg)\"><\/div><div class=\"w-ibanner-content\"><div class=\"w-ibanner-content-h\"><h3 class=\"w-ibanner-title\">Soy entidad o profesional STEM<\/h3><div class=\"w-ibanner-desc\"><\/div><\/div><\/div><\/div><a title=\"Profesiones STEM\" target=\"_blank\" href=\"https:\/\/steam.eus\/es\/orientacion-profesional\/programa-etorkizuna-argitzen\/para-entidades-y-profesionales-stem\/\" rel=\"noopener\" aria-label=\"Soy entidad o profesional STEM\"><\/a><\/div><\/div><\/div><\/div><\/div><div class=\"g-cols wpb_row us_custom_231a90c7 via_flex valign_middle type_default\"><div class=\"vc_col-sm-12 wpb_column vc_column_container\"><div class=\"vc_column-inner\"><div class=\"wpb_wrapper\"><div class=\"wpb_text_column\"><div class=\"wpb_wrapper\"><p style=\"text-align: center;\"><strong>INFORMACI\u00d3N DE CONTACTO:\u00a0 <\/strong><a href=\"mailto:etorkizuna-argitzen@deusto.eus\"><strong>etorkizuna-argitzen@deusto.eus<\/strong><\/a><\/p>\n<\/div><\/div><\/div><\/div><\/div><\/div><\/div><\/div><\/div><\/div><\/div><\/section><section class=\"l-section wpb_row us_custom_0912f6b5 height_medium\"><div class=\"l-section-h i-cf\"><div class=\"g-cols via_flex valign_top type_default\"><div class=\"vc_col-sm-12 wpb_column vc_column_container\"><div class=\"vc_column-inner\"><div class=\"wpb_wrapper\"><div class=\"w-image align_none\"><div class=\"w-image-h\"><img width=\"1200\" height=\"150\" class=\"attachment-full size-full lazyload\" alt=\"\" sizes=\"(max-width: 1200px) 100vw, 1200px\" data-srcset=\"https:\/\/steam.eus\/wp-content\/uploads\/logos-etorkizuna.jpg 1200w, https:\/\/steam.eus\/wp-content\/uploads\/logos-etorkizuna-150x19.jpg 150w, https:\/\/steam.eus\/wp-content\/uploads\/logos-etorkizuna-300x38.jpg 300w, https:\/\/steam.eus\/wp-content\/uploads\/logos-etorkizuna-400x50.jpg 400w, https:\/\/steam.eus\/wp-content\/uploads\/logos-etorkizuna-480x60.jpg 480w, https:\/\/steam.eus\/wp-content\/uploads\/logos-etorkizuna-550x69.jpg 550w, https:\/\/steam.eus\/wp-content\/uploads\/logos-etorkizuna-768x96.jpg 768w, https:\/\/steam.eus\/wp-content\/uploads\/logos-etorkizuna-992x124.jpg 992w\" data-src=\"https:\/\/steam.eus\/wp-content\/uploads\/logos-etorkizuna.jpg\"><\/div><\/div><\/div><\/div><\/div><\/div><\/div><\/section>\n","protected":false},"excerpt":{"rendered":"GALAXIA &#8211; ETORKIZUNA ARGITZEN\u00a1Ad\u00e9ntrate en la GALAXIA-Etorkizuna Argitzen! Un programa que tiene como objetivo facilitar la orientaci\u00f3n profesional de los y las j\u00f3venes, de entre 14 y 17 a\u00f1os, en las \u00e1reas cient\u00edfico-tecnol\u00f3gicas. Queremos dar a conocer los \u00e1mbitos profesionales y las profesiones que en un futuro podr\u00e1n desarrollar en estas \u00e1reas. Todo ello guiado...","protected":false},"author":1,"featured_media":9730,"parent":9484,"menu_order":5,"comment_status":"closed","ping_status":"closed","template":"","meta":{"_acf_changed":false,"footnotes":""},"class_list":["post-9728","page","type-page","status-publish","has-post-thumbnail","hentry"],"acf":[],"yoast_head":"<!-- This site is optimized with the Yoast SEO plugin v24.9 - https:\/\/yoast.com\/wordpress\/plugins\/seo\/ -->\n<title>GALAXIA - ETORKIZUNA ARGITZEN - Steam Euskadi<\/title>\n<meta name=\"robots\" content=\"index, follow, max-snippet:-1, max-image-preview:large, max-video-preview:-1\" \/>\n<link rel=\"canonical\" href=\"https:\/\/steam.eus\/es\/orientacion-profesional\/programa-etorkizuna-argitzen\/\" \/>\n<meta property=\"og:locale\" content=\"es_ES\" \/>\n<meta property=\"og:type\" content=\"article\" \/>\n<meta property=\"og:title\" content=\"GALAXIA - ETORKIZUNA ARGITZEN - Steam Euskadi\" \/>\n<meta property=\"og:url\" content=\"https:\/\/steam.eus\/es\/orientacion-profesional\/programa-etorkizuna-argitzen\/\" \/>\n<meta property=\"og:site_name\" content=\"Steam Euskadi\" \/>\n<meta property=\"article:modified_time\" content=\"2025-08-29T06:29:27+00:00\" \/>\n<meta property=\"og:image\" content=\"https:\/\/steam.eus\/wp-content\/uploads\/cabecera-etorkizuna-argitzen.jpg\" \/>\n\t<meta property=\"og:image:width\" content=\"1850\" \/>\n\t<meta property=\"og:image:height\" content=\"650\" \/>\n\t<meta property=\"og:image:type\" content=\"image\/jpeg\" \/>\n<meta name=\"twitter:card\" content=\"summary_large_image\" \/>\n<meta name=\"twitter:label1\" content=\"Tiempo de lectura\" \/>\n\t<meta name=\"twitter:data1\" content=\"1 minuto\" \/>\n<script type=\"application\/ld+json\" class=\"yoast-schema-graph\">{\"@context\":\"https:\/\/schema.org\",\"@graph\":[{\"@type\":\"WebPage\",\"@id\":\"https:\/\/steam.eus\/es\/orientacion-profesional\/programa-etorkizuna-argitzen\/\",\"url\":\"https:\/\/steam.eus\/es\/orientacion-profesional\/programa-etorkizuna-argitzen\/\",\"name\":\"GALAXIA - ETORKIZUNA ARGITZEN - Steam Euskadi\",\"isPartOf\":{\"@id\":\"https:\/\/steam.eus\/es\/#website\"},\"primaryImageOfPage\":{\"@id\":\"https:\/\/steam.eus\/es\/orientacion-profesional\/programa-etorkizuna-argitzen\/#primaryimage\"},\"image\":{\"@id\":\"https:\/\/steam.eus\/es\/orientacion-profesional\/programa-etorkizuna-argitzen\/#primaryimage\"},\"thumbnailUrl\":\"https:\/\/steam.eus\/wp-content\/uploads\/cabecera-etorkizuna-argitzen.jpg\",\"datePublished\":\"2024-05-14T14:57:32+00:00\",\"dateModified\":\"2025-08-29T06:29:27+00:00\",\"breadcrumb\":{\"@id\":\"https:\/\/steam.eus\/es\/orientacion-profesional\/programa-etorkizuna-argitzen\/#breadcrumb\"},\"inLanguage\":\"es\",\"potentialAction\":[{\"@type\":\"ReadAction\",\"target\":[\"https:\/\/steam.eus\/es\/orientacion-profesional\/programa-etorkizuna-argitzen\/\"]}]},{\"@type\":\"ImageObject\",\"inLanguage\":\"es\",\"@id\":\"https:\/\/steam.eus\/es\/orientacion-profesional\/programa-etorkizuna-argitzen\/#primaryimage\",\"url\":\"https:\/\/steam.eus\/wp-content\/uploads\/cabecera-etorkizuna-argitzen.jpg\",\"contentUrl\":\"https:\/\/steam.eus\/wp-content\/uploads\/cabecera-etorkizuna-argitzen.jpg\",\"width\":1850,\"height\":650},{\"@type\":\"BreadcrumbList\",\"@id\":\"https:\/\/steam.eus\/es\/orientacion-profesional\/programa-etorkizuna-argitzen\/#breadcrumb\",\"itemListElement\":[{\"@type\":\"ListItem\",\"position\":1,\"name\":\"Orientaci\u00f3n Profesional\",\"item\":\"https:\/\/steam.eus\/es\/orientacion-profesional\/\"},{\"@type\":\"ListItem\",\"position\":2,\"name\":\"GALAXIA &#8211; ETORKIZUNA ARGITZEN\"}]},{\"@type\":\"WebSite\",\"@id\":\"https:\/\/steam.eus\/es\/#website\",\"url\":\"https:\/\/steam.eus\/es\/\",\"name\":\"Steam Euskadi\",\"description\":\"\",\"potentialAction\":[{\"@type\":\"SearchAction\",\"target\":{\"@type\":\"EntryPoint\",\"urlTemplate\":\"https:\/\/steam.eus\/es\/?s={search_term_string}\"},\"query-input\":{\"@type\":\"PropertyValueSpecification\",\"valueRequired\":true,\"valueName\":\"search_term_string\"}}],\"inLanguage\":\"es\"}]}<\/script>\n<!-- \/ Yoast SEO plugin. -->","yoast_head_json":{"title":"GALAXIA - ETORKIZUNA ARGITZEN - Steam Euskadi","robots":{"index":"index","follow":"follow","max-snippet":"max-snippet:-1","max-image-preview":"max-image-preview:large","max-video-preview":"max-video-preview:-1"},"canonical":"https:\/\/steam.eus\/es\/orientacion-profesional\/programa-etorkizuna-argitzen\/","og_locale":"es_ES","og_type":"article","og_title":"GALAXIA - ETORKIZUNA ARGITZEN - Steam Euskadi","og_url":"https:\/\/steam.eus\/es\/orientacion-profesional\/programa-etorkizuna-argitzen\/","og_site_name":"Steam Euskadi","article_modified_time":"2025-08-29T06:29:27+00:00","og_image":[{"width":1850,"height":650,"url":"https:\/\/steam.eus\/wp-content\/uploads\/cabecera-etorkizuna-argitzen.jpg","type":"image\/jpeg"}],"twitter_card":"summary_large_image","twitter_misc":{"Tiempo de lectura":"1 minuto"},"schema":{"@context":"https:\/\/schema.org","@graph":[{"@type":"WebPage","@id":"https:\/\/steam.eus\/es\/orientacion-profesional\/programa-etorkizuna-argitzen\/","url":"https:\/\/steam.eus\/es\/orientacion-profesional\/programa-etorkizuna-argitzen\/","name":"GALAXIA - ETORKIZUNA ARGITZEN - Steam Euskadi","isPartOf":{"@id":"https:\/\/steam.eus\/es\/#website"},"primaryImageOfPage":{"@id":"https:\/\/steam.eus\/es\/orientacion-profesional\/programa-etorkizuna-argitzen\/#primaryimage"},"image":{"@id":"https:\/\/steam.eus\/es\/orientacion-profesional\/programa-etorkizuna-argitzen\/#primaryimage"},"thumbnailUrl":"https:\/\/steam.eus\/wp-content\/uploads\/cabecera-etorkizuna-argitzen.jpg","datePublished":"2024-05-14T14:57:32+00:00","dateModified":"2025-08-29T06:29:27+00:00","breadcrumb":{"@id":"https:\/\/steam.eus\/es\/orientacion-profesional\/programa-etorkizuna-argitzen\/#breadcrumb"},"inLanguage":"es","potentialAction":[{"@type":"ReadAction","target":["https:\/\/steam.eus\/es\/orientacion-profesional\/programa-etorkizuna-argitzen\/"]}]},{"@type":"ImageObject","inLanguage":"es","@id":"https:\/\/steam.eus\/es\/orientacion-profesional\/programa-etorkizuna-argitzen\/#primaryimage","url":"https:\/\/steam.eus\/wp-content\/uploads\/cabecera-etorkizuna-argitzen.jpg","contentUrl":"https:\/\/steam.eus\/wp-content\/uploads\/cabecera-etorkizuna-argitzen.jpg","width":1850,"height":650},{"@type":"BreadcrumbList","@id":"https:\/\/steam.eus\/es\/orientacion-profesional\/programa-etorkizuna-argitzen\/#breadcrumb","itemListElement":[{"@type":"ListItem","position":1,"name":"Orientaci\u00f3n Profesional","item":"https:\/\/steam.eus\/es\/orientacion-profesional\/"},{"@type":"ListItem","position":2,"name":"GALAXIA &#8211; ETORKIZUNA ARGITZEN"}]},{"@type":"WebSite","@id":"https:\/\/steam.eus\/es\/#website","url":"https:\/\/steam.eus\/es\/","name":"Steam Euskadi","description":"","potentialAction":[{"@type":"SearchAction","target":{"@type":"EntryPoint","urlTemplate":"https:\/\/steam.eus\/es\/?s={search_term_string}"},"query-input":{"@type":"PropertyValueSpecification","valueRequired":true,"valueName":"search_term_string"}}],"inLanguage":"es"}]}},"_links":{"self":[{"href":"https:\/\/steam.eus\/es\/wp-json\/wp\/v2\/pages\/9728","targetHints":{"allow":["GET"]}}],"collection":[{"href":"https:\/\/steam.eus\/es\/wp-json\/wp\/v2\/pages"}],"about":[{"href":"https:\/\/steam.eus\/es\/wp-json\/wp\/v2\/types\/page"}],"author":[{"embeddable":true,"href":"https:\/\/steam.eus\/es\/wp-json\/wp\/v2\/users\/1"}],"replies":[{"embeddable":true,"href":"https:\/\/steam.eus\/es\/wp-json\/wp\/v2\/comments?post=9728"}],"version-history":[{"count":34,"href":"https:\/\/steam.eus\/es\/wp-json\/wp\/v2\/pages\/9728\/revisions"}],"predecessor-version":[{"id":12052,"href":"https:\/\/steam.eus\/es\/wp-json\/wp\/v2\/pages\/9728\/revisions\/12052"}],"up":[{"embeddable":true,"href":"https:\/\/steam.eus\/es\/wp-json\/wp\/v2\/pages\/9484"}],"wp:featuredmedia":[{"embeddable":true,"href":"https:\/\/steam.eus\/es\/wp-json\/wp\/v2\/media\/9730"}],"wp:attachment":[{"href":"https:\/\/steam.eus\/es\/wp-json\/wp\/v2\/media?parent=9728"}],"curies":[{"name":"wp","href":"https:\/\/api.w.org\/{rel}","templated":true}]}}